{"id":90,"date":"2019-03-05T22:24:24","date_gmt":"2019-03-05T21:24:24","guid":{"rendered":"http:\/\/constanceluzzati.com\/?page_id=90"},"modified":"2021-01-24T07:16:42","modified_gmt":"2021-01-24T06:16:42","slug":"notes-de-programme-et-articles","status":"publish","type":"page","link":"https:\/\/constanceluzzati.com\/index.php\/notes-de-programme-et-articles\/","title":{"rendered":"Notes de programme et articles"},"content":{"rendered":"\n<p class=\"has-black-color has-text-color has-background has-medium-font-size\" style=\"background-color:#c3dbef\">Musique ancienne, textes<\/p>\n\n\n\n<p><a href=\"http:\/\/constanceluzzati.com\/index.php\/2019\/07\/14\/lagrime-di-san-pietro\/\">Lassus, Lagrime di san Pietro<\/a><\/p>\n\n\n\n<p><a href=\"http:\/\/constanceluzzati.com\/index.php\/2019\/03\/07\/claude-goudimel\/\">Claude Goudimel<\/a><\/p>\n\n\n\n<p><a href=\"http:\/\/constanceluzzati.com\/index.php\/2019\/03\/07\/membra-jesu-nostri\/\">Buxtehude, Membra Jesu Nostri<\/a><\/p>\n\n\n\n<p><a href=\"http:\/\/constanceluzzati.com\/index.php\/2019\/03\/05\/dixit-dominus\/\">Dixit Dominus : Haendel, Galuppi et Vivaldi<\/a><\/p>\n\n\n\n<p><a href=\"http:\/\/constanceluzzati.com\/index.php\/2019\/12\/28\/le-salon-des-miroirs\/\">Le Salon des Miroirs<\/a> (Couperin, Rameau, Leclair, Francoeur)<\/p>\n\n\n\n<p><a href=\"http:\/\/constanceluzzati.com\/index.php\/2019\/11\/16\/le-clavecin-francais-sous-les-doigts-dalexandre-tharaud\/\">Le clavecin fran\u00e7ais sous les doigts d&rsquo;Alexandre Tharaud <\/a>(Couperin, Rameau, Lully, Royer, Duphly)<\/p>\n\n\n\n<p><a href=\"http:\/\/constanceluzzati.com\/index.php\/2019\/11\/17\/versailles-reve\/\">Versailles r\u00eav\u00e9<\/a> (Couperin, Rameau, Ravel, Debussy, Hahn&#8230;)<\/p>\n\n\n\n<div style=\"height:100px\" aria-hidden=\"true\" class=\"wp-block-spacer\"><\/div>\n\n\n\n<p class=\"has-background has-medium-font-size\" style=\"background-color:#c3dbef\">Harpe, textes<\/p>\n\n\n\n<p><a href=\"http:\/\/constanceluzzati.com\/index.php\/2019\/03\/07\/belle-epoque\/\">Belle \u00e9poque<\/a><\/p>\n\n\n\n<p><a href=\"http:\/\/constanceluzzati.com\/index.php\/2019\/03\/06\/lelaboration-du-repertoire-idiomatique-de-la-harpe-un-chemin-trace-par-la-virtuosite\/\">L&rsquo;\u00e9laboration du r\u00e9pertoire idiomatique de la harpe : un chemin trac\u00e9 par la virtuosit\u00e9<\/a><\/p>\n\n\n\n<div style=\"height:100px\" aria-hidden=\"true\" class=\"wp-block-spacer\"><\/div>\n\n\n\n<p class=\"has-background has-medium-font-size\" style=\"background-color:#c3dbef\">Musiques des XIX\u00e8me au XXI\u00e8me si\u00e8cles<\/p>\n\n\n\n<p><a href=\"http:\/\/constanceluzzati.com\/index.php\/2020\/02\/27\/laccordeon-de-bach-a-piazzolla\/\">L&rsquo;accord\u00e9on, de Bach \u00e0 Piazzola<\/a><\/p>\n\n\n\n<p><a href=\"http:\/\/constanceluzzati.com\/index.php\/2019\/06\/03\/hymne-a-la-joie-hymne-europeen\/\">Hymne \u00e0 la joie, hymne europ\u00e9en<\/a><\/p>\n\n\n\n<p><a href=\"http:\/\/constanceluzzati.com\/index.php\/2019\/04\/09\/musiques-americaines-barber-bernstein-copland-reich\/\">Musiques am\u00e9ricaines : Barber, Bernstein, Copland, Reich<\/a><\/p>\n\n\n\n<p><a href=\"http:\/\/constanceluzzati.com\/index.php\/2019\/04\/08\/rencontre-du-lied-romantique-avec-le-xxieme-siecle-schubert-cavanna-hersant-en-trio-pour-violon-violoncelle-et-accordeon\/\">Rencontre du Lied romantique avec le XXI\u00e8me si\u00e8cle <\/a>(Schubert, Cavanna, Hersant)<\/p>\n","protected":false},"excerpt":{"rendered":"<p>Musique ancienne, textes Lassus, Lagrime di san Pietro Claude Goudimel Buxtehude, Membra Jesu Nostri Dixit Dominus : Haendel, Galuppi et [&hellip;]<\/p>\n","protected":false},"author":1,"featured_media":0,"parent":0,"menu_order":0,"comment_status":"closed","ping_status":"closed","template":"","meta":{"_uag_custom_page_level_css":"","_monsterinsights_skip_tracking":false,"_monsterinsights_sitenote_active":false,"_monsterinsights_sitenote_note":"","_monsterinsights_sitenote_category":0,"site-sidebar-layout":"default","site-content-layout":"","ast-site-content-layout":"","site-content-style":"default","site-sidebar-style":"default","ast-global-header-display":"","ast-banner-title-visibility":"","ast-main-header-display":"","ast-hfb-above-header-display":"","ast-hfb-below-header-display":"","ast-hfb-mobile-header-display":"","site-post-title":"","ast-breadcrumbs-content":"","ast-featured-img":"","footer-sml-layout":"","theme-transparent-header-meta":"","adv-header-id-meta":"","stick-header-meta":"","header-above-stick-meta":"","header-main-stick-meta":"","header-below-stick-meta":"","astra-migrate-meta-layouts":"default","ast-page-background-enabled":"default","ast-page-background-meta":{"desktop":{"background-color":"var(--ast-global-color-4)","background-image":"","background-repeat":"repeat","background-position":"center center","background-size":"auto","background-attachment":"scroll","background-type":"","background-media":"","overlay-type":"","overlay-color":"","overlay-opacity":"","overlay-gradient":""},"tablet":{"background-color":"","background-image":"","background-repeat":"repeat","background-position":"center center","background-size":"auto","background-attachment":"scroll","background-type":"","background-media":"","overlay-type":"","overlay-color":"","overlay-opacity":"","overlay-gradient":""},"mobile":{"background-color":"","background-image":"","background-repeat":"repeat","background-position":"center center","background-size":"auto","background-attachment":"scroll","background-type":"","background-media":"","overlay-type":"","overlay-color":"","overlay-opacity":"","overlay-gradient":""}},"ast-content-background-meta":{"desktop":{"background-color":"var(--ast-global-color-5)","background-image":"","background-repeat":"repeat","background-position":"center center","background-size":"auto","background-attachment":"scroll","background-type":"","background-media":"","overlay-type":"","overlay-color":"","overlay-opacity":"","overlay-gradient":""},"tablet":{"background-color":"var(--ast-global-color-5)","background-image":"","background-repeat":"repeat","background-position":"center center","background-size":"auto","background-attachment":"scroll","background-type":"","background-media":"","overlay-type":"","overlay-color":"","overlay-opacity":"","overlay-gradient":""},"mobile":{"background-color":"var(--ast-global-color-5)","background-image":"","background-repeat":"repeat","background-position":"center center","background-size":"auto","background-attachment":"scroll","background-type":"","background-media":"","overlay-type":"","overlay-color":"","overlay-opacity":"","overlay-gradient":""}},"footnotes":""},"class_list":["post-90","page","type-page","status-publish","hentry"],"yoast_head":"<!-- This site is optimized with the Yoast SEO plugin v25.2 - https:\/\/yoast.com\/wordpress\/plugins\/seo\/ -->\n<title>Notes de programme et articles - Constance Luzzati<\/title>\n<meta name=\"robots\" content=\"index, follow, max-snippet:-1, max-image-preview:large, max-video-preview:-1\" \/>\n<link rel=\"canonical\" href=\"https:\/\/constanceluzzati.com\/index.php\/notes-de-programme-et-articles\/\" \/>\n<meta property=\"og:locale\" content=\"fr_FR\" \/>\n<meta property=\"og:type\" content=\"article\" \/>\n<meta property=\"og:title\" content=\"Notes de programme et articles - Constance Luzzati\" \/>\n<meta property=\"og:description\" content=\"Musique ancienne, textes Lassus, Lagrime di san Pietro Claude Goudimel Buxtehude, Membra Jesu Nostri Dixit Dominus : Haendel, Galuppi et [&hellip;]\" \/>\n<meta property=\"og:url\" content=\"https:\/\/constanceluzzati.com\/index.php\/notes-de-programme-et-articles\/\" \/>\n<meta property=\"og:site_name\" content=\"Constance Luzzati\" \/>\n<meta property=\"article:modified_time\" content=\"2021-01-24T06:16:42+00:00\" \/>\n<meta name=\"twitter:card\" content=\"summary_large_image\" \/>\n<meta name=\"twitter:label1\" content=\"Dur\u00e9e de lecture estim\u00e9e\" \/>\n\t<meta name=\"twitter:data1\" content=\"1 minute\" \/>\n<script type=\"application\/ld+json\" class=\"yoast-schema-graph\">{\"@context\":\"https:\/\/schema.org\",\"@graph\":[{\"@type\":\"WebPage\",\"@id\":\"https:\/\/constanceluzzati.com\/index.php\/notes-de-programme-et-articles\/\",\"url\":\"https:\/\/constanceluzzati.com\/index.php\/notes-de-programme-et-articles\/\",\"name\":\"Notes de programme et articles - Constance Luzzati\",\"isPartOf\":{\"@id\":\"https:\/\/constanceluzzati.com\/#website\"},\"datePublished\":\"2019-03-05T21:24:24+00:00\",\"dateModified\":\"2021-01-24T06:16:42+00:00\",\"breadcrumb\":{\"@id\":\"https:\/\/constanceluzzati.com\/index.php\/notes-de-programme-et-articles\/#breadcrumb\"},\"inLanguage\":\"fr-FR\",\"potentialAction\":[{\"@type\":\"ReadAction\",\"target\":[\"https:\/\/constanceluzzati.com\/index.php\/notes-de-programme-et-articles\/\"]}]},{\"@type\":\"BreadcrumbList\",\"@id\":\"https:\/\/constanceluzzati.com\/index.php\/notes-de-programme-et-articles\/#breadcrumb\",\"itemListElement\":[{\"@type\":\"ListItem\",\"position\":1,\"name\":\"Home\",\"item\":\"https:\/\/constanceluzzati.com\/\"},{\"@type\":\"ListItem\",\"position\":2,\"name\":\"Notes de programme et articles\"}]},{\"@type\":\"WebSite\",\"@id\":\"https:\/\/constanceluzzati.com\/#website\",\"url\":\"https:\/\/constanceluzzati.com\/\",\"name\":\"Constance Luzzati\",\"description\":\"harpiste, musicologue\",\"potentialAction\":[{\"@type\":\"SearchAction\",\"target\":{\"@type\":\"EntryPoint\",\"urlTemplate\":\"https:\/\/constanceluzzati.com\/?s={search_term_string}\"},\"query-input\":{\"@type\":\"PropertyValueSpecification\",\"valueRequired\":true,\"valueName\":\"search_term_string\"}}],\"inLanguage\":\"fr-FR\"}]}<\/script>\n<!-- \/ Yoast SEO plugin. -->","yoast_head_json":{"title":"Notes de programme et articles - Constance Luzzati","robots":{"index":"index","follow":"follow","max-snippet":"max-snippet:-1","max-image-preview":"max-image-preview:large","max-video-preview":"max-video-preview:-1"},"canonical":"https:\/\/constanceluzzati.com\/index.php\/notes-de-programme-et-articles\/","og_locale":"fr_FR","og_type":"article","og_title":"Notes de programme et articles - Constance Luzzati","og_description":"Musique ancienne, textes Lassus, Lagrime di san Pietro Claude Goudimel Buxtehude, Membra Jesu Nostri Dixit Dominus : Haendel, Galuppi et [&hellip;]","og_url":"https:\/\/constanceluzzati.com\/index.php\/notes-de-programme-et-articles\/","og_site_name":"Constance Luzzati","article_modified_time":"2021-01-24T06:16:42+00:00","twitter_card":"summary_large_image","twitter_misc":{"Dur\u00e9e de lecture estim\u00e9e":"1 minute"},"schema":{"@context":"https:\/\/schema.org","@graph":[{"@type":"WebPage","@id":"https:\/\/constanceluzzati.com\/index.php\/notes-de-programme-et-articles\/","url":"https:\/\/constanceluzzati.com\/index.php\/notes-de-programme-et-articles\/","name":"Notes de programme et articles - Constance Luzzati","isPartOf":{"@id":"https:\/\/constanceluzzati.com\/#website"},"datePublished":"2019-03-05T21:24:24+00:00","dateModified":"2021-01-24T06:16:42+00:00","breadcrumb":{"@id":"https:\/\/constanceluzzati.com\/index.php\/notes-de-programme-et-articles\/#breadcrumb"},"inLanguage":"fr-FR","potentialAction":[{"@type":"ReadAction","target":["https:\/\/constanceluzzati.com\/index.php\/notes-de-programme-et-articles\/"]}]},{"@type":"BreadcrumbList","@id":"https:\/\/constanceluzzati.com\/index.php\/notes-de-programme-et-articles\/#breadcrumb","itemListElement":[{"@type":"ListItem","position":1,"name":"Home","item":"https:\/\/constanceluzzati.com\/"},{"@type":"ListItem","position":2,"name":"Notes de programme et articles"}]},{"@type":"WebSite","@id":"https:\/\/constanceluzzati.com\/#website","url":"https:\/\/constanceluzzati.com\/","name":"Constance Luzzati","description":"harpiste, musicologue","potentialAction":[{"@type":"SearchAction","target":{"@type":"EntryPoint","urlTemplate":"https:\/\/constanceluzzati.com\/?s={search_term_string}"},"query-input":{"@type":"PropertyValueSpecification","valueRequired":true,"valueName":"search_term_string"}}],"inLanguage":"fr-FR"}]}},"jetpack_sharing_enabled":true,"uagb_featured_image_src":{"full":false,"thumbnail":false,"medium":false,"medium_large":false,"large":false,"1536x1536":false,"2048x2048":false},"uagb_author_info":{"display_name":"cladmin","author_link":"https:\/\/constanceluzzati.com\/index.php\/author\/cladmin\/"},"uagb_comment_info":0,"uagb_excerpt":"Musique ancienne, textes Lassus, Lagrime di san Pietro Claude Goudimel Buxtehude, Membra Jesu Nostri Dixit Dominus : Haendel, Galuppi et [&hellip;]","_links":{"self":[{"href":"https:\/\/constanceluzzati.com\/index.php\/wp-json\/wp\/v2\/pages\/90"}],"collection":[{"href":"https:\/\/constanceluzzati.com\/index.php\/wp-json\/wp\/v2\/pages"}],"about":[{"href":"https:\/\/constanceluzzati.com\/index.php\/wp-json\/wp\/v2\/types\/page"}],"author":[{"embeddable":true,"href":"https:\/\/constanceluzzati.com\/index.php\/wp-json\/wp\/v2\/users\/1"}],"replies":[{"embeddable":true,"href":"https:\/\/constanceluzzati.com\/index.php\/wp-json\/wp\/v2\/comments?post=90"}],"version-history":[{"count":4,"href":"https:\/\/constanceluzzati.com\/index.php\/wp-json\/wp\/v2\/pages\/90\/revisions"}],"predecessor-version":[{"id":765,"href":"https:\/\/constanceluzzati.com\/index.php\/wp-json\/wp\/v2\/pages\/90\/revisions\/765"}],"wp:attachment":[{"href":"https:\/\/constanceluzzati.com\/index.php\/wp-json\/wp\/v2\/media?parent=90"}],"curies":[{"name":"wp","href":"https:\/\/api.w.org\/{rel}","templated":true}]}}