{"id":708,"date":"2020-12-18T13:28:00","date_gmt":"2020-12-18T12:28:00","guid":{"rendered":"http:\/\/constanceluzzati.com\/?page_id=708"},"modified":"2020-12-18T13:56:04","modified_gmt":"2020-12-18T12:56:04","slug":"la-voliere-magique","status":"publish","type":"page","link":"https:\/\/constanceluzzati.com\/index.php\/la-voliere-magique\/","title":{"rendered":"La Voli\u00e8re magique"},"content":{"rendered":"","protected":true},"excerpt":{"rendered":"","protected":true},"author":1,"featured_media":0,"parent":0,"menu_order":0,"comment_status":"closed","ping_status":"closed","template":"","meta":{"_uag_custom_page_level_css":"","_monsterinsights_skip_tracking":false,"_monsterinsights_sitenote_active":false,"_monsterinsights_sitenote_note":"","_monsterinsights_sitenote_category":0,"site-sidebar-layout":"default","site-content-layout":"","ast-site-content-layout":"","site-content-style":"default","site-sidebar-style":"default","ast-global-header-display":"","ast-banner-title-visibility":"","ast-main-header-display":"","ast-hfb-above-header-display":"","ast-hfb-below-header-display":"","ast-hfb-mobile-header-display":"","site-post-title":"","ast-breadcrumbs-content":"","ast-featured-img":"","footer-sml-layout":"","theme-transparent-header-meta":"","adv-header-id-meta":"","stick-header-meta":"","header-above-stick-meta":"","header-main-stick-meta":"","header-below-stick-meta":"","astra-migrate-meta-layouts":"default","ast-page-background-enabled":"default","ast-page-background-meta":{"desktop":{"background-color":"var(--ast-global-color-4)","background-image":"","background-repeat":"repeat","background-position":"center center","background-size":"auto","background-attachment":"scroll","background-type":"","background-media":"","overlay-type":"","overlay-color":"","overlay-opacity":"","overlay-gradient":""},"tablet":{"background-color":"","background-image":"","background-repeat":"repeat","background-position":"center center","background-size":"auto","background-attachment":"scroll","background-type":"","background-media":"","overlay-type":"","overlay-color":"","overlay-opacity":"","overlay-gradient":""},"mobile":{"background-color":"","background-image":"","background-repeat":"repeat","background-position":"center center","background-size":"auto","background-attachment":"scroll","background-type":"","background-media":"","overlay-type":"","overlay-color":"","overlay-opacity":"","overlay-gradient":""}},"ast-content-background-meta":{"desktop":{"background-color":"var(--ast-global-color-5)","background-image":"","background-repeat":"repeat","background-position":"center center","background-size":"auto","background-attachment":"scroll","background-type":"","background-media":"","overlay-type":"","overlay-color":"","overlay-opacity":"","overlay-gradient":""},"tablet":{"background-color":"var(--ast-global-color-5)","background-image":"","background-repeat":"repeat","background-position":"center center","background-size":"auto","background-attachment":"scroll","background-type":"","background-media":"","overlay-type":"","overlay-color":"","overlay-opacity":"","overlay-gradient":""},"mobile":{"background-color":"var(--ast-global-color-5)","background-image":"","background-repeat":"repeat","background-position":"center center","background-size":"auto","background-attachment":"scroll","background-type":"","background-media":"","overlay-type":"","overlay-color":"","overlay-opacity":"","overlay-gradient":""}},"footnotes":""},"class_list":["post-708","page","type-page","status-publish","post-password-required","hentry"],"yoast_head":"<!-- This site is optimized with the Yoast SEO plugin v25.2 - https:\/\/yoast.com\/wordpress\/plugins\/seo\/ -->\n<title>La Voli\u00e8re magique - Constance Luzzati<\/title>\n<meta name=\"description\" content=\"Plumages, ramages, langages ornithologiques et murmurations animent ce spectacle pour harpe, chor\u00e9graphie a\u00e9rienne, po\u00e8me et textes en prose.\" \/>\n<meta name=\"robots\" content=\"index, follow, max-snippet:-1, max-image-preview:large, max-video-preview:-1\" \/>\n<link rel=\"canonical\" href=\"https:\/\/constanceluzzati.com\/index.php\/la-voliere-magique\/\" \/>\n<meta property=\"og:locale\" content=\"fr_FR\" \/>\n<meta property=\"og:type\" content=\"article\" \/>\n<meta property=\"og:title\" content=\"La Voli\u00e8re magique - Constance Luzzati\" \/>\n<meta property=\"og:description\" content=\"Plumages, ramages, langages ornithologiques et murmurations animent ce spectacle pour harpe, chor\u00e9graphie a\u00e9rienne, po\u00e8me et textes en prose.\" \/>\n<meta property=\"og:url\" content=\"https:\/\/constanceluzzati.com\/index.php\/la-voliere-magique\/\" \/>\n<meta property=\"og:site_name\" content=\"Constance Luzzati\" \/>\n<meta property=\"article:modified_time\" content=\"2020-12-18T12:56:04+00:00\" \/>\n<meta name=\"twitter:card\" content=\"summary_large_image\" \/>\n<meta name=\"twitter:label1\" content=\"Dur\u00e9e de lecture estim\u00e9e\" \/>\n\t<meta name=\"twitter:data1\" content=\"3 minutes\" \/>\n<script type=\"application\/ld+json\" class=\"yoast-schema-graph\">{\"@context\":\"https:\/\/schema.org\",\"@graph\":[{\"@type\":\"WebPage\",\"@id\":\"https:\/\/constanceluzzati.com\/index.php\/la-voliere-magique\/\",\"url\":\"https:\/\/constanceluzzati.com\/index.php\/la-voliere-magique\/\",\"name\":\"La Voli\u00e8re magique - Constance Luzzati\",\"isPartOf\":{\"@id\":\"https:\/\/constanceluzzati.com\/#website\"},\"datePublished\":\"2020-12-18T12:28:00+00:00\",\"dateModified\":\"2020-12-18T12:56:04+00:00\",\"breadcrumb\":{\"@id\":\"https:\/\/constanceluzzati.com\/index.php\/la-voliere-magique\/#breadcrumb\"},\"inLanguage\":\"fr-FR\"},{\"@type\":\"WebSite\",\"@id\":\"https:\/\/constanceluzzati.com\/#website\",\"url\":\"https:\/\/constanceluzzati.com\/\",\"name\":\"Constance Luzzati\",\"description\":\"harpiste, musicologue\",\"potentialAction\":[{\"@type\":\"SearchAction\",\"target\":{\"@type\":\"EntryPoint\",\"urlTemplate\":\"https:\/\/constanceluzzati.com\/?s={search_term_string}\"},\"query-input\":{\"@type\":\"PropertyValueSpecification\",\"valueRequired\":true,\"valueName\":\"search_term_string\"}}],\"inLanguage\":\"fr-FR\"}]}<\/script>\n<!-- \/ Yoast SEO plugin. -->","yoast_head_json":{"title":"La Voli\u00e8re magique - Constance Luzzati","description":"Plumages, ramages, langages ornithologiques et murmurations animent ce spectacle pour harpe, chor\u00e9graphie a\u00e9rienne, po\u00e8me et textes en prose.","robots":{"index":"index","follow":"follow","max-snippet":"max-snippet:-1","max-image-preview":"max-image-preview:large","max-video-preview":"max-video-preview:-1"},"canonical":"https:\/\/constanceluzzati.com\/index.php\/la-voliere-magique\/","og_locale":"fr_FR","og_type":"article","og_title":"La Voli\u00e8re magique - Constance Luzzati","og_description":"Plumages, ramages, langages ornithologiques et murmurations animent ce spectacle pour harpe, chor\u00e9graphie a\u00e9rienne, po\u00e8me et textes en prose.","og_url":"https:\/\/constanceluzzati.com\/index.php\/la-voliere-magique\/","og_site_name":"Constance Luzzati","article_modified_time":"2020-12-18T12:56:04+00:00","twitter_card":"summary_large_image","twitter_misc":{"Dur\u00e9e de lecture estim\u00e9e":"3 minutes"},"schema":{"@context":"https:\/\/schema.org","@graph":[{"@type":"WebPage","@id":"https:\/\/constanceluzzati.com\/index.php\/la-voliere-magique\/","url":"https:\/\/constanceluzzati.com\/index.php\/la-voliere-magique\/","name":"La Voli\u00e8re magique - Constance Luzzati","isPartOf":{"@id":"https:\/\/constanceluzzati.com\/#website"},"datePublished":"2020-12-18T12:28:00+00:00","dateModified":"2020-12-18T12:56:04+00:00","breadcrumb":{"@id":"https:\/\/constanceluzzati.com\/index.php\/la-voliere-magique\/#breadcrumb"},"inLanguage":"fr-FR"},{"@type":"WebSite","@id":"https:\/\/constanceluzzati.com\/#website","url":"https:\/\/constanceluzzati.com\/","name":"Constance Luzzati","description":"harpiste, musicologue","potentialAction":[{"@type":"SearchAction","target":{"@type":"EntryPoint","urlTemplate":"https:\/\/constanceluzzati.com\/?s={search_term_string}"},"query-input":{"@type":"PropertyValueSpecification","valueRequired":true,"valueName":"search_term_string"}}],"inLanguage":"fr-FR"}]}},"jetpack_sharing_enabled":true,"uagb_featured_image_src":{"full":false,"thumbnail":false,"medium":false,"medium_large":false,"large":false,"1536x1536":false,"2048x2048":false},"uagb_author_info":{"display_name":"cladmin","author_link":"https:\/\/constanceluzzati.com\/index.php\/author\/cladmin\/"},"uagb_comment_info":0,"uagb_excerpt":"Il n\u2019y a pas d\u2019extrait, car cette publication est prot\u00e9g\u00e9e.","_links":{"self":[{"href":"https:\/\/constanceluzzati.com\/index.php\/wp-json\/wp\/v2\/pages\/708"}],"collection":[{"href":"https:\/\/constanceluzzati.com\/index.php\/wp-json\/wp\/v2\/pages"}],"about":[{"href":"https:\/\/constanceluzzati.com\/index.php\/wp-json\/wp\/v2\/types\/page"}],"author":[{"embeddable":true,"href":"https:\/\/constanceluzzati.com\/index.php\/wp-json\/wp\/v2\/users\/1"}],"replies":[{"embeddable":true,"href":"https:\/\/constanceluzzati.com\/index.php\/wp-json\/wp\/v2\/comments?post=708"}],"version-history":[{"count":11,"href":"https:\/\/constanceluzzati.com\/index.php\/wp-json\/wp\/v2\/pages\/708\/revisions"}],"predecessor-version":[{"id":723,"href":"https:\/\/constanceluzzati.com\/index.php\/wp-json\/wp\/v2\/pages\/708\/revisions\/723"}],"wp:attachment":[{"href":"https:\/\/constanceluzzati.com\/index.php\/wp-json\/wp\/v2\/media?parent=708"}],"curies":[{"name":"wp","href":"https:\/\/api.w.org\/{rel}","templated":true}]}}