{"id":656,"date":"2020-12-08T10:06:45","date_gmt":"2020-12-08T09:06:45","guid":{"rendered":"http:\/\/constanceluzzati.com\/?page_id=656"},"modified":"2020-12-08T10:19:55","modified_gmt":"2020-12-08T09:19:55","slug":"repertoires","status":"publish","type":"page","link":"https:\/\/constanceluzzati.com\/index.php\/repertoires\/","title":{"rendered":"R\u00e9pertoires"},"content":{"rendered":"\n<p class=\"has-medium-font-size\"><a href=\"http:\/\/constanceluzzati.com\/index.php\/repertoire\/musique-ancienne\/\">Musiques anciennes<\/a> et transcriptions du clavecin vers la harpe<\/p>\n\n\n\n<figure class=\"wp-block-gallery columns-1 is-cropped wp-block-gallery-1 is-layout-flex wp-block-gallery-is-layout-flex\"><ul class=\"blocks-gallery-grid\"><li class=\"blocks-gallery-item\"><figure><img loading=\"lazy\" decoding=\"async\" width=\"1024\" height=\"741\" src=\"http:\/\/constanceluzzati.com\/wp-content\/uploads\/2020\/12\/Capture-decran-2020-12-07-a-19.51.11-1024x741.png\" alt=\"\" data-id=\"658\" data-full-url=\"http:\/\/constanceluzzati.com\/wp-content\/uploads\/2020\/12\/Capture-decran-2020-12-07-a-19.51.11.png\" data-link=\"http:\/\/constanceluzzati.com\/?attachment_id=658\" class=\"wp-image-658\" srcset=\"https:\/\/constanceluzzati.com\/wp-content\/uploads\/2020\/12\/Capture-decran-2020-12-07-a-19.51.11-1024x741.png 1024w, https:\/\/constanceluzzati.com\/wp-content\/uploads\/2020\/12\/Capture-decran-2020-12-07-a-19.51.11-300x217.png 300w, https:\/\/constanceluzzati.com\/wp-content\/uploads\/2020\/12\/Capture-decran-2020-12-07-a-19.51.11-768x556.png 768w, https:\/\/constanceluzzati.com\/wp-content\/uploads\/2020\/12\/Capture-decran-2020-12-07-a-19.51.11-600x434.png 600w, https:\/\/constanceluzzati.com\/wp-content\/uploads\/2020\/12\/Capture-decran-2020-12-07-a-19.51.11.png 1352w\" sizes=\"(max-width: 1024px) 100vw, 1024px\" \/><figcaption class=\"blocks-gallery-item__caption\">Jean Philippe Rameau, <em>Pi\u00e8ces de clavecin<\/em> (1724),  <em>L&rsquo;entretien des muses<\/em><\/figcaption><\/figure><\/li><\/ul><\/figure>\n\n\n\n<hr class=\"wp-block-separator\"\/>\n\n\n\n<p class=\"has-medium-font-size\"><a href=\"http:\/\/constanceluzzati.com\/index.php\/repertoire\/grand-repertoire\/\">R\u00e9pertoire original <\/a>pour harpes<\/p>\n\n\n\n<figure class=\"wp-block-gallery columns-2 is-cropped wp-block-gallery-2 is-layout-flex wp-block-gallery-is-layout-flex\"><ul class=\"blocks-gallery-grid\"><li class=\"blocks-gallery-item\"><figure><img loading=\"lazy\" decoding=\"async\" width=\"625\" height=\"809\" src=\"http:\/\/constanceluzzati.com\/wp-content\/uploads\/2020\/12\/harpe-pleyel-e1607372294187.jpg\" alt=\"\" data-id=\"662\" data-full-url=\"http:\/\/constanceluzzati.com\/wp-content\/uploads\/2020\/12\/harpe-pleyel-e1607372294187.jpg\" data-link=\"http:\/\/constanceluzzati.com\/?attachment_id=662\" class=\"wp-image-662\" srcset=\"https:\/\/constanceluzzati.com\/wp-content\/uploads\/2020\/12\/harpe-pleyel-e1607372294187.jpg 625w, https:\/\/constanceluzzati.com\/wp-content\/uploads\/2020\/12\/harpe-pleyel-e1607372294187-232x300.jpg 232w, https:\/\/constanceluzzati.com\/wp-content\/uploads\/2020\/12\/harpe-pleyel-e1607372294187-600x777.jpg 600w\" sizes=\"(max-width: 625px) 100vw, 625px\" \/><figcaption class=\"blocks-gallery-item__caption\">harpe chromatique Pleyel<\/figcaption><\/figure><\/li><li class=\"blocks-gallery-item\"><figure><img loading=\"lazy\" decoding=\"async\" width=\"721\" height=\"1024\" src=\"http:\/\/constanceluzzati.com\/wp-content\/uploads\/2020\/12\/harpe-erard-scaled-e1607372275673-721x1024.jpg\" alt=\"\" data-id=\"661\" data-full-url=\"http:\/\/constanceluzzati.com\/wp-content\/uploads\/2020\/12\/harpe-erard-scaled-e1607372275673.jpg\" data-link=\"http:\/\/constanceluzzati.com\/?attachment_id=661\" class=\"wp-image-661\" srcset=\"https:\/\/constanceluzzati.com\/wp-content\/uploads\/2020\/12\/harpe-erard-scaled-e1607372275673-721x1024.jpg 721w, https:\/\/constanceluzzati.com\/wp-content\/uploads\/2020\/12\/harpe-erard-scaled-e1607372275673-211x300.jpg 211w, https:\/\/constanceluzzati.com\/wp-content\/uploads\/2020\/12\/harpe-erard-scaled-e1607372275673-768x1090.jpg 768w, https:\/\/constanceluzzati.com\/wp-content\/uploads\/2020\/12\/harpe-erard-scaled-e1607372275673-1082x1536.jpg 1082w, https:\/\/constanceluzzati.com\/wp-content\/uploads\/2020\/12\/harpe-erard-scaled-e1607372275673-1443x2048.jpg 1443w, https:\/\/constanceluzzati.com\/wp-content\/uploads\/2020\/12\/harpe-erard-scaled-e1607372275673-600x852.jpg 600w, https:\/\/constanceluzzati.com\/wp-content\/uploads\/2020\/12\/harpe-erard-scaled-e1607372275673.jpg 1713w\" sizes=\"(max-width: 721px) 100vw, 721px\" \/><figcaption class=\"blocks-gallery-item__caption\">harpe \u00e0 p\u00e9dales \u00c9rard<\/figcaption><\/figure><\/li><\/ul><figcaption class=\"blocks-gallery-caption\">\u00a9 Philharmonie de Paris<\/figcaption><\/figure>\n\n\n\n<hr class=\"wp-block-separator\"\/>\n\n\n\n<p class=\"has-medium-font-size\"><a href=\"http:\/\/constanceluzzati.com\/index.php\/repertoire\/musique-de-chambre\/\">Musique de chambre<\/a><\/p>\n\n\n\n<figure class=\"wp-block-gallery columns-1 is-cropped wp-block-gallery-3 is-layout-flex wp-block-gallery-is-layout-flex\"><ul class=\"blocks-gallery-grid\"><li class=\"blocks-gallery-item\"><figure><img loading=\"lazy\" decoding=\"async\" width=\"1024\" height=\"576\" src=\"http:\/\/constanceluzzati.com\/wp-content\/uploads\/2020\/12\/the-concert-oil-on-canvas-nicolas-tournier-1024x576.jpg\" alt=\"\" data-id=\"668\" data-full-url=\"http:\/\/constanceluzzati.com\/wp-content\/uploads\/2020\/12\/the-concert-oil-on-canvas-nicolas-tournier.jpg\" data-link=\"http:\/\/constanceluzzati.com\/?attachment_id=668\" class=\"wp-image-668\" srcset=\"https:\/\/constanceluzzati.com\/wp-content\/uploads\/2020\/12\/the-concert-oil-on-canvas-nicolas-tournier-1024x576.jpg 1024w, https:\/\/constanceluzzati.com\/wp-content\/uploads\/2020\/12\/the-concert-oil-on-canvas-nicolas-tournier-300x169.jpg 300w, https:\/\/constanceluzzati.com\/wp-content\/uploads\/2020\/12\/the-concert-oil-on-canvas-nicolas-tournier-768x432.jpg 768w, https:\/\/constanceluzzati.com\/wp-content\/uploads\/2020\/12\/the-concert-oil-on-canvas-nicolas-tournier-1536x864.jpg 1536w, https:\/\/constanceluzzati.com\/wp-content\/uploads\/2020\/12\/the-concert-oil-on-canvas-nicolas-tournier-1160x653.jpg 1160w, https:\/\/constanceluzzati.com\/wp-content\/uploads\/2020\/12\/the-concert-oil-on-canvas-nicolas-tournier-600x338.jpg 600w, https:\/\/constanceluzzati.com\/wp-content\/uploads\/2020\/12\/the-concert-oil-on-canvas-nicolas-tournier.jpg 1920w\" sizes=\"(max-width: 1024px) 100vw, 1024px\" \/><figcaption class=\"blocks-gallery-item__caption\">Nicolas Tournier, <em>Le Concert<\/em><\/figcaption><\/figure><\/li><\/ul><\/figure>\n\n\n\n<div style=\"height:100px\" aria-hidden=\"true\" class=\"wp-block-spacer\"><\/div>\n\n\n\n<p><\/p>\n","protected":false},"excerpt":{"rendered":"<p>Musiques anciennes et transcriptions du clavecin vers la harpe R\u00e9pertoire original pour harpes Musique de chambre<\/p>\n","protected":false},"author":1,"featured_media":0,"parent":0,"menu_order":0,"comment_status":"closed","ping_status":"closed","template":"","meta":{"_uag_custom_page_level_css":"","_monsterinsights_skip_tracking":false,"_monsterinsights_sitenote_active":false,"_monsterinsights_sitenote_note":"","_monsterinsights_sitenote_category":0,"site-sidebar-layout":"default","site-content-layout":"","ast-site-content-layout":"","site-content-style":"default","site-sidebar-style":"default","ast-global-header-display":"","ast-banner-title-visibility":"","ast-main-header-display":"","ast-hfb-above-header-display":"","ast-hfb-below-header-display":"","ast-hfb-mobile-header-display":"","site-post-title":"","ast-breadcrumbs-content":"","ast-featured-img":"","footer-sml-layout":"","theme-transparent-header-meta":"","adv-header-id-meta":"","stick-header-meta":"","header-above-stick-meta":"","header-main-stick-meta":"","header-below-stick-meta":"","astra-migrate-meta-layouts":"default","ast-page-background-enabled":"default","ast-page-background-meta":{"desktop":{"background-color":"var(--ast-global-color-4)","background-image":"","background-repeat":"repeat","background-position":"center center","background-size":"auto","background-attachment":"scroll","background-type":"","background-media":"","overlay-type":"","overlay-color":"","overlay-opacity":"","overlay-gradient":""},"tablet":{"background-color":"","background-image":"","background-repeat":"repeat","background-position":"center center","background-size":"auto","background-attachment":"scroll","background-type":"","background-media":"","overlay-type":"","overlay-color":"","overlay-opacity":"","overlay-gradient":""},"mobile":{"background-color":"","background-image":"","background-repeat":"repeat","background-position":"center center","background-size":"auto","background-attachment":"scroll","background-type":"","background-media":"","overlay-type":"","overlay-color":"","overlay-opacity":"","overlay-gradient":""}},"ast-content-background-meta":{"desktop":{"background-color":"var(--ast-global-color-5)","background-image":"","background-repeat":"repeat","background-position":"center center","background-size":"auto","background-attachment":"scroll","background-type":"","background-media":"","overlay-type":"","overlay-color":"","overlay-opacity":"","overlay-gradient":""},"tablet":{"background-color":"var(--ast-global-color-5)","background-image":"","background-repeat":"repeat","background-position":"center center","background-size":"auto","background-attachment":"scroll","background-type":"","background-media":"","overlay-type":"","overlay-color":"","overlay-opacity":"","overlay-gradient":""},"mobile":{"background-color":"var(--ast-global-color-5)","background-image":"","background-repeat":"repeat","background-position":"center center","background-size":"auto","background-attachment":"scroll","background-type":"","background-media":"","overlay-type":"","overlay-color":"","overlay-opacity":"","overlay-gradient":""}},"footnotes":""},"class_list":["post-656","page","type-page","status-publish","hentry"],"yoast_head":"<!-- This site is optimized with the Yoast SEO plugin v25.2 - https:\/\/yoast.com\/wordpress\/plugins\/seo\/ -->\n<title>R\u00e9pertoires - Constance Luzzati<\/title>\n<meta name=\"robots\" content=\"index, follow, max-snippet:-1, max-image-preview:large, max-video-preview:-1\" \/>\n<link rel=\"canonical\" href=\"https:\/\/constanceluzzati.com\/index.php\/repertoires\/\" \/>\n<meta property=\"og:locale\" content=\"fr_FR\" \/>\n<meta property=\"og:type\" content=\"article\" \/>\n<meta property=\"og:title\" content=\"R\u00e9pertoires - Constance Luzzati\" \/>\n<meta property=\"og:description\" content=\"Musiques anciennes et transcriptions du clavecin vers la harpe R\u00e9pertoire original pour harpes Musique de chambre\" \/>\n<meta property=\"og:url\" content=\"https:\/\/constanceluzzati.com\/index.php\/repertoires\/\" \/>\n<meta property=\"og:site_name\" content=\"Constance Luzzati\" \/>\n<meta property=\"article:modified_time\" content=\"2020-12-08T09:19:55+00:00\" \/>\n<meta property=\"og:image\" content=\"http:\/\/constanceluzzati.com\/wp-content\/uploads\/2020\/12\/Capture-decran-2020-12-07-a-19.51.11-1024x741.png\" \/>\n<meta name=\"twitter:card\" content=\"summary_large_image\" \/>\n<script type=\"application\/ld+json\" class=\"yoast-schema-graph\">{\"@context\":\"https:\/\/schema.org\",\"@graph\":[{\"@type\":\"WebPage\",\"@id\":\"https:\/\/constanceluzzati.com\/index.php\/repertoires\/\",\"url\":\"https:\/\/constanceluzzati.com\/index.php\/repertoires\/\",\"name\":\"R\u00e9pertoires - Constance Luzzati\",\"isPartOf\":{\"@id\":\"https:\/\/constanceluzzati.com\/#website\"},\"primaryImageOfPage\":{\"@id\":\"https:\/\/constanceluzzati.com\/index.php\/repertoires\/#primaryimage\"},\"image\":{\"@id\":\"https:\/\/constanceluzzati.com\/index.php\/repertoires\/#primaryimage\"},\"thumbnailUrl\":\"http:\/\/constanceluzzati.com\/wp-content\/uploads\/2020\/12\/Capture-decran-2020-12-07-a-19.51.11-1024x741.png\",\"datePublished\":\"2020-12-08T09:06:45+00:00\",\"dateModified\":\"2020-12-08T09:19:55+00:00\",\"breadcrumb\":{\"@id\":\"https:\/\/constanceluzzati.com\/index.php\/repertoires\/#breadcrumb\"},\"inLanguage\":\"fr-FR\",\"potentialAction\":[{\"@type\":\"ReadAction\",\"target\":[\"https:\/\/constanceluzzati.com\/index.php\/repertoires\/\"]}]},{\"@type\":\"ImageObject\",\"inLanguage\":\"fr-FR\",\"@id\":\"https:\/\/constanceluzzati.com\/index.php\/repertoires\/#primaryimage\",\"url\":\"http:\/\/constanceluzzati.com\/wp-content\/uploads\/2020\/12\/Capture-decran-2020-12-07-a-19.51.11-1024x741.png\",\"contentUrl\":\"http:\/\/constanceluzzati.com\/wp-content\/uploads\/2020\/12\/Capture-decran-2020-12-07-a-19.51.11-1024x741.png\"},{\"@type\":\"BreadcrumbList\",\"@id\":\"https:\/\/constanceluzzati.com\/index.php\/repertoires\/#breadcrumb\",\"itemListElement\":[{\"@type\":\"ListItem\",\"position\":1,\"name\":\"Home\",\"item\":\"https:\/\/constanceluzzati.com\/\"},{\"@type\":\"ListItem\",\"position\":2,\"name\":\"R\u00e9pertoires\"}]},{\"@type\":\"WebSite\",\"@id\":\"https:\/\/constanceluzzati.com\/#website\",\"url\":\"https:\/\/constanceluzzati.com\/\",\"name\":\"Constance Luzzati\",\"description\":\"harpiste, musicologue\",\"potentialAction\":[{\"@type\":\"SearchAction\",\"target\":{\"@type\":\"EntryPoint\",\"urlTemplate\":\"https:\/\/constanceluzzati.com\/?s={search_term_string}\"},\"query-input\":{\"@type\":\"PropertyValueSpecification\",\"valueRequired\":true,\"valueName\":\"search_term_string\"}}],\"inLanguage\":\"fr-FR\"}]}<\/script>\n<!-- \/ Yoast SEO plugin. -->","yoast_head_json":{"title":"R\u00e9pertoires - Constance Luzzati","robots":{"index":"index","follow":"follow","max-snippet":"max-snippet:-1","max-image-preview":"max-image-preview:large","max-video-preview":"max-video-preview:-1"},"canonical":"https:\/\/constanceluzzati.com\/index.php\/repertoires\/","og_locale":"fr_FR","og_type":"article","og_title":"R\u00e9pertoires - Constance Luzzati","og_description":"Musiques anciennes et transcriptions du clavecin vers la harpe R\u00e9pertoire original pour harpes Musique de chambre","og_url":"https:\/\/constanceluzzati.com\/index.php\/repertoires\/","og_site_name":"Constance Luzzati","article_modified_time":"2020-12-08T09:19:55+00:00","og_image":[{"url":"http:\/\/constanceluzzati.com\/wp-content\/uploads\/2020\/12\/Capture-decran-2020-12-07-a-19.51.11-1024x741.png","type":"","width":"","height":""}],"twitter_card":"summary_large_image","schema":{"@context":"https:\/\/schema.org","@graph":[{"@type":"WebPage","@id":"https:\/\/constanceluzzati.com\/index.php\/repertoires\/","url":"https:\/\/constanceluzzati.com\/index.php\/repertoires\/","name":"R\u00e9pertoires - Constance Luzzati","isPartOf":{"@id":"https:\/\/constanceluzzati.com\/#website"},"primaryImageOfPage":{"@id":"https:\/\/constanceluzzati.com\/index.php\/repertoires\/#primaryimage"},"image":{"@id":"https:\/\/constanceluzzati.com\/index.php\/repertoires\/#primaryimage"},"thumbnailUrl":"http:\/\/constanceluzzati.com\/wp-content\/uploads\/2020\/12\/Capture-decran-2020-12-07-a-19.51.11-1024x741.png","datePublished":"2020-12-08T09:06:45+00:00","dateModified":"2020-12-08T09:19:55+00:00","breadcrumb":{"@id":"https:\/\/constanceluzzati.com\/index.php\/repertoires\/#breadcrumb"},"inLanguage":"fr-FR","potentialAction":[{"@type":"ReadAction","target":["https:\/\/constanceluzzati.com\/index.php\/repertoires\/"]}]},{"@type":"ImageObject","inLanguage":"fr-FR","@id":"https:\/\/constanceluzzati.com\/index.php\/repertoires\/#primaryimage","url":"http:\/\/constanceluzzati.com\/wp-content\/uploads\/2020\/12\/Capture-decran-2020-12-07-a-19.51.11-1024x741.png","contentUrl":"http:\/\/constanceluzzati.com\/wp-content\/uploads\/2020\/12\/Capture-decran-2020-12-07-a-19.51.11-1024x741.png"},{"@type":"BreadcrumbList","@id":"https:\/\/constanceluzzati.com\/index.php\/repertoires\/#breadcrumb","itemListElement":[{"@type":"ListItem","position":1,"name":"Home","item":"https:\/\/constanceluzzati.com\/"},{"@type":"ListItem","position":2,"name":"R\u00e9pertoires"}]},{"@type":"WebSite","@id":"https:\/\/constanceluzzati.com\/#website","url":"https:\/\/constanceluzzati.com\/","name":"Constance Luzzati","description":"harpiste, musicologue","potentialAction":[{"@type":"SearchAction","target":{"@type":"EntryPoint","urlTemplate":"https:\/\/constanceluzzati.com\/?s={search_term_string}"},"query-input":{"@type":"PropertyValueSpecification","valueRequired":true,"valueName":"search_term_string"}}],"inLanguage":"fr-FR"}]}},"jetpack_sharing_enabled":true,"uagb_featured_image_src":{"full":false,"thumbnail":false,"medium":false,"medium_large":false,"large":false,"1536x1536":false,"2048x2048":false},"uagb_author_info":{"display_name":"cladmin","author_link":"https:\/\/constanceluzzati.com\/index.php\/author\/cladmin\/"},"uagb_comment_info":0,"uagb_excerpt":"Musiques anciennes et transcriptions du clavecin vers la harpe R\u00e9pertoire original pour harpes Musique de chambre","_links":{"self":[{"href":"https:\/\/constanceluzzati.com\/index.php\/wp-json\/wp\/v2\/pages\/656"}],"collection":[{"href":"https:\/\/constanceluzzati.com\/index.php\/wp-json\/wp\/v2\/pages"}],"about":[{"href":"https:\/\/constanceluzzati.com\/index.php\/wp-json\/wp\/v2\/types\/page"}],"author":[{"embeddable":true,"href":"https:\/\/constanceluzzati.com\/index.php\/wp-json\/wp\/v2\/users\/1"}],"replies":[{"embeddable":true,"href":"https:\/\/constanceluzzati.com\/index.php\/wp-json\/wp\/v2\/comments?post=656"}],"version-history":[{"count":6,"href":"https:\/\/constanceluzzati.com\/index.php\/wp-json\/wp\/v2\/pages\/656\/revisions"}],"predecessor-version":[{"id":673,"href":"https:\/\/constanceluzzati.com\/index.php\/wp-json\/wp\/v2\/pages\/656\/revisions\/673"}],"wp:attachment":[{"href":"https:\/\/constanceluzzati.com\/index.php\/wp-json\/wp\/v2\/media?parent=656"}],"curies":[{"name":"wp","href":"https:\/\/api.w.org\/{rel}","templated":true}]}}