{"id":623,"date":"2020-12-07T14:35:25","date_gmt":"2020-12-07T13:35:25","guid":{"rendered":"http:\/\/constanceluzzati.com\/?page_id=623"},"modified":"2023-08-15T16:46:02","modified_gmt":"2023-08-15T14:46:02","slug":"impression-soleil-levant","status":"publish","type":"page","link":"https:\/\/constanceluzzati.com\/index.php\/programmes-de-concerts-2023-2025\/impression-soleil-levant\/","title":{"rendered":"Impression soleil levant, le Japon au miroir de l&rsquo;Occident"},"content":{"rendered":"\n<p class=\"has-text-align-center has-white-background-color has-background has-medium-font-size\"><strong>Impression soleil levant, <em>le Japon au miroir de l&rsquo;Occident<\/em><\/strong><\/p>\n\n\n\n<p class=\"has-text-align-center\">La po\u00e9sie et la couleur intenses de l\u2019\u0153uvre du peintre <a href=\"https:\/\/www.mdig.fr\/decouvrir-le-musee\/l-impressionnisme\/les-artistes\/hiramatsu-reiji-ne-a-tokyo-en-1941\/\">Hiramatsu Reiji<\/a> ont inspir\u00e9 un programme pour fl\u00fbte et harpe d\u00e9di\u00e9 \u00e0 la nature. Parce que la contemplation de la beaut\u00e9 du monde unit les artistes qui ont \u00e9t\u00e9 au b\u00e9n\u00e9fice de ces influences r\u00e9ciproques, la nature est au c\u0153ur des \u0153uvres de cr\u00e9ateurs japonais inspir\u00e9s par l&rsquo;impressionnisme et la musique fran\u00e7aise, tout autant qu&rsquo;elle nourrit les compositeurs fran\u00e7ais \u00e9pris d&rsquo;Extr\u00eame-Orient. Roseaux, oc\u00e9ans, vent et cieux impr\u00e8gnent ces pi\u00e8ces d&rsquo;un souffle constitutif des instruments qui les portent.<\/p>\n\n\n\n<div style=\"height:40px\" aria-hidden=\"true\" class=\"wp-block-spacer\"><\/div>\n\n\n\n<figure class=\"wp-block-gallery aligncenter has-nested-images columns-default is-cropped wp-block-gallery-1 is-layout-flex wp-block-gallery-is-layout-flex\">\n<figure class=\"wp-block-image size-large\"><img loading=\"lazy\" decoding=\"async\" width=\"1024\" height=\"703\" data-id=\"598\" src=\"https:\/\/constanceluzzati.com\/wp-content\/uploads\/2020\/12\/hiramatsu-2-1024x703.jpg\" alt=\"\" class=\"wp-image-598\" srcset=\"https:\/\/constanceluzzati.com\/wp-content\/uploads\/2020\/12\/hiramatsu-2-1024x703.jpg 1024w, https:\/\/constanceluzzati.com\/wp-content\/uploads\/2020\/12\/hiramatsu-2-300x206.jpg 300w, https:\/\/constanceluzzati.com\/wp-content\/uploads\/2020\/12\/hiramatsu-2-768x527.jpg 768w, https:\/\/constanceluzzati.com\/wp-content\/uploads\/2020\/12\/hiramatsu-2-600x412.jpg 600w, https:\/\/constanceluzzati.com\/wp-content\/uploads\/2020\/12\/hiramatsu-2.jpg 1200w\" sizes=\"(max-width: 1024px) 100vw, 1024px\" \/><figcaption class=\"wp-element-caption\">\u00a9 Hiramatsu Reiji,&nbsp;<em>Brise printani\u00e8re &#8211; L&rsquo;\u00c9tang de Monet&nbsp;<\/em>(2011)<\/figcaption><\/figure>\n<figcaption class=\"blocks-gallery-caption wp-element-caption\">\u00a9 Giverny, mus\u00e9e des impressionnismes \/ cr\u00e9dit photographique : Guillaume Onimus<\/figcaption><\/figure>\n\n\n\n<div style=\"height:50px\" aria-hidden=\"true\" class=\"wp-block-spacer\"><\/div>\n\n\n\n<p class=\"has-text-align-center has-normal-font-size\">Claude Debussy<em>, Syrinx&nbsp;<\/em>pour fl\u00fbte<\/p>\n\n\n\n<p class=\"has-text-align-center has-normal-font-size\">Claude Debussy, <em>Chansons de Bilitis, <\/em>arrangement pour fl\u00fbte et harpe<\/p>\n\n\n\n<p class=\"has-text-align-center has-normal-font-size\">Toru Takemitsu<em>, Voice&nbsp;<\/em>pour fl\u00fbte<\/p>\n\n\n\n<p class=\"has-text-align-center has-normal-font-size\">Jean Cras<em>, Suite en Duo&nbsp;<\/em>pour fl\u00fbte et harpe<\/p>\n\n\n\n<p class=\"has-text-align-center has-normal-font-size\">Toru Takemistu<em>, Toward the Sea III&nbsp;<\/em>pour fl\u00fbte et harpe<\/p>\n\n\n\n<p class=\"has-text-align-center has-normal-font-size\">Eric Satie \/ Toru Takemitsu<em>, Le fils des \u00e9toiles <\/em>pour fl\u00fbte et harpe<\/p>\n\n\n\n<p class=\"has-text-align-center has-normal-font-size\">Yoshiira Ta\u00efra<em>, Sublimation<\/em>&nbsp;pour harpe<\/p>\n\n\n\n<p class=\"has-text-align-center has-normal-font-size\"><a href=\"http:\/\/www.sophielacaze.com\/Accueil.htm\">Sophie Lacaze<\/a><em><a href=\"http:\/\/www.sophielacaze.com\/Accueil.htm\">,<\/a> Au milieu de la plaine<\/em><strong><em>,&nbsp;<\/em><\/strong><em>sur des ha\u00efkus,<\/em> pour fl\u00fbte et harpe<\/p>\n\n\n\n<p class=\"has-text-align-center has-normal-font-size\">Yoshiira Ta\u00efra,<em> A\u00efolos<\/em><strong><em>&nbsp;<\/em><\/strong>pour fl\u00fbte et harpe<\/p>\n\n\n\n<p class=\"has-text-align-center has-normal-font-size\">Claude Debussy<em>, Clair de Lune, <\/em>arrangement pour fl\u00fbte et harpe<\/p>\n\n\n\n<figure class=\"wp-block-gallery has-nested-images columns-default is-cropped wp-block-gallery-2 is-layout-flex wp-block-gallery-is-layout-flex\">\n<figure class=\"wp-block-image size-large\"><img loading=\"lazy\" decoding=\"async\" width=\"816\" height=\"792\" data-id=\"602\" src=\"https:\/\/constanceluzzati.com\/wp-content\/uploads\/2020\/12\/Capture-decran-2020-11-10-a-10.33.04.png\" alt=\"\" class=\"wp-image-602\" srcset=\"https:\/\/constanceluzzati.com\/wp-content\/uploads\/2020\/12\/Capture-decran-2020-11-10-a-10.33.04.png 816w, https:\/\/constanceluzzati.com\/wp-content\/uploads\/2020\/12\/Capture-decran-2020-11-10-a-10.33.04-300x291.png 300w, https:\/\/constanceluzzati.com\/wp-content\/uploads\/2020\/12\/Capture-decran-2020-11-10-a-10.33.04-768x745.png 768w, https:\/\/constanceluzzati.com\/wp-content\/uploads\/2020\/12\/Capture-decran-2020-11-10-a-10.33.04-600x582.png 600w\" sizes=\"(max-width: 816px) 100vw, 816px\" \/><figcaption class=\"wp-element-caption\">\u00a9 Hiramatsu Reiji,&nbsp;<em>Giverny, l&rsquo;\u00e9tang de Monet ; brise l\u00e9g\u00e8re&nbsp;<\/em>(2013)<\/figcaption><\/figure>\n<figcaption class=\"blocks-gallery-caption wp-element-caption\">\u00a9 Giverny, mus\u00e9e des impressionnismes \/ cr\u00e9dit photographique : Guillaume Onimus<\/figcaption><\/figure>\n\n\n\n<div style=\"height:100px\" aria-hidden=\"true\" class=\"wp-block-spacer\"><\/div>\n\n\n\n<figure class=\"wp-block-gallery alignright has-nested-images columns-default is-cropped wp-block-gallery-3 is-layout-flex wp-block-gallery-is-layout-flex\">\n<figure class=\"wp-block-image size-large\"><img loading=\"lazy\" decoding=\"async\" width=\"957\" height=\"1024\" data-id=\"625\" src=\"https:\/\/constanceluzzati.com\/wp-content\/uploads\/2020\/12\/image1-1-957x1024.jpeg\" alt=\"\" class=\"wp-image-625\" srcset=\"https:\/\/constanceluzzati.com\/wp-content\/uploads\/2020\/12\/image1-1-957x1024.jpeg 957w, https:\/\/constanceluzzati.com\/wp-content\/uploads\/2020\/12\/image1-1-280x300.jpeg 280w, https:\/\/constanceluzzati.com\/wp-content\/uploads\/2020\/12\/image1-1-768x822.jpeg 768w, https:\/\/constanceluzzati.com\/wp-content\/uploads\/2020\/12\/image1-1-1435x1536.jpeg 1435w, https:\/\/constanceluzzati.com\/wp-content\/uploads\/2020\/12\/image1-1-1913x2048.jpeg 1913w, https:\/\/constanceluzzati.com\/wp-content\/uploads\/2020\/12\/image1-1-600x642.jpeg 600w\" sizes=\"(max-width: 957px) 100vw, 957px\" \/><\/figure>\n<\/figure>\n\n\n\n<p>Avec <a href=\"http:\/\/constanceluzzati.com\/index.php\/a-propos-de\/\">Constance Luzzati<\/a>, harpe, et Yua Souverbie, fl\u00fbte. <\/p>\n\n\n\n<p>Yua est dipl\u00f4m\u00e9e du Conservatoire national de musique et de danse de Paris. Musicienne d&rsquo;orchestre accomplie, elle est membre de l&rsquo;orchestre de chambre du Festival de Verbier o\u00f9 elle a jou\u00e9 sous la direction de Gergiev, Temirkanov, Dutoit, Masur, Jarvi, Harding, Honeck&#8230; Elle est r\u00e9guli\u00e8rement invit\u00e9e \u00e0 se produire au sein de l&rsquo;orchestre de Paris, de l&rsquo;orchestre de chambre de Paris, l\u2019orchestre national d\u2019ile de France\u2026 Tr\u00e8s impliqu\u00e9e dans la cr\u00e9ation contemporaine, elle a \u00e9t\u00e9 membre de l&rsquo;orchestre de l&rsquo;acad\u00e9mie du festival de Lucerne o\u00f9 elle a jou\u00e9 sous la direction de Pierre Boulez et Peter Eotvos. Elle fait partie du collectif Quest, et joue fr\u00e9quemment avec l&rsquo;ensemble Intercontemporain, l\u2019ensemble Itin\u00e9raire et Le Balcon.<\/p>\n\n\n\n<div style=\"height:100px\" aria-hidden=\"true\" class=\"wp-block-spacer\"><\/div>\n\n\n\n<p class=\"has-background\" style=\"background-color:#fedc7f\">La projection d&rsquo;oeuvres du peintre Hiramatsu Reiji accompagne le concert si la salle le permet.<\/p>\n\n\n\n<p><\/p>\n\n\n\n<p>Fiche technique d\u00e9taill\u00e9e : <a href=\"http:\/\/constanceluzzati.com\/index.php\/contact\/\">Nous contacter<\/a><\/p>\n\n\n\n<p>programme disponible \u00e0 partir du printemps 2024<\/p>\n\n\n\n<div style=\"height:100px\" aria-hidden=\"true\" class=\"wp-block-spacer\"><\/div>\n","protected":false},"excerpt":{"rendered":"<p>Impression soleil levant, le Japon au miroir de l&rsquo;Occident La po\u00e9sie et la couleur intenses de l\u2019\u0153uvre du peintre Hiramatsu [&hellip;]<\/p>\n","protected":false},"author":1,"featured_media":0,"parent":590,"menu_order":1,"comment_status":"closed","ping_status":"closed","template":"","meta":{"_uag_custom_page_level_css":"","_monsterinsights_skip_tracking":false,"_monsterinsights_sitenote_active":false,"_monsterinsights_sitenote_note":"","_monsterinsights_sitenote_category":0,"site-sidebar-layout":"default","site-content-layout":"","ast-site-content-layout":"","site-content-style":"default","site-sidebar-style":"default","ast-global-header-display":"","ast-banner-title-visibility":"","ast-main-header-display":"","ast-hfb-above-header-display":"","ast-hfb-below-header-display":"","ast-hfb-mobile-header-display":"","site-post-title":"","ast-breadcrumbs-content":"","ast-featured-img":"","footer-sml-layout":"","theme-transparent-header-meta":"","adv-header-id-meta":"","stick-header-meta":"","header-above-stick-meta":"","header-main-stick-meta":"","header-below-stick-meta":"","astra-migrate-meta-layouts":"default","ast-page-background-enabled":"default","ast-page-background-meta":{"desktop":{"background-color":"var(--ast-global-color-4)","background-image":"","background-repeat":"repeat","background-position":"center center","background-size":"auto","background-attachment":"scroll","background-type":"","background-media":"","overlay-type":"","overlay-color":"","overlay-opacity":"","overlay-gradient":""},"tablet":{"background-color":"","background-image":"","background-repeat":"repeat","background-position":"center center","background-size":"auto","background-attachment":"scroll","background-type":"","background-media":"","overlay-type":"","overlay-color":"","overlay-opacity":"","overlay-gradient":""},"mobile":{"background-color":"","background-image":"","background-repeat":"repeat","background-position":"center center","background-size":"auto","background-attachment":"scroll","background-type":"","background-media":"","overlay-type":"","overlay-color":"","overlay-opacity":"","overlay-gradient":""}},"ast-content-background-meta":{"desktop":{"background-color":"var(--ast-global-color-5)","background-image":"","background-repeat":"repeat","background-position":"center center","background-size":"auto","background-attachment":"scroll","background-type":"","background-media":"","overlay-type":"","overlay-color":"","overlay-opacity":"","overlay-gradient":""},"tablet":{"background-color":"var(--ast-global-color-5)","background-image":"","background-repeat":"repeat","background-position":"center center","background-size":"auto","background-attachment":"scroll","background-type":"","background-media":"","overlay-type":"","overlay-color":"","overlay-opacity":"","overlay-gradient":""},"mobile":{"background-color":"var(--ast-global-color-5)","background-image":"","background-repeat":"repeat","background-position":"center center","background-size":"auto","background-attachment":"scroll","background-type":"","background-media":"","overlay-type":"","overlay-color":"","overlay-opacity":"","overlay-gradient":""}},"footnotes":""},"class_list":["post-623","page","type-page","status-publish","hentry"],"yoast_head":"<!-- This site is optimized with the Yoast SEO plugin v25.2 - https:\/\/yoast.com\/wordpress\/plugins\/seo\/ -->\n<title>Impression soleil levant, le Japon au miroir de l&#039;Occident - Constance Luzzati<\/title>\n<meta name=\"description\" content=\"La po\u00e9sie et la couleur intenses du peintre Hiramatsu Reiji ont inspir\u00e9 un programme pour fl\u00fbte et harpe d\u00e9di\u00e9 \u00e0 la nature.\" \/>\n<meta name=\"robots\" content=\"index, follow, max-snippet:-1, max-image-preview:large, max-video-preview:-1\" \/>\n<link rel=\"canonical\" href=\"https:\/\/constanceluzzati.com\/index.php\/programmes-de-concerts-2023-2025\/impression-soleil-levant\/\" \/>\n<meta property=\"og:locale\" content=\"fr_FR\" \/>\n<meta property=\"og:type\" content=\"article\" \/>\n<meta property=\"og:title\" content=\"Impression soleil levant, le Japon au miroir de l&#039;Occident - Constance Luzzati\" \/>\n<meta property=\"og:description\" content=\"La po\u00e9sie et la couleur intenses du peintre Hiramatsu Reiji ont inspir\u00e9 un programme pour fl\u00fbte et harpe d\u00e9di\u00e9 \u00e0 la nature.\" \/>\n<meta property=\"og:url\" content=\"https:\/\/constanceluzzati.com\/index.php\/programmes-de-concerts-2023-2025\/impression-soleil-levant\/\" \/>\n<meta property=\"og:site_name\" content=\"Constance Luzzati\" \/>\n<meta property=\"article:modified_time\" content=\"2023-08-15T14:46:02+00:00\" \/>\n<meta property=\"og:image\" content=\"https:\/\/constanceluzzati.com\/wp-content\/uploads\/2020\/12\/hiramatsu-2-1024x703.jpg\" \/>\n<meta name=\"twitter:card\" content=\"summary_large_image\" \/>\n<meta name=\"twitter:label1\" content=\"Dur\u00e9e de lecture estim\u00e9e\" \/>\n\t<meta name=\"twitter:data1\" content=\"3 minutes\" \/>\n<script type=\"application\/ld+json\" class=\"yoast-schema-graph\">{\"@context\":\"https:\/\/schema.org\",\"@graph\":[{\"@type\":\"WebPage\",\"@id\":\"https:\/\/constanceluzzati.com\/index.php\/programmes-de-concerts-2023-2025\/impression-soleil-levant\/\",\"url\":\"https:\/\/constanceluzzati.com\/index.php\/programmes-de-concerts-2023-2025\/impression-soleil-levant\/\",\"name\":\"Impression soleil levant, le Japon au miroir de l'Occident - Constance Luzzati\",\"isPartOf\":{\"@id\":\"https:\/\/constanceluzzati.com\/#website\"},\"primaryImageOfPage\":{\"@id\":\"https:\/\/constanceluzzati.com\/index.php\/programmes-de-concerts-2023-2025\/impression-soleil-levant\/#primaryimage\"},\"image\":{\"@id\":\"https:\/\/constanceluzzati.com\/index.php\/programmes-de-concerts-2023-2025\/impression-soleil-levant\/#primaryimage\"},\"thumbnailUrl\":\"https:\/\/constanceluzzati.com\/wp-content\/uploads\/2020\/12\/hiramatsu-2-1024x703.jpg\",\"datePublished\":\"2020-12-07T13:35:25+00:00\",\"dateModified\":\"2023-08-15T14:46:02+00:00\",\"description\":\"La po\u00e9sie et la couleur intenses du peintre Hiramatsu Reiji ont inspir\u00e9 un programme pour fl\u00fbte et harpe d\u00e9di\u00e9 \u00e0 la nature.\",\"breadcrumb\":{\"@id\":\"https:\/\/constanceluzzati.com\/index.php\/programmes-de-concerts-2023-2025\/impression-soleil-levant\/#breadcrumb\"},\"inLanguage\":\"fr-FR\",\"potentialAction\":[{\"@type\":\"ReadAction\",\"target\":[\"https:\/\/constanceluzzati.com\/index.php\/programmes-de-concerts-2023-2025\/impression-soleil-levant\/\"]}]},{\"@type\":\"ImageObject\",\"inLanguage\":\"fr-FR\",\"@id\":\"https:\/\/constanceluzzati.com\/index.php\/programmes-de-concerts-2023-2025\/impression-soleil-levant\/#primaryimage\",\"url\":\"https:\/\/constanceluzzati.com\/wp-content\/uploads\/2020\/12\/hiramatsu-2.jpg\",\"contentUrl\":\"https:\/\/constanceluzzati.com\/wp-content\/uploads\/2020\/12\/hiramatsu-2.jpg\",\"width\":1200,\"height\":824},{\"@type\":\"BreadcrumbList\",\"@id\":\"https:\/\/constanceluzzati.com\/index.php\/programmes-de-concerts-2023-2025\/impression-soleil-levant\/#breadcrumb\",\"itemListElement\":[{\"@type\":\"ListItem\",\"position\":1,\"name\":\"Home\",\"item\":\"https:\/\/constanceluzzati.com\/\"},{\"@type\":\"ListItem\",\"position\":2,\"name\":\"Programmes de concerts 2024-2026\",\"item\":\"https:\/\/constanceluzzati.com\/index.php\/programmes-de-concerts-2023-2025\/\"},{\"@type\":\"ListItem\",\"position\":3,\"name\":\"Impression soleil levant, le Japon au miroir de l&rsquo;Occident\"}]},{\"@type\":\"WebSite\",\"@id\":\"https:\/\/constanceluzzati.com\/#website\",\"url\":\"https:\/\/constanceluzzati.com\/\",\"name\":\"Constance Luzzati\",\"description\":\"harpiste, musicologue\",\"potentialAction\":[{\"@type\":\"SearchAction\",\"target\":{\"@type\":\"EntryPoint\",\"urlTemplate\":\"https:\/\/constanceluzzati.com\/?s={search_term_string}\"},\"query-input\":{\"@type\":\"PropertyValueSpecification\",\"valueRequired\":true,\"valueName\":\"search_term_string\"}}],\"inLanguage\":\"fr-FR\"}]}<\/script>\n<!-- \/ Yoast SEO plugin. -->","yoast_head_json":{"title":"Impression soleil levant, le Japon au miroir de l'Occident - Constance Luzzati","description":"La po\u00e9sie et la couleur intenses du peintre Hiramatsu Reiji ont inspir\u00e9 un programme pour fl\u00fbte et harpe d\u00e9di\u00e9 \u00e0 la nature.","robots":{"index":"index","follow":"follow","max-snippet":"max-snippet:-1","max-image-preview":"max-image-preview:large","max-video-preview":"max-video-preview:-1"},"canonical":"https:\/\/constanceluzzati.com\/index.php\/programmes-de-concerts-2023-2025\/impression-soleil-levant\/","og_locale":"fr_FR","og_type":"article","og_title":"Impression soleil levant, le Japon au miroir de l'Occident - Constance Luzzati","og_description":"La po\u00e9sie et la couleur intenses du peintre Hiramatsu Reiji ont inspir\u00e9 un programme pour fl\u00fbte et harpe d\u00e9di\u00e9 \u00e0 la nature.","og_url":"https:\/\/constanceluzzati.com\/index.php\/programmes-de-concerts-2023-2025\/impression-soleil-levant\/","og_site_name":"Constance Luzzati","article_modified_time":"2023-08-15T14:46:02+00:00","og_image":[{"url":"https:\/\/constanceluzzati.com\/wp-content\/uploads\/2020\/12\/hiramatsu-2-1024x703.jpg","type":"","width":"","height":""}],"twitter_card":"summary_large_image","twitter_misc":{"Dur\u00e9e de lecture estim\u00e9e":"3 minutes"},"schema":{"@context":"https:\/\/schema.org","@graph":[{"@type":"WebPage","@id":"https:\/\/constanceluzzati.com\/index.php\/programmes-de-concerts-2023-2025\/impression-soleil-levant\/","url":"https:\/\/constanceluzzati.com\/index.php\/programmes-de-concerts-2023-2025\/impression-soleil-levant\/","name":"Impression soleil levant, le Japon au miroir de l'Occident - Constance Luzzati","isPartOf":{"@id":"https:\/\/constanceluzzati.com\/#website"},"primaryImageOfPage":{"@id":"https:\/\/constanceluzzati.com\/index.php\/programmes-de-concerts-2023-2025\/impression-soleil-levant\/#primaryimage"},"image":{"@id":"https:\/\/constanceluzzati.com\/index.php\/programmes-de-concerts-2023-2025\/impression-soleil-levant\/#primaryimage"},"thumbnailUrl":"https:\/\/constanceluzzati.com\/wp-content\/uploads\/2020\/12\/hiramatsu-2-1024x703.jpg","datePublished":"2020-12-07T13:35:25+00:00","dateModified":"2023-08-15T14:46:02+00:00","description":"La po\u00e9sie et la couleur intenses du peintre Hiramatsu Reiji ont inspir\u00e9 un programme pour fl\u00fbte et harpe d\u00e9di\u00e9 \u00e0 la nature.","breadcrumb":{"@id":"https:\/\/constanceluzzati.com\/index.php\/programmes-de-concerts-2023-2025\/impression-soleil-levant\/#breadcrumb"},"inLanguage":"fr-FR","potentialAction":[{"@type":"ReadAction","target":["https:\/\/constanceluzzati.com\/index.php\/programmes-de-concerts-2023-2025\/impression-soleil-levant\/"]}]},{"@type":"ImageObject","inLanguage":"fr-FR","@id":"https:\/\/constanceluzzati.com\/index.php\/programmes-de-concerts-2023-2025\/impression-soleil-levant\/#primaryimage","url":"https:\/\/constanceluzzati.com\/wp-content\/uploads\/2020\/12\/hiramatsu-2.jpg","contentUrl":"https:\/\/constanceluzzati.com\/wp-content\/uploads\/2020\/12\/hiramatsu-2.jpg","width":1200,"height":824},{"@type":"BreadcrumbList","@id":"https:\/\/constanceluzzati.com\/index.php\/programmes-de-concerts-2023-2025\/impression-soleil-levant\/#breadcrumb","itemListElement":[{"@type":"ListItem","position":1,"name":"Home","item":"https:\/\/constanceluzzati.com\/"},{"@type":"ListItem","position":2,"name":"Programmes de concerts 2024-2026","item":"https:\/\/constanceluzzati.com\/index.php\/programmes-de-concerts-2023-2025\/"},{"@type":"ListItem","position":3,"name":"Impression soleil levant, le Japon au miroir de l&rsquo;Occident"}]},{"@type":"WebSite","@id":"https:\/\/constanceluzzati.com\/#website","url":"https:\/\/constanceluzzati.com\/","name":"Constance Luzzati","description":"harpiste, musicologue","potentialAction":[{"@type":"SearchAction","target":{"@type":"EntryPoint","urlTemplate":"https:\/\/constanceluzzati.com\/?s={search_term_string}"},"query-input":{"@type":"PropertyValueSpecification","valueRequired":true,"valueName":"search_term_string"}}],"inLanguage":"fr-FR"}]}},"jetpack_sharing_enabled":true,"uagb_featured_image_src":{"full":false,"thumbnail":false,"medium":false,"medium_large":false,"large":false,"1536x1536":false,"2048x2048":false},"uagb_author_info":{"display_name":"cladmin","author_link":"https:\/\/constanceluzzati.com\/index.php\/author\/cladmin\/"},"uagb_comment_info":0,"uagb_excerpt":"Impression soleil levant, le Japon au miroir de l&rsquo;Occident La po\u00e9sie et la couleur intenses de l\u2019\u0153uvre du peintre Hiramatsu [&hellip;]","_links":{"self":[{"href":"https:\/\/constanceluzzati.com\/index.php\/wp-json\/wp\/v2\/pages\/623"}],"collection":[{"href":"https:\/\/constanceluzzati.com\/index.php\/wp-json\/wp\/v2\/pages"}],"about":[{"href":"https:\/\/constanceluzzati.com\/index.php\/wp-json\/wp\/v2\/types\/page"}],"author":[{"embeddable":true,"href":"https:\/\/constanceluzzati.com\/index.php\/wp-json\/wp\/v2\/users\/1"}],"replies":[{"embeddable":true,"href":"https:\/\/constanceluzzati.com\/index.php\/wp-json\/wp\/v2\/comments?post=623"}],"version-history":[{"count":13,"href":"https:\/\/constanceluzzati.com\/index.php\/wp-json\/wp\/v2\/pages\/623\/revisions"}],"predecessor-version":[{"id":3017,"href":"https:\/\/constanceluzzati.com\/index.php\/wp-json\/wp\/v2\/pages\/623\/revisions\/3017"}],"up":[{"embeddable":true,"href":"https:\/\/constanceluzzati.com\/index.php\/wp-json\/wp\/v2\/pages\/590"}],"wp:attachment":[{"href":"https:\/\/constanceluzzati.com\/index.php\/wp-json\/wp\/v2\/media?parent=623"}],"curies":[{"name":"wp","href":"https:\/\/api.w.org\/{rel}","templated":true}]}}