{"id":3043,"date":"2023-08-16T21:58:05","date_gmt":"2023-08-16T19:58:05","guid":{"rendered":"https:\/\/constanceluzzati.com\/?page_id=3043"},"modified":"2023-08-16T21:58:08","modified_gmt":"2023-08-16T19:58:08","slug":"viaggio-a-roma","status":"publish","type":"page","link":"https:\/\/constanceluzzati.com\/index.php\/viaggio-a-roma\/","title":{"rendered":"Viaggio a Roma"},"content":{"rendered":"\n<h2 class=\"has-text-align-center wp-block-heading\">Viaggio a Roma<\/h2>\n\n\n\n<p class=\"has-text-align-center\">Lyre Romaine, harpe triple baroque qui accompagne la quasi totalit\u00e9 du r\u00e9pertoire vocal du 17e&#8230; L&rsquo;Italie est le pays par excellence o\u00f9 la harpe a connu ses premi\u00e8res heures de gloire. La transcription des <em>Cento partite<\/em> du tr\u00e8s romain Frescobaldi est une premi\u00e8re \u00e0 la harpe, qui fait danser les pieds de l&rsquo;interpr\u00e8te par ses chromatismes in\u00e9dits autant que ses doigts. Scarlatti est l&rsquo;autre source \u00e0 laquelle puise ce programme qui tisse des traits d&rsquo;union entre la musique ancienne et la musique contemporaine. Si Frescobaldi a inspir\u00e9 Michael Levinas, Scarlatti a inspir\u00e9 Tailleferre et inspire encore aujourd&rsquo;hui. Entre les deux, l&rsquo;attrait de Jean-S\u00e9bastien Bach pour la musique italienne dans son ensemble est bien connu, comme en t\u00e9moigne le c\u00e9l\u00e8bre <em>Concerto italien<\/em>.<\/p>\n\n\n\n<div style=\"height:20px\" aria-hidden=\"true\" class=\"wp-block-spacer\"><\/div>\n\n\n\n<figure class=\"wp-block-image aligncenter size-full\"><img loading=\"lazy\" decoding=\"async\" width=\"650\" height=\"433\" src=\"https:\/\/constanceluzzati.com\/wp-content\/uploads\/2023\/07\/cithara-woman-fresco-edited.jpg\" alt=\"\" class=\"wp-image-2709\" srcset=\"https:\/\/constanceluzzati.com\/wp-content\/uploads\/2023\/07\/cithara-woman-fresco-edited.jpg 650w, https:\/\/constanceluzzati.com\/wp-content\/uploads\/2023\/07\/cithara-woman-fresco-edited-300x200.jpg 300w, https:\/\/constanceluzzati.com\/wp-content\/uploads\/2023\/07\/cithara-woman-fresco-edited-600x400.jpg 600w\" sizes=\"(max-width: 650px) 100vw, 650px\" \/><\/figure>\n\n\n\n<div style=\"height:40px\" aria-hidden=\"true\" class=\"wp-block-spacer\"><\/div>\n\n\n\n<p><a href=\"https:\/\/constanceluzzati.com\/index.php\/2019\/04\/03\/frescobaldi-cento-partite-sopra-passacagli\/\">Girolamo Frescobaldi,\u00a0<em>Cento partite sopra passacagli<\/em><\/a><\/p>\n\n\n\n<p>Luciano Berio,\u00a0<em>Sequenza<\/em> per arpa<\/p>\n\n\n\n<p>Luigi Rossi,&nbsp;<em>Passacaille del seigneur Luigi<\/em><\/p>\n\n\n\n<p>Domenico Scarlatti,\u00a0<em><a href=\"https:\/\/www.youtube.com\/watch?v=imkbI2rSy0k\">Sonates<\/a><\/em><\/p>\n\n\n\n<p>Germaine Tailleferre,&nbsp;<em>Sonata alla Scarlatti<\/em><\/p>\n\n\n\n<p>Giovanni Battista Pescetti,&nbsp;<em>Sonata per arpa&nbsp;<\/em><\/p>\n\n\n\n<p>Micha\u00ebl Levinas,\u00a0<em>Psaume &#8211; In memoriam Frescobaldi II\u00a0<\/em> (sous r\u00e9serve)<\/p>\n\n\n\n<p>Jean-S\u00e9bastien Bach,&nbsp;<em>Concerto italien<\/em><\/p>\n\n\n\n<p>\u00e0 partir de juin 2024 : cr\u00e9ations contemporaines d&rsquo;apr\u00e8s les sonates de Scarlatti<\/p>\n\n\n\n<div style=\"height:20px\" aria-hidden=\"true\" class=\"wp-block-spacer\"><\/div>\n\n\n\n<p>fiche technique d\u00e9taill\u00e9e : utiliser le<a href=\"https:\/\/constanceluzzati.com\/index.php\/contact\/\"> formulaire de contact<\/a><\/p>\n\n\n\n<div style=\"height:40px\" aria-hidden=\"true\" class=\"wp-block-spacer\"><\/div>\n","protected":false},"excerpt":{"rendered":"<p>Viaggio a Roma Lyre Romaine, harpe triple baroque qui accompagne la quasi totalit\u00e9 du r\u00e9pertoire vocal du 17e&#8230; L&rsquo;Italie est [&hellip;]<\/p>\n","protected":false},"author":1,"featured_media":0,"parent":0,"menu_order":0,"comment_status":"closed","ping_status":"closed","template":"","meta":{"_uag_custom_page_level_css":"","_monsterinsights_skip_tracking":false,"_monsterinsights_sitenote_active":false,"_monsterinsights_sitenote_note":"","_monsterinsights_sitenote_category":0,"site-sidebar-layout":"default","site-content-layout":"","ast-site-content-layout":"","site-content-style":"default","site-sidebar-style":"default","ast-global-header-display":"","ast-banner-title-visibility":"","ast-main-header-display":"","ast-hfb-above-header-display":"","ast-hfb-below-header-display":"","ast-hfb-mobile-header-display":"","site-post-title":"","ast-breadcrumbs-content":"","ast-featured-img":"","footer-sml-layout":"","theme-transparent-header-meta":"","adv-header-id-meta":"","stick-header-meta":"","header-above-stick-meta":"","header-main-stick-meta":"","header-below-stick-meta":"","astra-migrate-meta-layouts":"default","ast-page-background-enabled":"default","ast-page-background-meta":{"desktop":{"background-color":"var(--ast-global-color-4)","background-image":"","background-repeat":"repeat","background-position":"center center","background-size":"auto","background-attachment":"scroll","background-type":"","background-media":"","overlay-type":"","overlay-color":"","overlay-opacity":"","overlay-gradient":""},"tablet":{"background-color":"","background-image":"","background-repeat":"repeat","background-position":"center center","background-size":"auto","background-attachment":"scroll","background-type":"","background-media":"","overlay-type":"","overlay-color":"","overlay-opacity":"","overlay-gradient":""},"mobile":{"background-color":"","background-image":"","background-repeat":"repeat","background-position":"center center","background-size":"auto","background-attachment":"scroll","background-type":"","background-media":"","overlay-type":"","overlay-color":"","overlay-opacity":"","overlay-gradient":""}},"ast-content-background-meta":{"desktop":{"background-color":"var(--ast-global-color-5)","background-image":"","background-repeat":"repeat","background-position":"center center","background-size":"auto","background-attachment":"scroll","background-type":"","background-media":"","overlay-type":"","overlay-color":"","overlay-opacity":"","overlay-gradient":""},"tablet":{"background-color":"var(--ast-global-color-5)","background-image":"","background-repeat":"repeat","background-position":"center center","background-size":"auto","background-attachment":"scroll","background-type":"","background-media":"","overlay-type":"","overlay-color":"","overlay-opacity":"","overlay-gradient":""},"mobile":{"background-color":"var(--ast-global-color-5)","background-image":"","background-repeat":"repeat","background-position":"center center","background-size":"auto","background-attachment":"scroll","background-type":"","background-media":"","overlay-type":"","overlay-color":"","overlay-opacity":"","overlay-gradient":""}},"footnotes":""},"class_list":["post-3043","page","type-page","status-publish","hentry"],"yoast_head":"<!-- This site is optimized with the Yoast SEO plugin v25.2 - https:\/\/yoast.com\/wordpress\/plugins\/seo\/ -->\n<title>Viaggio a Roma - Constance Luzzati<\/title>\n<meta name=\"description\" content=\"Autour de Frescobaldi et Scarlatti, transcriptions et oeuvres originales inspir\u00e9es par la musique italienne ancienne.\" \/>\n<meta name=\"robots\" content=\"index, follow, max-snippet:-1, max-image-preview:large, max-video-preview:-1\" \/>\n<link rel=\"canonical\" href=\"https:\/\/constanceluzzati.com\/index.php\/viaggio-a-roma\/\" \/>\n<meta property=\"og:locale\" content=\"fr_FR\" \/>\n<meta property=\"og:type\" content=\"article\" \/>\n<meta property=\"og:title\" content=\"Viaggio a Roma - Constance Luzzati\" \/>\n<meta property=\"og:description\" content=\"Autour de Frescobaldi et Scarlatti, transcriptions et oeuvres originales inspir\u00e9es par la musique italienne ancienne.\" \/>\n<meta property=\"og:url\" content=\"https:\/\/constanceluzzati.com\/index.php\/viaggio-a-roma\/\" \/>\n<meta property=\"og:site_name\" content=\"Constance Luzzati\" \/>\n<meta property=\"article:modified_time\" content=\"2023-08-16T19:58:08+00:00\" \/>\n<meta property=\"og:image\" content=\"https:\/\/constanceluzzati.com\/wp-content\/uploads\/2023\/07\/cithara-woman-fresco-edited.jpg\" \/>\n<meta name=\"twitter:card\" content=\"summary_large_image\" \/>\n<meta name=\"twitter:label1\" content=\"Dur\u00e9e de lecture estim\u00e9e\" \/>\n\t<meta name=\"twitter:data1\" content=\"2 minutes\" \/>\n<script type=\"application\/ld+json\" class=\"yoast-schema-graph\">{\"@context\":\"https:\/\/schema.org\",\"@graph\":[{\"@type\":\"WebPage\",\"@id\":\"https:\/\/constanceluzzati.com\/index.php\/viaggio-a-roma\/\",\"url\":\"https:\/\/constanceluzzati.com\/index.php\/viaggio-a-roma\/\",\"name\":\"Viaggio a Roma - Constance Luzzati\",\"isPartOf\":{\"@id\":\"https:\/\/constanceluzzati.com\/#website\"},\"primaryImageOfPage\":{\"@id\":\"https:\/\/constanceluzzati.com\/index.php\/viaggio-a-roma\/#primaryimage\"},\"image\":{\"@id\":\"https:\/\/constanceluzzati.com\/index.php\/viaggio-a-roma\/#primaryimage\"},\"thumbnailUrl\":\"https:\/\/constanceluzzati.com\/wp-content\/uploads\/2023\/07\/cithara-woman-fresco-edited.jpg\",\"datePublished\":\"2023-08-16T19:58:05+00:00\",\"dateModified\":\"2023-08-16T19:58:08+00:00\",\"description\":\"Autour de Frescobaldi et Scarlatti, transcriptions et oeuvres originales inspir\u00e9es par la musique italienne ancienne.\",\"breadcrumb\":{\"@id\":\"https:\/\/constanceluzzati.com\/index.php\/viaggio-a-roma\/#breadcrumb\"},\"inLanguage\":\"fr-FR\",\"potentialAction\":[{\"@type\":\"ReadAction\",\"target\":[\"https:\/\/constanceluzzati.com\/index.php\/viaggio-a-roma\/\"]}]},{\"@type\":\"ImageObject\",\"inLanguage\":\"fr-FR\",\"@id\":\"https:\/\/constanceluzzati.com\/index.php\/viaggio-a-roma\/#primaryimage\",\"url\":\"https:\/\/constanceluzzati.com\/wp-content\/uploads\/2023\/07\/cithara-woman-fresco-edited.jpg\",\"contentUrl\":\"https:\/\/constanceluzzati.com\/wp-content\/uploads\/2023\/07\/cithara-woman-fresco-edited.jpg\",\"width\":650,\"height\":433},{\"@type\":\"BreadcrumbList\",\"@id\":\"https:\/\/constanceluzzati.com\/index.php\/viaggio-a-roma\/#breadcrumb\",\"itemListElement\":[{\"@type\":\"ListItem\",\"position\":1,\"name\":\"Home\",\"item\":\"https:\/\/constanceluzzati.com\/\"},{\"@type\":\"ListItem\",\"position\":2,\"name\":\"Viaggio a Roma\"}]},{\"@type\":\"WebSite\",\"@id\":\"https:\/\/constanceluzzati.com\/#website\",\"url\":\"https:\/\/constanceluzzati.com\/\",\"name\":\"Constance Luzzati\",\"description\":\"harpiste, musicologue\",\"potentialAction\":[{\"@type\":\"SearchAction\",\"target\":{\"@type\":\"EntryPoint\",\"urlTemplate\":\"https:\/\/constanceluzzati.com\/?s={search_term_string}\"},\"query-input\":{\"@type\":\"PropertyValueSpecification\",\"valueRequired\":true,\"valueName\":\"search_term_string\"}}],\"inLanguage\":\"fr-FR\"}]}<\/script>\n<!-- \/ Yoast SEO plugin. -->","yoast_head_json":{"title":"Viaggio a Roma - Constance Luzzati","description":"Autour de Frescobaldi et Scarlatti, transcriptions et oeuvres originales inspir\u00e9es par la musique italienne ancienne.","robots":{"index":"index","follow":"follow","max-snippet":"max-snippet:-1","max-image-preview":"max-image-preview:large","max-video-preview":"max-video-preview:-1"},"canonical":"https:\/\/constanceluzzati.com\/index.php\/viaggio-a-roma\/","og_locale":"fr_FR","og_type":"article","og_title":"Viaggio a Roma - Constance Luzzati","og_description":"Autour de Frescobaldi et Scarlatti, transcriptions et oeuvres originales inspir\u00e9es par la musique italienne ancienne.","og_url":"https:\/\/constanceluzzati.com\/index.php\/viaggio-a-roma\/","og_site_name":"Constance Luzzati","article_modified_time":"2023-08-16T19:58:08+00:00","og_image":[{"url":"https:\/\/constanceluzzati.com\/wp-content\/uploads\/2023\/07\/cithara-woman-fresco-edited.jpg","type":"","width":"","height":""}],"twitter_card":"summary_large_image","twitter_misc":{"Dur\u00e9e de lecture estim\u00e9e":"2 minutes"},"schema":{"@context":"https:\/\/schema.org","@graph":[{"@type":"WebPage","@id":"https:\/\/constanceluzzati.com\/index.php\/viaggio-a-roma\/","url":"https:\/\/constanceluzzati.com\/index.php\/viaggio-a-roma\/","name":"Viaggio a Roma - Constance Luzzati","isPartOf":{"@id":"https:\/\/constanceluzzati.com\/#website"},"primaryImageOfPage":{"@id":"https:\/\/constanceluzzati.com\/index.php\/viaggio-a-roma\/#primaryimage"},"image":{"@id":"https:\/\/constanceluzzati.com\/index.php\/viaggio-a-roma\/#primaryimage"},"thumbnailUrl":"https:\/\/constanceluzzati.com\/wp-content\/uploads\/2023\/07\/cithara-woman-fresco-edited.jpg","datePublished":"2023-08-16T19:58:05+00:00","dateModified":"2023-08-16T19:58:08+00:00","description":"Autour de Frescobaldi et Scarlatti, transcriptions et oeuvres originales inspir\u00e9es par la musique italienne ancienne.","breadcrumb":{"@id":"https:\/\/constanceluzzati.com\/index.php\/viaggio-a-roma\/#breadcrumb"},"inLanguage":"fr-FR","potentialAction":[{"@type":"ReadAction","target":["https:\/\/constanceluzzati.com\/index.php\/viaggio-a-roma\/"]}]},{"@type":"ImageObject","inLanguage":"fr-FR","@id":"https:\/\/constanceluzzati.com\/index.php\/viaggio-a-roma\/#primaryimage","url":"https:\/\/constanceluzzati.com\/wp-content\/uploads\/2023\/07\/cithara-woman-fresco-edited.jpg","contentUrl":"https:\/\/constanceluzzati.com\/wp-content\/uploads\/2023\/07\/cithara-woman-fresco-edited.jpg","width":650,"height":433},{"@type":"BreadcrumbList","@id":"https:\/\/constanceluzzati.com\/index.php\/viaggio-a-roma\/#breadcrumb","itemListElement":[{"@type":"ListItem","position":1,"name":"Home","item":"https:\/\/constanceluzzati.com\/"},{"@type":"ListItem","position":2,"name":"Viaggio a Roma"}]},{"@type":"WebSite","@id":"https:\/\/constanceluzzati.com\/#website","url":"https:\/\/constanceluzzati.com\/","name":"Constance Luzzati","description":"harpiste, musicologue","potentialAction":[{"@type":"SearchAction","target":{"@type":"EntryPoint","urlTemplate":"https:\/\/constanceluzzati.com\/?s={search_term_string}"},"query-input":{"@type":"PropertyValueSpecification","valueRequired":true,"valueName":"search_term_string"}}],"inLanguage":"fr-FR"}]}},"jetpack_sharing_enabled":true,"uagb_featured_image_src":{"full":false,"thumbnail":false,"medium":false,"medium_large":false,"large":false,"1536x1536":false,"2048x2048":false},"uagb_author_info":{"display_name":"cladmin","author_link":"https:\/\/constanceluzzati.com\/index.php\/author\/cladmin\/"},"uagb_comment_info":0,"uagb_excerpt":"Viaggio a Roma Lyre Romaine, harpe triple baroque qui accompagne la quasi totalit\u00e9 du r\u00e9pertoire vocal du 17e&#8230; L&rsquo;Italie est [&hellip;]","_links":{"self":[{"href":"https:\/\/constanceluzzati.com\/index.php\/wp-json\/wp\/v2\/pages\/3043"}],"collection":[{"href":"https:\/\/constanceluzzati.com\/index.php\/wp-json\/wp\/v2\/pages"}],"about":[{"href":"https:\/\/constanceluzzati.com\/index.php\/wp-json\/wp\/v2\/types\/page"}],"author":[{"embeddable":true,"href":"https:\/\/constanceluzzati.com\/index.php\/wp-json\/wp\/v2\/users\/1"}],"replies":[{"embeddable":true,"href":"https:\/\/constanceluzzati.com\/index.php\/wp-json\/wp\/v2\/comments?post=3043"}],"version-history":[{"count":1,"href":"https:\/\/constanceluzzati.com\/index.php\/wp-json\/wp\/v2\/pages\/3043\/revisions"}],"predecessor-version":[{"id":3044,"href":"https:\/\/constanceluzzati.com\/index.php\/wp-json\/wp\/v2\/pages\/3043\/revisions\/3044"}],"wp:attachment":[{"href":"https:\/\/constanceluzzati.com\/index.php\/wp-json\/wp\/v2\/media?parent=3043"}],"curies":[{"name":"wp","href":"https:\/\/api.w.org\/{rel}","templated":true}]}}