{"id":3025,"date":"2023-08-16T08:10:50","date_gmt":"2023-08-16T06:10:50","guid":{"rendered":"https:\/\/constanceluzzati.com\/?page_id=3025"},"modified":"2024-10-30T15:23:23","modified_gmt":"2024-10-30T14:23:23","slug":"voliere-magique","status":"publish","type":"page","link":"https:\/\/constanceluzzati.com\/index.php\/programmes-de-concerts-2023-2025\/voliere-magique\/","title":{"rendered":"La voli\u00e8re magique"},"content":{"rendered":"\n<h2 class=\"wp-block-heading has-text-align-center\">La voli\u00e8re magique<\/h2>\n\n\n\n<p class=\"has-text-align-center\">Plumages, ramages, chants et murmurations animent ce spectacle de mille couleurs, sonorit\u00e9s et mouvements, port\u00e9s par l\u2019envol et la chor\u00e9graphie a\u00e9rienne d\u2019Anne-Claire Gonnard. Les sons de la harpiste, qui puise parmi le tr\u00e8s riche r\u00e9pertoire musical inspir\u00e9 par les oiseaux dans leur environnement naturel, font r\u00e9sonner et vibrer les couleurs et les mondes imaginaires suscit\u00e9s par le mouvement de la circacienne. La dramaturgie du spectacle est construite \u00e0 partir d&rsquo;oeuvres et d&rsquo;extraits de pi\u00e8ces fran\u00e7aises pour clavecin, bri\u00e8vement travers\u00e9es par quelques clins d&rsquo;oeils aux r\u00e9f\u00e9rences ornithologiques les plus c\u00e9l\u00e8bres du grand r\u00e9pertoire musical. Tout en d\u00e9couvrant les merveilles cisel\u00e9es de Dandrieu et Correttte, le public sourit \u00e0 l&rsquo;\u00e9vocation fugace d&rsquo;un Papageno ou d&rsquo;un cygne plus familiers&#8230;<\/p>\n\n\n\n<div style=\"height:20px\" aria-hidden=\"true\" class=\"wp-block-spacer\"><\/div>\n\n\n\n<div class=\"wp-block-uagb-container uagb-block-71a2a8a1 alignfull uagb-is-root-container\"><div class=\"uagb-container-inner-blocks-wrap\">\n<div class=\"wp-block-uagb-container uagb-block-58cb89aa\">\n<figure class=\"wp-block-embed is-type-video is-provider-youtube wp-block-embed-youtube wp-embed-aspect-16-9 wp-has-aspect-ratio\"><div class=\"wp-block-embed__wrapper\">\n<div class=\"ast-oembed-container \" style=\"height: 100%;\"><iframe loading=\"lazy\" title=\"La Voli\u00e8re magique, teaser\" width=\"500\" height=\"281\" src=\"https:\/\/www.youtube.com\/embed\/TVpsJvvjWGk?feature=oembed\" frameborder=\"0\" allow=\"accelerometer; autoplay; clipboard-write; encrypted-media; gyroscope; picture-in-picture; web-share\" referrerpolicy=\"strict-origin-when-cross-origin\" allowfullscreen><\/iframe><\/div>\n<\/div><\/figure>\n<\/div>\n\n\n\n<div class=\"wp-block-uagb-container uagb-block-0789173c\">\n<figure class=\"wp-block-embed is-type-video is-provider-youtube wp-block-embed-youtube wp-embed-aspect-16-9 wp-has-aspect-ratio\"><div class=\"wp-block-embed__wrapper\">\n<div class=\"ast-oembed-container \" style=\"height: 100%;\"><iframe loading=\"lazy\" title=\"La Voli\u00e8re Magique, spectacle participatif pour corde lisse et harpe(s)\" width=\"500\" height=\"281\" src=\"https:\/\/www.youtube.com\/embed\/0YqA9vUjzMw?feature=oembed\" frameborder=\"0\" allow=\"accelerometer; autoplay; clipboard-write; encrypted-media; gyroscope; picture-in-picture; web-share\" referrerpolicy=\"strict-origin-when-cross-origin\" allowfullscreen><\/iframe><\/div>\n<\/div><\/figure>\n<\/div>\n<\/div><\/div>\n\n\n\n<div class=\"wp-block-media-text is-stacked-on-mobile\"><figure class=\"wp-block-media-text__media\"><img loading=\"lazy\" decoding=\"async\" width=\"1024\" height=\"768\" src=\"https:\/\/constanceluzzati.com\/wp-content\/uploads\/2023\/07\/voliere-praz-edited-1024x768.jpg\" alt=\"\" class=\"wp-image-2714 size-full\" srcset=\"https:\/\/constanceluzzati.com\/wp-content\/uploads\/2023\/07\/voliere-praz-edited-1024x768.jpg 1024w, https:\/\/constanceluzzati.com\/wp-content\/uploads\/2023\/07\/voliere-praz-edited-300x225.jpg 300w, https:\/\/constanceluzzati.com\/wp-content\/uploads\/2023\/07\/voliere-praz-edited-768x576.jpg 768w, https:\/\/constanceluzzati.com\/wp-content\/uploads\/2023\/07\/voliere-praz-edited-1536x1152.jpg 1536w, https:\/\/constanceluzzati.com\/wp-content\/uploads\/2023\/07\/voliere-praz-edited-600x450.jpg 600w, https:\/\/constanceluzzati.com\/wp-content\/uploads\/2023\/07\/voliere-praz-edited.jpg 1821w\" sizes=\"(max-width: 1024px) 100vw, 1024px\" \/><\/figure><div class=\"wp-block-media-text__content\">\n<p>Duphly, <em>Ouverture, <a href=\"https:\/\/open.spotify.com\/intl-fr\/track\/3UPeEYljyWJQkfFdAMQsnc#login\">La Forqueray<\/a><\/em><\/p>\n\n\n\n<p>Couperin, <em>Le Rossignol en amour, Les Fauvettes plaintives, Les Id\u00e9es heureuses<\/em><\/p>\n\n\n\n<p>Mozart, extrait de <em>La Fl\u00fbte enchant\u00e9e<\/em><\/p>\n\n\n\n<p>Saint-Sans, <em>Le Cygne<\/em><\/p>\n\n\n\n<p>Barbara, <em>L&rsquo;aigle noir<\/em><\/p>\n\n\n\n<p>Rameau, <em>La Poule<\/em><\/p>\n\n\n\n<p>Daquin, <em>Les Vents en courroux<\/em><\/p>\n\n\n\n<p>Corrette, <em><a href=\"https:\/\/www.youtube.com\/watch?v=swrPyxNKYbM\">Les giboul\u00e9es de mars<\/a><\/em><\/p>\n\n\n\n<p><a href=\"https:\/\/open.spotify.com\/intl-fr\/track\/0PuIVcAFanrii0Lw55xrry\">Rameau, <em>La Joyeuse<\/em><\/a><\/p>\n\n\n\n<p>Couperin, <em>Le dodo ou l&rsquo;amour au berceau<\/em><\/p>\n\n\n\n<p>Dandrieu, <em>La Lyre d&rsquo;Orph\u00e9e<\/em><\/p>\n\n\n\n<p>Boismortier, <em>La Caverneuse<\/em><\/p>\n\n\n\n<p>Lejet, <em>De lumi\u00e8res et de cieux embras\u00e9s<\/em><\/p>\n\n\n\n<p>Daquin, <em>Le Coucou<\/em><\/p>\n\n\n\n<p>Rameau, <em><a href=\"https:\/\/www.youtube.com\/watch?v=V20akk_G8UM\">Le Rappel des oiseaux<\/a><\/em><\/p>\n\n\n\n<p>Couperin, <em>Tic-toc-choc<\/em><\/p>\n<\/div><\/div>\n\n\n\n<div style=\"height:40px\" aria-hidden=\"true\" class=\"wp-block-spacer\"><\/div>\n\n\n\n<p>&#8211;<\/p>\n\n\n\n<div style=\"height:40px\" aria-hidden=\"true\" class=\"wp-block-spacer\"><\/div>\n\n\n\n<div class=\"wp-block-media-text alignwide has-media-on-the-right is-stacked-on-mobile\"><div class=\"wp-block-media-text__content\">\n<p><strong>Anne-Claire Gonnard<\/strong> a \u00e9t\u00e9 form\u00e9e \u00e0 la mise en sc\u00e8ne \u00e0 l\u2019Universit\u00e9 de Paris X-Nanterre. Cofondatrice et interpr\u00e8te de la Compagnie Alto, elle a assur\u00e9 la mise en sc\u00e8ne de pi\u00e8ces pour la rue. Trap\u00e9ziste, contorsionniste, elle se produit aussi en tant que danseuse, chanteuse et com\u00e9dienne. <\/p>\n\n\n\n<p>Sa sensibilit\u00e9 musicale la conduit \u00e0 collaborer \u00e0 des productions op\u00e9ratiques avec 2E2M, le Po\u00e8me harmonique, le ch\u0153ur Accentus, au festival d\u2019Aix comme dans les grandes maisons d\u2019op\u00e9ra nationales (Bastille, Rouen, Lille), dans des \u0153uvres de Verdi, Purcell et Bizet. Titulaire du DE de professeur des arts du cirque, et du Certificat en Dramaturgie du Cirque, elle enseigne en \u00c9cole nationale des arts du cirque.&nbsp;<\/p>\n<\/div><figure class=\"wp-block-media-text__media\"><img loading=\"lazy\" decoding=\"async\" width=\"683\" height=\"1024\" src=\"https:\/\/constanceluzzati.com\/wp-content\/uploads\/2023\/08\/anne-claire-rouge-683x1024.jpg\" alt=\"\" class=\"wp-image-3026 size-full\" srcset=\"https:\/\/constanceluzzati.com\/wp-content\/uploads\/2023\/08\/anne-claire-rouge-683x1024.jpg 683w, https:\/\/constanceluzzati.com\/wp-content\/uploads\/2023\/08\/anne-claire-rouge-200x300.jpg 200w, https:\/\/constanceluzzati.com\/wp-content\/uploads\/2023\/08\/anne-claire-rouge-600x900.jpg 600w, https:\/\/constanceluzzati.com\/wp-content\/uploads\/2023\/08\/anne-claire-rouge.jpg 724w\" sizes=\"(max-width: 683px) 100vw, 683px\" \/><\/figure><\/div>\n\n\n\n<p><\/p>\n\n\n\n<p>Fiche technique d\u00e9taill\u00e9e : <a href=\"https:\/\/constanceluzzati.com\/index.php\/contact\/\">nous contacter<\/a><\/p>\n\n\n\n<p>Le spectacle est disponible en <strong>version participative<\/strong>, pr\u00e9c\u00e9d\u00e9 d&rsquo;une master-class collective<strong> accessible \u00e0 partir de la premi\u00e8re ann\u00e9e de harpe<\/strong>.<\/p>\n\n\n\n<div style=\"height:20px\" aria-hidden=\"true\" class=\"wp-block-spacer\"><\/div>\n\n\n\n<figure class=\"wp-block-image size-large\"><img loading=\"lazy\" decoding=\"async\" width=\"1024\" height=\"819\" src=\"https:\/\/constanceluzzati.com\/wp-content\/uploads\/2023\/08\/La-voliere-magique-avec-les-eleves-de-lecole-de-harpe-dOnex-Geneve-1024x819.jpg\" alt=\"\" class=\"wp-image-3027\" srcset=\"https:\/\/constanceluzzati.com\/wp-content\/uploads\/2023\/08\/La-voliere-magique-avec-les-eleves-de-lecole-de-harpe-dOnex-Geneve-1024x819.jpg 1024w, https:\/\/constanceluzzati.com\/wp-content\/uploads\/2023\/08\/La-voliere-magique-avec-les-eleves-de-lecole-de-harpe-dOnex-Geneve-300x240.jpg 300w, https:\/\/constanceluzzati.com\/wp-content\/uploads\/2023\/08\/La-voliere-magique-avec-les-eleves-de-lecole-de-harpe-dOnex-Geneve-768x614.jpg 768w, https:\/\/constanceluzzati.com\/wp-content\/uploads\/2023\/08\/La-voliere-magique-avec-les-eleves-de-lecole-de-harpe-dOnex-Geneve-1536x1229.jpg 1536w, https:\/\/constanceluzzati.com\/wp-content\/uploads\/2023\/08\/La-voliere-magique-avec-les-eleves-de-lecole-de-harpe-dOnex-Geneve-600x480.jpg 600w, https:\/\/constanceluzzati.com\/wp-content\/uploads\/2023\/08\/La-voliere-magique-avec-les-eleves-de-lecole-de-harpe-dOnex-Geneve.jpg 2000w\" sizes=\"(max-width: 1024px) 100vw, 1024px\" \/><\/figure>\n\n\n\n<div style=\"height:40px\" aria-hidden=\"true\" class=\"wp-block-spacer\"><\/div>\n\n\n\n<p><\/p>\n","protected":false},"excerpt":{"rendered":"<p>La voli\u00e8re magique Plumages, ramages, chants et murmurations animent ce spectacle de mille couleurs, sonorit\u00e9s et mouvements, port\u00e9s par l\u2019envol [&hellip;]<\/p>\n","protected":false},"author":1,"featured_media":0,"parent":590,"menu_order":0,"comment_status":"closed","ping_status":"closed","template":"","meta":{"_uag_custom_page_level_css":"","_monsterinsights_skip_tracking":false,"_monsterinsights_sitenote_active":false,"_monsterinsights_sitenote_note":"","_monsterinsights_sitenote_category":0,"site-sidebar-layout":"default","site-content-layout":"","ast-site-content-layout":"","site-content-style":"default","site-sidebar-style":"default","ast-global-header-display":"","ast-banner-title-visibility":"","ast-main-header-display":"","ast-hfb-above-header-display":"","ast-hfb-below-header-display":"","ast-hfb-mobile-header-display":"","site-post-title":"","ast-breadcrumbs-content":"","ast-featured-img":"","footer-sml-layout":"","theme-transparent-header-meta":"","adv-header-id-meta":"","stick-header-meta":"","header-above-stick-meta":"","header-main-stick-meta":"","header-below-stick-meta":"","astra-migrate-meta-layouts":"default","ast-page-background-enabled":"default","ast-page-background-meta":{"desktop":{"background-color":"var(--ast-global-color-4)","background-image":"","background-repeat":"repeat","background-position":"center center","background-size":"auto","background-attachment":"scroll","background-type":"","background-media":"","overlay-type":"","overlay-color":"","overlay-opacity":"","overlay-gradient":""},"tablet":{"background-color":"","background-image":"","background-repeat":"repeat","background-position":"center center","background-size":"auto","background-attachment":"scroll","background-type":"","background-media":"","overlay-type":"","overlay-color":"","overlay-opacity":"","overlay-gradient":""},"mobile":{"background-color":"","background-image":"","background-repeat":"repeat","background-position":"center center","background-size":"auto","background-attachment":"scroll","background-type":"","background-media":"","overlay-type":"","overlay-color":"","overlay-opacity":"","overlay-gradient":""}},"ast-content-background-meta":{"desktop":{"background-color":"var(--ast-global-color-5)","background-image":"","background-repeat":"repeat","background-position":"center center","background-size":"auto","background-attachment":"scroll","background-type":"","background-media":"","overlay-type":"","overlay-color":"","overlay-opacity":"","overlay-gradient":""},"tablet":{"background-color":"var(--ast-global-color-5)","background-image":"","background-repeat":"repeat","background-position":"center center","background-size":"auto","background-attachment":"scroll","background-type":"","background-media":"","overlay-type":"","overlay-color":"","overlay-opacity":"","overlay-gradient":""},"mobile":{"background-color":"var(--ast-global-color-5)","background-image":"","background-repeat":"repeat","background-position":"center center","background-size":"auto","background-attachment":"scroll","background-type":"","background-media":"","overlay-type":"","overlay-color":"","overlay-opacity":"","overlay-gradient":""}},"footnotes":""},"class_list":["post-3025","page","type-page","status-publish","hentry"],"yoast_head":"<!-- This site is optimized with the Yoast SEO plugin v25.2 - https:\/\/yoast.com\/wordpress\/plugins\/seo\/ -->\n<title>La voli\u00e8re magique - Constance Luzzati<\/title>\n<meta name=\"description\" content=\"Envol\u00e9es a\u00e9riennes et musicales des oiseaux \u00e9voqu\u00e9s par un spectacle tous publics associant corde lisse, cerceau et harpe\" \/>\n<meta name=\"robots\" content=\"index, follow, max-snippet:-1, max-image-preview:large, max-video-preview:-1\" \/>\n<link rel=\"canonical\" href=\"https:\/\/constanceluzzati.com\/index.php\/programmes-de-concerts-2023-2025\/voliere-magique\/\" \/>\n<meta property=\"og:locale\" content=\"fr_FR\" \/>\n<meta property=\"og:type\" content=\"article\" \/>\n<meta property=\"og:title\" content=\"La voli\u00e8re magique - Constance Luzzati\" \/>\n<meta property=\"og:description\" content=\"Envol\u00e9es a\u00e9riennes et musicales des oiseaux \u00e9voqu\u00e9s par un spectacle tous publics associant corde lisse, cerceau et harpe\" \/>\n<meta property=\"og:url\" content=\"https:\/\/constanceluzzati.com\/index.php\/programmes-de-concerts-2023-2025\/voliere-magique\/\" \/>\n<meta property=\"og:site_name\" content=\"Constance Luzzati\" \/>\n<meta property=\"article:modified_time\" content=\"2024-10-30T14:23:23+00:00\" \/>\n<meta property=\"og:image\" content=\"https:\/\/constanceluzzati.com\/wp-content\/uploads\/2023\/07\/voliere-praz-edited-1024x768.jpg\" \/>\n<meta name=\"twitter:card\" content=\"summary_large_image\" \/>\n<meta name=\"twitter:label1\" content=\"Dur\u00e9e de lecture estim\u00e9e\" \/>\n\t<meta name=\"twitter:data1\" content=\"3 minutes\" \/>\n<script type=\"application\/ld+json\" class=\"yoast-schema-graph\">{\"@context\":\"https:\/\/schema.org\",\"@graph\":[{\"@type\":\"WebPage\",\"@id\":\"https:\/\/constanceluzzati.com\/index.php\/programmes-de-concerts-2023-2025\/voliere-magique\/\",\"url\":\"https:\/\/constanceluzzati.com\/index.php\/programmes-de-concerts-2023-2025\/voliere-magique\/\",\"name\":\"La voli\u00e8re magique - Constance Luzzati\",\"isPartOf\":{\"@id\":\"https:\/\/constanceluzzati.com\/#website\"},\"primaryImageOfPage\":{\"@id\":\"https:\/\/constanceluzzati.com\/index.php\/programmes-de-concerts-2023-2025\/voliere-magique\/#primaryimage\"},\"image\":{\"@id\":\"https:\/\/constanceluzzati.com\/index.php\/programmes-de-concerts-2023-2025\/voliere-magique\/#primaryimage\"},\"thumbnailUrl\":\"https:\/\/constanceluzzati.com\/wp-content\/uploads\/2023\/07\/voliere-praz-edited-1024x768.jpg\",\"datePublished\":\"2023-08-16T06:10:50+00:00\",\"dateModified\":\"2024-10-30T14:23:23+00:00\",\"description\":\"Envol\u00e9es a\u00e9riennes et musicales des oiseaux \u00e9voqu\u00e9s par un spectacle tous publics associant corde lisse, cerceau et harpe\",\"breadcrumb\":{\"@id\":\"https:\/\/constanceluzzati.com\/index.php\/programmes-de-concerts-2023-2025\/voliere-magique\/#breadcrumb\"},\"inLanguage\":\"fr-FR\",\"potentialAction\":[{\"@type\":\"ReadAction\",\"target\":[\"https:\/\/constanceluzzati.com\/index.php\/programmes-de-concerts-2023-2025\/voliere-magique\/\"]}]},{\"@type\":\"ImageObject\",\"inLanguage\":\"fr-FR\",\"@id\":\"https:\/\/constanceluzzati.com\/index.php\/programmes-de-concerts-2023-2025\/voliere-magique\/#primaryimage\",\"url\":\"https:\/\/constanceluzzati.com\/wp-content\/uploads\/2023\/07\/voliere-praz-edited.jpg\",\"contentUrl\":\"https:\/\/constanceluzzati.com\/wp-content\/uploads\/2023\/07\/voliere-praz-edited.jpg\",\"width\":1821,\"height\":1366},{\"@type\":\"BreadcrumbList\",\"@id\":\"https:\/\/constanceluzzati.com\/index.php\/programmes-de-concerts-2023-2025\/voliere-magique\/#breadcrumb\",\"itemListElement\":[{\"@type\":\"ListItem\",\"position\":1,\"name\":\"Home\",\"item\":\"https:\/\/constanceluzzati.com\/\"},{\"@type\":\"ListItem\",\"position\":2,\"name\":\"Programmes de concerts 2024-2026\",\"item\":\"https:\/\/constanceluzzati.com\/index.php\/programmes-de-concerts-2023-2025\/\"},{\"@type\":\"ListItem\",\"position\":3,\"name\":\"La voli\u00e8re magique\"}]},{\"@type\":\"WebSite\",\"@id\":\"https:\/\/constanceluzzati.com\/#website\",\"url\":\"https:\/\/constanceluzzati.com\/\",\"name\":\"Constance Luzzati\",\"description\":\"harpiste, musicologue\",\"potentialAction\":[{\"@type\":\"SearchAction\",\"target\":{\"@type\":\"EntryPoint\",\"urlTemplate\":\"https:\/\/constanceluzzati.com\/?s={search_term_string}\"},\"query-input\":{\"@type\":\"PropertyValueSpecification\",\"valueRequired\":true,\"valueName\":\"search_term_string\"}}],\"inLanguage\":\"fr-FR\"}]}<\/script>\n<!-- \/ Yoast SEO plugin. -->","yoast_head_json":{"title":"La voli\u00e8re magique - Constance Luzzati","description":"Envol\u00e9es a\u00e9riennes et musicales des oiseaux \u00e9voqu\u00e9s par un spectacle tous publics associant corde lisse, cerceau et harpe","robots":{"index":"index","follow":"follow","max-snippet":"max-snippet:-1","max-image-preview":"max-image-preview:large","max-video-preview":"max-video-preview:-1"},"canonical":"https:\/\/constanceluzzati.com\/index.php\/programmes-de-concerts-2023-2025\/voliere-magique\/","og_locale":"fr_FR","og_type":"article","og_title":"La voli\u00e8re magique - Constance Luzzati","og_description":"Envol\u00e9es a\u00e9riennes et musicales des oiseaux \u00e9voqu\u00e9s par un spectacle tous publics associant corde lisse, cerceau et harpe","og_url":"https:\/\/constanceluzzati.com\/index.php\/programmes-de-concerts-2023-2025\/voliere-magique\/","og_site_name":"Constance Luzzati","article_modified_time":"2024-10-30T14:23:23+00:00","og_image":[{"url":"https:\/\/constanceluzzati.com\/wp-content\/uploads\/2023\/07\/voliere-praz-edited-1024x768.jpg","type":"","width":"","height":""}],"twitter_card":"summary_large_image","twitter_misc":{"Dur\u00e9e de lecture estim\u00e9e":"3 minutes"},"schema":{"@context":"https:\/\/schema.org","@graph":[{"@type":"WebPage","@id":"https:\/\/constanceluzzati.com\/index.php\/programmes-de-concerts-2023-2025\/voliere-magique\/","url":"https:\/\/constanceluzzati.com\/index.php\/programmes-de-concerts-2023-2025\/voliere-magique\/","name":"La voli\u00e8re magique - Constance Luzzati","isPartOf":{"@id":"https:\/\/constanceluzzati.com\/#website"},"primaryImageOfPage":{"@id":"https:\/\/constanceluzzati.com\/index.php\/programmes-de-concerts-2023-2025\/voliere-magique\/#primaryimage"},"image":{"@id":"https:\/\/constanceluzzati.com\/index.php\/programmes-de-concerts-2023-2025\/voliere-magique\/#primaryimage"},"thumbnailUrl":"https:\/\/constanceluzzati.com\/wp-content\/uploads\/2023\/07\/voliere-praz-edited-1024x768.jpg","datePublished":"2023-08-16T06:10:50+00:00","dateModified":"2024-10-30T14:23:23+00:00","description":"Envol\u00e9es a\u00e9riennes et musicales des oiseaux \u00e9voqu\u00e9s par un spectacle tous publics associant corde lisse, cerceau et harpe","breadcrumb":{"@id":"https:\/\/constanceluzzati.com\/index.php\/programmes-de-concerts-2023-2025\/voliere-magique\/#breadcrumb"},"inLanguage":"fr-FR","potentialAction":[{"@type":"ReadAction","target":["https:\/\/constanceluzzati.com\/index.php\/programmes-de-concerts-2023-2025\/voliere-magique\/"]}]},{"@type":"ImageObject","inLanguage":"fr-FR","@id":"https:\/\/constanceluzzati.com\/index.php\/programmes-de-concerts-2023-2025\/voliere-magique\/#primaryimage","url":"https:\/\/constanceluzzati.com\/wp-content\/uploads\/2023\/07\/voliere-praz-edited.jpg","contentUrl":"https:\/\/constanceluzzati.com\/wp-content\/uploads\/2023\/07\/voliere-praz-edited.jpg","width":1821,"height":1366},{"@type":"BreadcrumbList","@id":"https:\/\/constanceluzzati.com\/index.php\/programmes-de-concerts-2023-2025\/voliere-magique\/#breadcrumb","itemListElement":[{"@type":"ListItem","position":1,"name":"Home","item":"https:\/\/constanceluzzati.com\/"},{"@type":"ListItem","position":2,"name":"Programmes de concerts 2024-2026","item":"https:\/\/constanceluzzati.com\/index.php\/programmes-de-concerts-2023-2025\/"},{"@type":"ListItem","position":3,"name":"La voli\u00e8re magique"}]},{"@type":"WebSite","@id":"https:\/\/constanceluzzati.com\/#website","url":"https:\/\/constanceluzzati.com\/","name":"Constance Luzzati","description":"harpiste, musicologue","potentialAction":[{"@type":"SearchAction","target":{"@type":"EntryPoint","urlTemplate":"https:\/\/constanceluzzati.com\/?s={search_term_string}"},"query-input":{"@type":"PropertyValueSpecification","valueRequired":true,"valueName":"search_term_string"}}],"inLanguage":"fr-FR"}]}},"jetpack_sharing_enabled":true,"uagb_featured_image_src":{"full":false,"thumbnail":false,"medium":false,"medium_large":false,"large":false,"1536x1536":false,"2048x2048":false},"uagb_author_info":{"display_name":"cladmin","author_link":"https:\/\/constanceluzzati.com\/index.php\/author\/cladmin\/"},"uagb_comment_info":0,"uagb_excerpt":"La voli\u00e8re magique Plumages, ramages, chants et murmurations animent ce spectacle de mille couleurs, sonorit\u00e9s et mouvements, port\u00e9s par l\u2019envol [&hellip;]","_links":{"self":[{"href":"https:\/\/constanceluzzati.com\/index.php\/wp-json\/wp\/v2\/pages\/3025"}],"collection":[{"href":"https:\/\/constanceluzzati.com\/index.php\/wp-json\/wp\/v2\/pages"}],"about":[{"href":"https:\/\/constanceluzzati.com\/index.php\/wp-json\/wp\/v2\/types\/page"}],"author":[{"embeddable":true,"href":"https:\/\/constanceluzzati.com\/index.php\/wp-json\/wp\/v2\/users\/1"}],"replies":[{"embeddable":true,"href":"https:\/\/constanceluzzati.com\/index.php\/wp-json\/wp\/v2\/comments?post=3025"}],"version-history":[{"count":3,"href":"https:\/\/constanceluzzati.com\/index.php\/wp-json\/wp\/v2\/pages\/3025\/revisions"}],"predecessor-version":[{"id":6663,"href":"https:\/\/constanceluzzati.com\/index.php\/wp-json\/wp\/v2\/pages\/3025\/revisions\/6663"}],"up":[{"embeddable":true,"href":"https:\/\/constanceluzzati.com\/index.php\/wp-json\/wp\/v2\/pages\/590"}],"wp:attachment":[{"href":"https:\/\/constanceluzzati.com\/index.php\/wp-json\/wp\/v2\/media?parent=3025"}],"curies":[{"name":"wp","href":"https:\/\/api.w.org\/{rel}","templated":true}]}}