{"id":2968,"date":"2023-08-14T15:53:32","date_gmt":"2023-08-14T13:53:32","guid":{"rendered":"https:\/\/constanceluzzati.com\/?page_id=2968"},"modified":"2023-08-15T16:45:04","modified_gmt":"2023-08-15T14:45:04","slug":"harpe-eolienne-concert-nature-exterieur","status":"publish","type":"page","link":"https:\/\/constanceluzzati.com\/index.php\/programmes-de-concerts-2023-2025\/harpe-eolienne-concert-nature-exterieur\/","title":{"rendered":"La harpe \u00e9olienne"},"content":{"rendered":"\n<h2 class=\"has-text-align-center wp-block-heading\">La harpe \u00e9olienne<\/h2>\n\n\n\n<p class=\"has-text-align-center\">La brise fait vibrer les cordes de la harpe, les silences sont habit\u00e9s par les r\u00e9sonances que le souffle du vent entretient. Les pi\u00e8ces \u00e9voquant l&rsquo;aube l\u00e9g\u00e8re, les lumi\u00e8res du soir, l&rsquo;eau qui coule, les p\u00e9piements des oiseaux ou les vents qui d\u00e9coiffent font \u00e9cho aux espaces ext\u00e9rieurs. La fluidit\u00e9 des arp\u00e8ges de la harpe a inspir\u00e9 nombre de compositeurs, qui lui ont volontiers associ\u00e9 les \u00e9l\u00e9ments aquatiques et a\u00e9riens.<\/p>\n\n\n\n<p class=\"has-text-align-center\">Un programme \u00e0 entendre en pleine nature, sous des ch\u00eanes, pr\u00e8s de l&rsquo;eau, dans un jardin, au petit matin, en plein midi ou au couchant.<\/p>\n\n\n\n<div style=\"height:20px\" aria-hidden=\"true\" class=\"wp-block-spacer\"><\/div>\n\n\n\n<figure class=\"wp-block-gallery has-nested-images columns-2 is-cropped wp-block-gallery-1 is-layout-flex wp-block-gallery-is-layout-flex\">\n<figure class=\"wp-block-image size-large\"><img loading=\"lazy\" decoding=\"async\" width=\"683\" height=\"1024\" data-id=\"2969\" src=\"https:\/\/constanceluzzati.com\/wp-content\/uploads\/2023\/08\/fullsizeoutput_371b-683x1024.jpeg\" alt=\"\" class=\"wp-image-2969\" srcset=\"https:\/\/constanceluzzati.com\/wp-content\/uploads\/2023\/08\/fullsizeoutput_371b-683x1024.jpeg 683w, https:\/\/constanceluzzati.com\/wp-content\/uploads\/2023\/08\/fullsizeoutput_371b-200x300.jpeg 200w, https:\/\/constanceluzzati.com\/wp-content\/uploads\/2023\/08\/fullsizeoutput_371b-768x1152.jpeg 768w, https:\/\/constanceluzzati.com\/wp-content\/uploads\/2023\/08\/fullsizeoutput_371b-1024x1536.jpeg 1024w, https:\/\/constanceluzzati.com\/wp-content\/uploads\/2023\/08\/fullsizeoutput_371b-1365x2048.jpeg 1365w, https:\/\/constanceluzzati.com\/wp-content\/uploads\/2023\/08\/fullsizeoutput_371b-600x900.jpeg 600w, https:\/\/constanceluzzati.com\/wp-content\/uploads\/2023\/08\/fullsizeoutput_371b-scaled.jpeg 1707w\" sizes=\"(max-width: 683px) 100vw, 683px\" \/><figcaption class=\"wp-element-caption\">\u00a9OraneBenoit2023<\/figcaption><\/figure>\n\n\n\n<figure class=\"wp-block-image size-large\"><img loading=\"lazy\" decoding=\"async\" width=\"683\" height=\"1024\" data-id=\"2970\" src=\"https:\/\/constanceluzzati.com\/wp-content\/uploads\/2023\/08\/P1166751-683x1024.jpg\" alt=\"\" class=\"wp-image-2970\" srcset=\"https:\/\/constanceluzzati.com\/wp-content\/uploads\/2023\/08\/P1166751-683x1024.jpg 683w, https:\/\/constanceluzzati.com\/wp-content\/uploads\/2023\/08\/P1166751-200x300.jpg 200w, https:\/\/constanceluzzati.com\/wp-content\/uploads\/2023\/08\/P1166751-768x1152.jpg 768w, https:\/\/constanceluzzati.com\/wp-content\/uploads\/2023\/08\/P1166751-1024x1536.jpg 1024w, https:\/\/constanceluzzati.com\/wp-content\/uploads\/2023\/08\/P1166751-1365x2048.jpg 1365w, https:\/\/constanceluzzati.com\/wp-content\/uploads\/2023\/08\/P1166751-600x900.jpg 600w, https:\/\/constanceluzzati.com\/wp-content\/uploads\/2023\/08\/P1166751-scaled.jpg 1707w\" sizes=\"(max-width: 683px) 100vw, 683px\" \/><figcaption class=\"wp-element-caption\">\u00a9OraneBenoit2023<\/figcaption><\/figure>\n\n\n\n<figure class=\"wp-block-image size-large\"><img loading=\"lazy\" decoding=\"async\" width=\"1024\" height=\"683\" data-id=\"2971\" src=\"https:\/\/constanceluzzati.com\/wp-content\/uploads\/2023\/08\/P1166665-1024x683.jpg\" alt=\"\" class=\"wp-image-2971\" srcset=\"https:\/\/constanceluzzati.com\/wp-content\/uploads\/2023\/08\/P1166665-1024x683.jpg 1024w, https:\/\/constanceluzzati.com\/wp-content\/uploads\/2023\/08\/P1166665-300x200.jpg 300w, https:\/\/constanceluzzati.com\/wp-content\/uploads\/2023\/08\/P1166665-768x512.jpg 768w, https:\/\/constanceluzzati.com\/wp-content\/uploads\/2023\/08\/P1166665-1536x1024.jpg 1536w, https:\/\/constanceluzzati.com\/wp-content\/uploads\/2023\/08\/P1166665-2048x1365.jpg 2048w, https:\/\/constanceluzzati.com\/wp-content\/uploads\/2023\/08\/P1166665-600x400.jpg 600w\" sizes=\"(max-width: 1024px) 100vw, 1024px\" \/><figcaption class=\"wp-element-caption\">\u00a9OraneBenoit2023<\/figcaption><\/figure>\n<\/figure>\n\n\n\n<div class=\"wp-block-group is-layout-constrained wp-block-group-is-layout-constrained\">\n<div style=\"height:40px\" aria-hidden=\"true\" class=\"wp-block-spacer\"><\/div>\n\n\n\n<p><strong>harpe seule<\/strong><\/p>\n\n\n\n<p>Marcel Grandjany,&nbsp;<em>Dans la for\u00eat du charme et de l\u2019enchantement<\/em><\/p>\n\n\n\n<p>Fuminori Tanada,&nbsp;<em>Mysterious morning<\/em><\/p>\n\n\n\n<p>Marcel Tournier,&nbsp;<em>Au matin<\/em><\/p>\n<\/div>\n\n\n\n<p>John Cage,&nbsp;<em>In a landscape<\/em><\/p>\n\n\n\n<p>Alphonse Hasselmans,&nbsp;<em>La Source<\/em><\/p>\n\n\n\n<p>Robert Schumann,&nbsp;<em>L\u2019oiseau proph\u00e8te<\/em><\/p>\n\n\n\n<p>Louis-Claude Daquin,&nbsp;<em>Le Coucou<\/em><\/p>\n\n\n\n<p>Fran\u00e7ois Couperin,&nbsp;<em>Le Rossignol en amour<\/em><\/p>\n\n\n\n<p>Jean-Philippe Rameau,&nbsp;<em><a href=\"https:\/\/www.youtube.com\/watch?v=V20akk_G8UM\">Le Rappel des oiseaux<\/a><\/em><\/p>\n\n\n\n<p>Michel Corrette,&nbsp;<em>Les giboul\u00e9es de mars<\/em><\/p>\n\n\n\n<p>Louis-Claude Daquin,&nbsp;<em>Les vents en courroux<\/em><\/p>\n\n\n\n<p>Claude Debussy,&nbsp;<em>Le vent dans la pleine<\/em><\/p>\n\n\n\n<p>Jacques Ibert,&nbsp;<em>En barque, le soir<\/em>&#8230;<\/p>\n\n\n\n<p>Edith Lejet,&nbsp;<em>De lumi\u00e8re et de cieux embras\u00e9s<\/em><\/p>\n\n\n\n<p><\/p>\n\n\n\n<p>Fiche technique d\u00e9taill\u00e9e : utiliser le <a href=\"https:\/\/constanceluzzati.com\/index.php\/contact\/\">formulaire de contact<\/a><\/p>\n\n\n\n<p>programme disponible \u00e0 partir du printemps 2024<\/p>\n\n\n\n<div style=\"height:40px\" aria-hidden=\"true\" class=\"wp-block-spacer\"><\/div>\n","protected":false},"excerpt":{"rendered":"<p>La harpe \u00e9olienne La brise fait vibrer les cordes de la harpe, les silences sont habit\u00e9s par les r\u00e9sonances que [&hellip;]<\/p>\n","protected":false},"author":1,"featured_media":0,"parent":590,"menu_order":0,"comment_status":"closed","ping_status":"closed","template":"","meta":{"_uag_custom_page_level_css":"","_monsterinsights_skip_tracking":false,"_monsterinsights_sitenote_active":false,"_monsterinsights_sitenote_note":"","_monsterinsights_sitenote_category":0,"site-sidebar-layout":"default","site-content-layout":"","ast-site-content-layout":"","site-content-style":"default","site-sidebar-style":"default","ast-global-header-display":"","ast-banner-title-visibility":"","ast-main-header-display":"","ast-hfb-above-header-display":"","ast-hfb-below-header-display":"","ast-hfb-mobile-header-display":"","site-post-title":"","ast-breadcrumbs-content":"","ast-featured-img":"","footer-sml-layout":"","theme-transparent-header-meta":"","adv-header-id-meta":"","stick-header-meta":"","header-above-stick-meta":"","header-main-stick-meta":"","header-below-stick-meta":"","astra-migrate-meta-layouts":"default","ast-page-background-enabled":"default","ast-page-background-meta":{"desktop":{"background-color":"var(--ast-global-color-4)","background-image":"","background-repeat":"repeat","background-position":"center center","background-size":"auto","background-attachment":"scroll","background-type":"","background-media":"","overlay-type":"","overlay-color":"","overlay-opacity":"","overlay-gradient":""},"tablet":{"background-color":"","background-image":"","background-repeat":"repeat","background-position":"center center","background-size":"auto","background-attachment":"scroll","background-type":"","background-media":"","overlay-type":"","overlay-color":"","overlay-opacity":"","overlay-gradient":""},"mobile":{"background-color":"","background-image":"","background-repeat":"repeat","background-position":"center center","background-size":"auto","background-attachment":"scroll","background-type":"","background-media":"","overlay-type":"","overlay-color":"","overlay-opacity":"","overlay-gradient":""}},"ast-content-background-meta":{"desktop":{"background-color":"var(--ast-global-color-5)","background-image":"","background-repeat":"repeat","background-position":"center center","background-size":"auto","background-attachment":"scroll","background-type":"","background-media":"","overlay-type":"","overlay-color":"","overlay-opacity":"","overlay-gradient":""},"tablet":{"background-color":"var(--ast-global-color-5)","background-image":"","background-repeat":"repeat","background-position":"center center","background-size":"auto","background-attachment":"scroll","background-type":"","background-media":"","overlay-type":"","overlay-color":"","overlay-opacity":"","overlay-gradient":""},"mobile":{"background-color":"var(--ast-global-color-5)","background-image":"","background-repeat":"repeat","background-position":"center center","background-size":"auto","background-attachment":"scroll","background-type":"","background-media":"","overlay-type":"","overlay-color":"","overlay-opacity":"","overlay-gradient":""}},"footnotes":""},"class_list":["post-2968","page","type-page","status-publish","hentry"],"yoast_head":"<!-- This site is optimized with the Yoast SEO plugin v25.2 - https:\/\/yoast.com\/wordpress\/plugins\/seo\/ -->\n<title>La harpe \u00e9olienne - Constance Luzzati<\/title>\n<meta name=\"description\" content=\"La harpe \u00e9olienne : un programme \u00e0 entendre en pleine nature, quand la brise fait vibrer les cordes de la harpe\" \/>\n<meta name=\"robots\" content=\"index, follow, max-snippet:-1, max-image-preview:large, max-video-preview:-1\" \/>\n<link rel=\"canonical\" href=\"https:\/\/constanceluzzati.com\/index.php\/programmes-de-concerts-2023-2025\/harpe-eolienne-concert-nature-exterieur\/\" \/>\n<meta property=\"og:locale\" content=\"fr_FR\" \/>\n<meta property=\"og:type\" content=\"article\" \/>\n<meta property=\"og:title\" content=\"La harpe \u00e9olienne - Constance Luzzati\" \/>\n<meta property=\"og:description\" content=\"La harpe \u00e9olienne : un programme \u00e0 entendre en pleine nature, quand la brise fait vibrer les cordes de la harpe\" \/>\n<meta property=\"og:url\" content=\"https:\/\/constanceluzzati.com\/index.php\/programmes-de-concerts-2023-2025\/harpe-eolienne-concert-nature-exterieur\/\" \/>\n<meta property=\"og:site_name\" content=\"Constance Luzzati\" \/>\n<meta property=\"article:modified_time\" content=\"2023-08-15T14:45:04+00:00\" \/>\n<meta property=\"og:image\" content=\"https:\/\/constanceluzzati.com\/wp-content\/uploads\/2023\/08\/fullsizeoutput_371b-683x1024.jpeg\" \/>\n<meta name=\"twitter:card\" content=\"summary_large_image\" \/>\n<meta name=\"twitter:label1\" content=\"Dur\u00e9e de lecture estim\u00e9e\" \/>\n\t<meta name=\"twitter:data1\" content=\"2 minutes\" \/>\n<script type=\"application\/ld+json\" class=\"yoast-schema-graph\">{\"@context\":\"https:\/\/schema.org\",\"@graph\":[{\"@type\":\"WebPage\",\"@id\":\"https:\/\/constanceluzzati.com\/index.php\/programmes-de-concerts-2023-2025\/harpe-eolienne-concert-nature-exterieur\/\",\"url\":\"https:\/\/constanceluzzati.com\/index.php\/programmes-de-concerts-2023-2025\/harpe-eolienne-concert-nature-exterieur\/\",\"name\":\"La harpe \u00e9olienne - Constance Luzzati\",\"isPartOf\":{\"@id\":\"https:\/\/constanceluzzati.com\/#website\"},\"primaryImageOfPage\":{\"@id\":\"https:\/\/constanceluzzati.com\/index.php\/programmes-de-concerts-2023-2025\/harpe-eolienne-concert-nature-exterieur\/#primaryimage\"},\"image\":{\"@id\":\"https:\/\/constanceluzzati.com\/index.php\/programmes-de-concerts-2023-2025\/harpe-eolienne-concert-nature-exterieur\/#primaryimage\"},\"thumbnailUrl\":\"https:\/\/constanceluzzati.com\/wp-content\/uploads\/2023\/08\/fullsizeoutput_371b-683x1024.jpeg\",\"datePublished\":\"2023-08-14T13:53:32+00:00\",\"dateModified\":\"2023-08-15T14:45:04+00:00\",\"description\":\"La harpe \u00e9olienne : un programme \u00e0 entendre en pleine nature, quand la brise fait vibrer les cordes de la harpe\",\"breadcrumb\":{\"@id\":\"https:\/\/constanceluzzati.com\/index.php\/programmes-de-concerts-2023-2025\/harpe-eolienne-concert-nature-exterieur\/#breadcrumb\"},\"inLanguage\":\"fr-FR\",\"potentialAction\":[{\"@type\":\"ReadAction\",\"target\":[\"https:\/\/constanceluzzati.com\/index.php\/programmes-de-concerts-2023-2025\/harpe-eolienne-concert-nature-exterieur\/\"]}]},{\"@type\":\"ImageObject\",\"inLanguage\":\"fr-FR\",\"@id\":\"https:\/\/constanceluzzati.com\/index.php\/programmes-de-concerts-2023-2025\/harpe-eolienne-concert-nature-exterieur\/#primaryimage\",\"url\":\"https:\/\/constanceluzzati.com\/wp-content\/uploads\/2023\/08\/fullsizeoutput_371b-683x1024.jpeg\",\"contentUrl\":\"https:\/\/constanceluzzati.com\/wp-content\/uploads\/2023\/08\/fullsizeoutput_371b-683x1024.jpeg\"},{\"@type\":\"BreadcrumbList\",\"@id\":\"https:\/\/constanceluzzati.com\/index.php\/programmes-de-concerts-2023-2025\/harpe-eolienne-concert-nature-exterieur\/#breadcrumb\",\"itemListElement\":[{\"@type\":\"ListItem\",\"position\":1,\"name\":\"Home\",\"item\":\"https:\/\/constanceluzzati.com\/\"},{\"@type\":\"ListItem\",\"position\":2,\"name\":\"Programmes de concerts 2024-2026\",\"item\":\"https:\/\/constanceluzzati.com\/index.php\/programmes-de-concerts-2023-2025\/\"},{\"@type\":\"ListItem\",\"position\":3,\"name\":\"La harpe \u00e9olienne\"}]},{\"@type\":\"WebSite\",\"@id\":\"https:\/\/constanceluzzati.com\/#website\",\"url\":\"https:\/\/constanceluzzati.com\/\",\"name\":\"Constance Luzzati\",\"description\":\"harpiste, musicologue\",\"potentialAction\":[{\"@type\":\"SearchAction\",\"target\":{\"@type\":\"EntryPoint\",\"urlTemplate\":\"https:\/\/constanceluzzati.com\/?s={search_term_string}\"},\"query-input\":{\"@type\":\"PropertyValueSpecification\",\"valueRequired\":true,\"valueName\":\"search_term_string\"}}],\"inLanguage\":\"fr-FR\"}]}<\/script>\n<!-- \/ Yoast SEO plugin. -->","yoast_head_json":{"title":"La harpe \u00e9olienne - Constance Luzzati","description":"La harpe \u00e9olienne : un programme \u00e0 entendre en pleine nature, quand la brise fait vibrer les cordes de la harpe","robots":{"index":"index","follow":"follow","max-snippet":"max-snippet:-1","max-image-preview":"max-image-preview:large","max-video-preview":"max-video-preview:-1"},"canonical":"https:\/\/constanceluzzati.com\/index.php\/programmes-de-concerts-2023-2025\/harpe-eolienne-concert-nature-exterieur\/","og_locale":"fr_FR","og_type":"article","og_title":"La harpe \u00e9olienne - Constance Luzzati","og_description":"La harpe \u00e9olienne : un programme \u00e0 entendre en pleine nature, quand la brise fait vibrer les cordes de la harpe","og_url":"https:\/\/constanceluzzati.com\/index.php\/programmes-de-concerts-2023-2025\/harpe-eolienne-concert-nature-exterieur\/","og_site_name":"Constance Luzzati","article_modified_time":"2023-08-15T14:45:04+00:00","og_image":[{"url":"https:\/\/constanceluzzati.com\/wp-content\/uploads\/2023\/08\/fullsizeoutput_371b-683x1024.jpeg","type":"","width":"","height":""}],"twitter_card":"summary_large_image","twitter_misc":{"Dur\u00e9e de lecture estim\u00e9e":"2 minutes"},"schema":{"@context":"https:\/\/schema.org","@graph":[{"@type":"WebPage","@id":"https:\/\/constanceluzzati.com\/index.php\/programmes-de-concerts-2023-2025\/harpe-eolienne-concert-nature-exterieur\/","url":"https:\/\/constanceluzzati.com\/index.php\/programmes-de-concerts-2023-2025\/harpe-eolienne-concert-nature-exterieur\/","name":"La harpe \u00e9olienne - Constance Luzzati","isPartOf":{"@id":"https:\/\/constanceluzzati.com\/#website"},"primaryImageOfPage":{"@id":"https:\/\/constanceluzzati.com\/index.php\/programmes-de-concerts-2023-2025\/harpe-eolienne-concert-nature-exterieur\/#primaryimage"},"image":{"@id":"https:\/\/constanceluzzati.com\/index.php\/programmes-de-concerts-2023-2025\/harpe-eolienne-concert-nature-exterieur\/#primaryimage"},"thumbnailUrl":"https:\/\/constanceluzzati.com\/wp-content\/uploads\/2023\/08\/fullsizeoutput_371b-683x1024.jpeg","datePublished":"2023-08-14T13:53:32+00:00","dateModified":"2023-08-15T14:45:04+00:00","description":"La harpe \u00e9olienne : un programme \u00e0 entendre en pleine nature, quand la brise fait vibrer les cordes de la harpe","breadcrumb":{"@id":"https:\/\/constanceluzzati.com\/index.php\/programmes-de-concerts-2023-2025\/harpe-eolienne-concert-nature-exterieur\/#breadcrumb"},"inLanguage":"fr-FR","potentialAction":[{"@type":"ReadAction","target":["https:\/\/constanceluzzati.com\/index.php\/programmes-de-concerts-2023-2025\/harpe-eolienne-concert-nature-exterieur\/"]}]},{"@type":"ImageObject","inLanguage":"fr-FR","@id":"https:\/\/constanceluzzati.com\/index.php\/programmes-de-concerts-2023-2025\/harpe-eolienne-concert-nature-exterieur\/#primaryimage","url":"https:\/\/constanceluzzati.com\/wp-content\/uploads\/2023\/08\/fullsizeoutput_371b-683x1024.jpeg","contentUrl":"https:\/\/constanceluzzati.com\/wp-content\/uploads\/2023\/08\/fullsizeoutput_371b-683x1024.jpeg"},{"@type":"BreadcrumbList","@id":"https:\/\/constanceluzzati.com\/index.php\/programmes-de-concerts-2023-2025\/harpe-eolienne-concert-nature-exterieur\/#breadcrumb","itemListElement":[{"@type":"ListItem","position":1,"name":"Home","item":"https:\/\/constanceluzzati.com\/"},{"@type":"ListItem","position":2,"name":"Programmes de concerts 2024-2026","item":"https:\/\/constanceluzzati.com\/index.php\/programmes-de-concerts-2023-2025\/"},{"@type":"ListItem","position":3,"name":"La harpe \u00e9olienne"}]},{"@type":"WebSite","@id":"https:\/\/constanceluzzati.com\/#website","url":"https:\/\/constanceluzzati.com\/","name":"Constance Luzzati","description":"harpiste, musicologue","potentialAction":[{"@type":"SearchAction","target":{"@type":"EntryPoint","urlTemplate":"https:\/\/constanceluzzati.com\/?s={search_term_string}"},"query-input":{"@type":"PropertyValueSpecification","valueRequired":true,"valueName":"search_term_string"}}],"inLanguage":"fr-FR"}]}},"jetpack_sharing_enabled":true,"uagb_featured_image_src":{"full":false,"thumbnail":false,"medium":false,"medium_large":false,"large":false,"1536x1536":false,"2048x2048":false},"uagb_author_info":{"display_name":"cladmin","author_link":"https:\/\/constanceluzzati.com\/index.php\/author\/cladmin\/"},"uagb_comment_info":0,"uagb_excerpt":"La harpe \u00e9olienne La brise fait vibrer les cordes de la harpe, les silences sont habit\u00e9s par les r\u00e9sonances que [&hellip;]","_links":{"self":[{"href":"https:\/\/constanceluzzati.com\/index.php\/wp-json\/wp\/v2\/pages\/2968"}],"collection":[{"href":"https:\/\/constanceluzzati.com\/index.php\/wp-json\/wp\/v2\/pages"}],"about":[{"href":"https:\/\/constanceluzzati.com\/index.php\/wp-json\/wp\/v2\/types\/page"}],"author":[{"embeddable":true,"href":"https:\/\/constanceluzzati.com\/index.php\/wp-json\/wp\/v2\/users\/1"}],"replies":[{"embeddable":true,"href":"https:\/\/constanceluzzati.com\/index.php\/wp-json\/wp\/v2\/comments?post=2968"}],"version-history":[{"count":5,"href":"https:\/\/constanceluzzati.com\/index.php\/wp-json\/wp\/v2\/pages\/2968\/revisions"}],"predecessor-version":[{"id":3016,"href":"https:\/\/constanceluzzati.com\/index.php\/wp-json\/wp\/v2\/pages\/2968\/revisions\/3016"}],"up":[{"embeddable":true,"href":"https:\/\/constanceluzzati.com\/index.php\/wp-json\/wp\/v2\/pages\/590"}],"wp:attachment":[{"href":"https:\/\/constanceluzzati.com\/index.php\/wp-json\/wp\/v2\/media?parent=2968"}],"curies":[{"name":"wp","href":"https:\/\/api.w.org\/{rel}","templated":true}]}}