{"id":2955,"date":"2023-08-13T21:48:26","date_gmt":"2023-08-13T19:48:26","guid":{"rendered":"https:\/\/constanceluzzati.com\/?page_id=2955"},"modified":"2023-08-15T16:43:47","modified_gmt":"2023-08-15T14:43:47","slug":"jupiter-forqueray-a-la-harpe","status":"publish","type":"page","link":"https:\/\/constanceluzzati.com\/index.php\/programmes-de-concerts-2023-2025\/jupiter-forqueray-a-la-harpe\/","title":{"rendered":"Jupiter"},"content":{"rendered":"\n<h2 class=\"has-text-align-center wp-block-heading\">Jupiter<\/h2>\n\n\n\n<p class=\"has-text-align-center\">Les personnages mythologiques les plus <strong>extr\u00eames<\/strong> (<em>M\u00e9d\u00e9e<\/em>, <em>Jupiter<\/em>), les figures <strong>exotiques<\/strong> ou peuplades redoutables (<em>La Portugaise, La marche des Scythes<\/em>) et les caract\u00e8res les plus <strong>impr\u00e9visibles<\/strong> (<em>Vertigo, L&rsquo;incertaine<\/em>) abondent dans les pi\u00e8ces th\u00e9\u00e2trales compos\u00e9es pour clavecin dans les ann\u00e9es 1750 par Royer et Duphly. Elles exploitent le registre grave de l&rsquo;instrument, dans les pi\u00e8ces originellement pour clavecin de Duphly autant que dans celles initialement pour viole de gamme de la fantasque famille Forqueray. Couperin avait men\u00e9 des recherches dans ce sens bien avant eux, dans des pi\u00e8ces hors normes comme <em>La T\u00e9n\u00e9breuse<\/em> et <em>La Lugubre<\/em>. C&rsquo;est lui aussi, avec son contemporain Dandrieu, qui avait pos\u00e9 les jalons d&rsquo;une \u00e9criture chromatique dont se d\u00e9lectera Royer dans des pi\u00e8ces plus tardives. <\/p>\n\n\n\n<p class=\"has-text-align-center\">Les <strong>chromatismes exacerb\u00e9s <\/strong>et <strong>graves spectaculaires<\/strong> de ces <strong>pi\u00e8ces extraverties et bruyantes<\/strong> poussent la <strong>harpe dans ses retranchements<\/strong>, la sortant tout \u00e0 fait de son registre et de sa gestuelle habituels. <\/p>\n\n\n\n<div style=\"height:20px\" aria-hidden=\"true\" class=\"wp-block-spacer\"><\/div>\n\n\n\n<figure class=\"wp-block-image size-full\"><img loading=\"lazy\" decoding=\"async\" width=\"2560\" height=\"1543\" src=\"https:\/\/constanceluzzati.com\/wp-content\/uploads\/2023\/07\/jupiter-scaled.jpg\" alt=\"\" class=\"wp-image-2698\" srcset=\"https:\/\/constanceluzzati.com\/wp-content\/uploads\/2023\/07\/jupiter-scaled.jpg 2560w, https:\/\/constanceluzzati.com\/wp-content\/uploads\/2023\/07\/jupiter-300x181.jpg 300w, https:\/\/constanceluzzati.com\/wp-content\/uploads\/2023\/07\/jupiter-1024x617.jpg 1024w, https:\/\/constanceluzzati.com\/wp-content\/uploads\/2023\/07\/jupiter-768x463.jpg 768w, https:\/\/constanceluzzati.com\/wp-content\/uploads\/2023\/07\/jupiter-1536x926.jpg 1536w, https:\/\/constanceluzzati.com\/wp-content\/uploads\/2023\/07\/jupiter-2048x1234.jpg 2048w, https:\/\/constanceluzzati.com\/wp-content\/uploads\/2023\/07\/jupiter-600x362.jpg 600w\" sizes=\"(max-width: 2560px) 100vw, 2560px\" \/><\/figure>\n\n\n\n<p><strong>harpe seule <\/strong>ou<strong> harpe et th\u00e9orbe<\/strong><\/p>\n\n\n\n<p>Jean-Jacques Duphly, <em>Ouverture, <a href=\"https:\/\/www.youtube.com\/watch?v=UscYwd5HOk0\">M\u00e9d\u00e9e<\/a>, La Forqueray<\/em><\/p>\n\n\n\n<p>Antoine et Jean-Baptiste Forqueray, Marie-Rose Dubois, <em>La Forqueray, <a href=\"https:\/\/www.youtube.com\/watch?v=cUUq9uliN9E\">La Portugaise<\/a>, La Couperin<\/em><\/p>\n\n\n\n<p>Fran\u00e7ois Couperin, Pi\u00e8ces de clavecin, <em>La T\u00e9n\u00e9breuse, La Lugubre, Les barricades myst\u00e9rieuses, Les id\u00e9es heureuses, La Forqueray&nbsp;<\/em><\/p>\n\n\n\n<p>Antoine et Jean-Baptiste Forqueray, Marie-Rose Dubois,&nbsp;L<em>e Carillon de Passy, Jupiter<\/em><\/p>\n\n\n\n<p>Jean-Fran\u00e7ois Dandrieu, <em>La lyre d\u2019Orph\u00e9e<\/em><\/p>\n\n\n\n<p>Joseph Bodin de Boismortier, L<em>a caverneuse<\/em><\/p>\n\n\n\n<p>Pancrace Royer, <em><a href=\"https:\/\/www.youtube.com\/watch?v=erM9AXYARIM\">L\u2019incertaine<\/a>, Vertigo, La marche des Scythes<\/em><\/p>\n\n\n\n<div style=\"height:40px\" aria-hidden=\"true\" class=\"wp-block-spacer\"><\/div>\n\n\n\n<p>fiche technique d\u00e9taill\u00e9e : <a href=\"https:\/\/constanceluzzati.com\/index.php\/contact\/\">nous contacter<\/a><\/p>\n\n\n\n<p><strong>En concert<\/strong> : 13 d\u00e9cembre 2023, Biblioth\u00e8que La Grange-Fleuret, Paris<\/p>\n\n\n\n<p><\/p>\n","protected":false},"excerpt":{"rendered":"<p>Jupiter Les personnages mythologiques les plus extr\u00eames (M\u00e9d\u00e9e, Jupiter), les figures exotiques ou peuplades redoutables (La Portugaise, La marche des [&hellip;]<\/p>\n","protected":false},"author":1,"featured_media":0,"parent":590,"menu_order":0,"comment_status":"closed","ping_status":"closed","template":"","meta":{"_uag_custom_page_level_css":"","_monsterinsights_skip_tracking":false,"_monsterinsights_sitenote_active":false,"_monsterinsights_sitenote_note":"","_monsterinsights_sitenote_category":0,"site-sidebar-layout":"default","site-content-layout":"","ast-site-content-layout":"","site-content-style":"default","site-sidebar-style":"default","ast-global-header-display":"","ast-banner-title-visibility":"","ast-main-header-display":"","ast-hfb-above-header-display":"","ast-hfb-below-header-display":"","ast-hfb-mobile-header-display":"","site-post-title":"","ast-breadcrumbs-content":"","ast-featured-img":"","footer-sml-layout":"","theme-transparent-header-meta":"","adv-header-id-meta":"","stick-header-meta":"","header-above-stick-meta":"","header-main-stick-meta":"","header-below-stick-meta":"","astra-migrate-meta-layouts":"default","ast-page-background-enabled":"default","ast-page-background-meta":{"desktop":{"background-color":"var(--ast-global-color-4)","background-image":"","background-repeat":"repeat","background-position":"center center","background-size":"auto","background-attachment":"scroll","background-type":"","background-media":"","overlay-type":"","overlay-color":"","overlay-opacity":"","overlay-gradient":""},"tablet":{"background-color":"","background-image":"","background-repeat":"repeat","background-position":"center center","background-size":"auto","background-attachment":"scroll","background-type":"","background-media":"","overlay-type":"","overlay-color":"","overlay-opacity":"","overlay-gradient":""},"mobile":{"background-color":"","background-image":"","background-repeat":"repeat","background-position":"center center","background-size":"auto","background-attachment":"scroll","background-type":"","background-media":"","overlay-type":"","overlay-color":"","overlay-opacity":"","overlay-gradient":""}},"ast-content-background-meta":{"desktop":{"background-color":"var(--ast-global-color-5)","background-image":"","background-repeat":"repeat","background-position":"center center","background-size":"auto","background-attachment":"scroll","background-type":"","background-media":"","overlay-type":"","overlay-color":"","overlay-opacity":"","overlay-gradient":""},"tablet":{"background-color":"var(--ast-global-color-5)","background-image":"","background-repeat":"repeat","background-position":"center center","background-size":"auto","background-attachment":"scroll","background-type":"","background-media":"","overlay-type":"","overlay-color":"","overlay-opacity":"","overlay-gradient":""},"mobile":{"background-color":"var(--ast-global-color-5)","background-image":"","background-repeat":"repeat","background-position":"center center","background-size":"auto","background-attachment":"scroll","background-type":"","background-media":"","overlay-type":"","overlay-color":"","overlay-opacity":"","overlay-gradient":""}},"footnotes":""},"class_list":["post-2955","page","type-page","status-publish","hentry"],"yoast_head":"<!-- This site is optimized with the Yoast SEO plugin v25.2 - https:\/\/yoast.com\/wordpress\/plugins\/seo\/ -->\n<title>Jupiter - Constance Luzzati<\/title>\n<meta name=\"description\" content=\"Les chromatismes exacerb\u00e9s et graves spectaculaires de ces pi\u00e8ces extraverties et bruyantes poussent la harpe dans ses retranchements\" \/>\n<meta name=\"robots\" content=\"index, follow, max-snippet:-1, max-image-preview:large, max-video-preview:-1\" \/>\n<link rel=\"canonical\" href=\"https:\/\/constanceluzzati.com\/index.php\/programmes-de-concerts-2023-2025\/jupiter-forqueray-a-la-harpe\/\" \/>\n<meta property=\"og:locale\" content=\"fr_FR\" \/>\n<meta property=\"og:type\" content=\"article\" \/>\n<meta property=\"og:title\" content=\"Jupiter - Constance Luzzati\" \/>\n<meta property=\"og:description\" content=\"Les chromatismes exacerb\u00e9s et graves spectaculaires de ces pi\u00e8ces extraverties et bruyantes poussent la harpe dans ses retranchements\" \/>\n<meta property=\"og:url\" content=\"https:\/\/constanceluzzati.com\/index.php\/programmes-de-concerts-2023-2025\/jupiter-forqueray-a-la-harpe\/\" \/>\n<meta property=\"og:site_name\" content=\"Constance Luzzati\" \/>\n<meta property=\"article:modified_time\" content=\"2023-08-15T14:43:47+00:00\" \/>\n<meta property=\"og:image\" content=\"https:\/\/constanceluzzati.com\/wp-content\/uploads\/2023\/07\/jupiter-scaled.jpg\" \/>\n<meta name=\"twitter:card\" content=\"summary_large_image\" \/>\n<meta name=\"twitter:label1\" content=\"Dur\u00e9e de lecture estim\u00e9e\" \/>\n\t<meta name=\"twitter:data1\" content=\"2 minutes\" \/>\n<script type=\"application\/ld+json\" class=\"yoast-schema-graph\">{\"@context\":\"https:\/\/schema.org\",\"@graph\":[{\"@type\":\"WebPage\",\"@id\":\"https:\/\/constanceluzzati.com\/index.php\/programmes-de-concerts-2023-2025\/jupiter-forqueray-a-la-harpe\/\",\"url\":\"https:\/\/constanceluzzati.com\/index.php\/programmes-de-concerts-2023-2025\/jupiter-forqueray-a-la-harpe\/\",\"name\":\"Jupiter - Constance Luzzati\",\"isPartOf\":{\"@id\":\"https:\/\/constanceluzzati.com\/#website\"},\"primaryImageOfPage\":{\"@id\":\"https:\/\/constanceluzzati.com\/index.php\/programmes-de-concerts-2023-2025\/jupiter-forqueray-a-la-harpe\/#primaryimage\"},\"image\":{\"@id\":\"https:\/\/constanceluzzati.com\/index.php\/programmes-de-concerts-2023-2025\/jupiter-forqueray-a-la-harpe\/#primaryimage\"},\"thumbnailUrl\":\"https:\/\/constanceluzzati.com\/wp-content\/uploads\/2023\/07\/jupiter-scaled.jpg\",\"datePublished\":\"2023-08-13T19:48:26+00:00\",\"dateModified\":\"2023-08-15T14:43:47+00:00\",\"description\":\"Les chromatismes exacerb\u00e9s et graves spectaculaires de ces pi\u00e8ces extraverties et bruyantes poussent la harpe dans ses retranchements\",\"breadcrumb\":{\"@id\":\"https:\/\/constanceluzzati.com\/index.php\/programmes-de-concerts-2023-2025\/jupiter-forqueray-a-la-harpe\/#breadcrumb\"},\"inLanguage\":\"fr-FR\",\"potentialAction\":[{\"@type\":\"ReadAction\",\"target\":[\"https:\/\/constanceluzzati.com\/index.php\/programmes-de-concerts-2023-2025\/jupiter-forqueray-a-la-harpe\/\"]}]},{\"@type\":\"ImageObject\",\"inLanguage\":\"fr-FR\",\"@id\":\"https:\/\/constanceluzzati.com\/index.php\/programmes-de-concerts-2023-2025\/jupiter-forqueray-a-la-harpe\/#primaryimage\",\"url\":\"https:\/\/constanceluzzati.com\/wp-content\/uploads\/2023\/07\/jupiter-scaled.jpg\",\"contentUrl\":\"https:\/\/constanceluzzati.com\/wp-content\/uploads\/2023\/07\/jupiter-scaled.jpg\",\"width\":2560,\"height\":1543},{\"@type\":\"BreadcrumbList\",\"@id\":\"https:\/\/constanceluzzati.com\/index.php\/programmes-de-concerts-2023-2025\/jupiter-forqueray-a-la-harpe\/#breadcrumb\",\"itemListElement\":[{\"@type\":\"ListItem\",\"position\":1,\"name\":\"Home\",\"item\":\"https:\/\/constanceluzzati.com\/\"},{\"@type\":\"ListItem\",\"position\":2,\"name\":\"Programmes de concerts 2024-2026\",\"item\":\"https:\/\/constanceluzzati.com\/index.php\/programmes-de-concerts-2023-2025\/\"},{\"@type\":\"ListItem\",\"position\":3,\"name\":\"Jupiter\"}]},{\"@type\":\"WebSite\",\"@id\":\"https:\/\/constanceluzzati.com\/#website\",\"url\":\"https:\/\/constanceluzzati.com\/\",\"name\":\"Constance Luzzati\",\"description\":\"harpiste, musicologue\",\"potentialAction\":[{\"@type\":\"SearchAction\",\"target\":{\"@type\":\"EntryPoint\",\"urlTemplate\":\"https:\/\/constanceluzzati.com\/?s={search_term_string}\"},\"query-input\":{\"@type\":\"PropertyValueSpecification\",\"valueRequired\":true,\"valueName\":\"search_term_string\"}}],\"inLanguage\":\"fr-FR\"}]}<\/script>\n<!-- \/ Yoast SEO plugin. -->","yoast_head_json":{"title":"Jupiter - Constance Luzzati","description":"Les chromatismes exacerb\u00e9s et graves spectaculaires de ces pi\u00e8ces extraverties et bruyantes poussent la harpe dans ses retranchements","robots":{"index":"index","follow":"follow","max-snippet":"max-snippet:-1","max-image-preview":"max-image-preview:large","max-video-preview":"max-video-preview:-1"},"canonical":"https:\/\/constanceluzzati.com\/index.php\/programmes-de-concerts-2023-2025\/jupiter-forqueray-a-la-harpe\/","og_locale":"fr_FR","og_type":"article","og_title":"Jupiter - Constance Luzzati","og_description":"Les chromatismes exacerb\u00e9s et graves spectaculaires de ces pi\u00e8ces extraverties et bruyantes poussent la harpe dans ses retranchements","og_url":"https:\/\/constanceluzzati.com\/index.php\/programmes-de-concerts-2023-2025\/jupiter-forqueray-a-la-harpe\/","og_site_name":"Constance Luzzati","article_modified_time":"2023-08-15T14:43:47+00:00","og_image":[{"url":"https:\/\/constanceluzzati.com\/wp-content\/uploads\/2023\/07\/jupiter-scaled.jpg","type":"","width":"","height":""}],"twitter_card":"summary_large_image","twitter_misc":{"Dur\u00e9e de lecture estim\u00e9e":"2 minutes"},"schema":{"@context":"https:\/\/schema.org","@graph":[{"@type":"WebPage","@id":"https:\/\/constanceluzzati.com\/index.php\/programmes-de-concerts-2023-2025\/jupiter-forqueray-a-la-harpe\/","url":"https:\/\/constanceluzzati.com\/index.php\/programmes-de-concerts-2023-2025\/jupiter-forqueray-a-la-harpe\/","name":"Jupiter - Constance Luzzati","isPartOf":{"@id":"https:\/\/constanceluzzati.com\/#website"},"primaryImageOfPage":{"@id":"https:\/\/constanceluzzati.com\/index.php\/programmes-de-concerts-2023-2025\/jupiter-forqueray-a-la-harpe\/#primaryimage"},"image":{"@id":"https:\/\/constanceluzzati.com\/index.php\/programmes-de-concerts-2023-2025\/jupiter-forqueray-a-la-harpe\/#primaryimage"},"thumbnailUrl":"https:\/\/constanceluzzati.com\/wp-content\/uploads\/2023\/07\/jupiter-scaled.jpg","datePublished":"2023-08-13T19:48:26+00:00","dateModified":"2023-08-15T14:43:47+00:00","description":"Les chromatismes exacerb\u00e9s et graves spectaculaires de ces pi\u00e8ces extraverties et bruyantes poussent la harpe dans ses retranchements","breadcrumb":{"@id":"https:\/\/constanceluzzati.com\/index.php\/programmes-de-concerts-2023-2025\/jupiter-forqueray-a-la-harpe\/#breadcrumb"},"inLanguage":"fr-FR","potentialAction":[{"@type":"ReadAction","target":["https:\/\/constanceluzzati.com\/index.php\/programmes-de-concerts-2023-2025\/jupiter-forqueray-a-la-harpe\/"]}]},{"@type":"ImageObject","inLanguage":"fr-FR","@id":"https:\/\/constanceluzzati.com\/index.php\/programmes-de-concerts-2023-2025\/jupiter-forqueray-a-la-harpe\/#primaryimage","url":"https:\/\/constanceluzzati.com\/wp-content\/uploads\/2023\/07\/jupiter-scaled.jpg","contentUrl":"https:\/\/constanceluzzati.com\/wp-content\/uploads\/2023\/07\/jupiter-scaled.jpg","width":2560,"height":1543},{"@type":"BreadcrumbList","@id":"https:\/\/constanceluzzati.com\/index.php\/programmes-de-concerts-2023-2025\/jupiter-forqueray-a-la-harpe\/#breadcrumb","itemListElement":[{"@type":"ListItem","position":1,"name":"Home","item":"https:\/\/constanceluzzati.com\/"},{"@type":"ListItem","position":2,"name":"Programmes de concerts 2024-2026","item":"https:\/\/constanceluzzati.com\/index.php\/programmes-de-concerts-2023-2025\/"},{"@type":"ListItem","position":3,"name":"Jupiter"}]},{"@type":"WebSite","@id":"https:\/\/constanceluzzati.com\/#website","url":"https:\/\/constanceluzzati.com\/","name":"Constance Luzzati","description":"harpiste, musicologue","potentialAction":[{"@type":"SearchAction","target":{"@type":"EntryPoint","urlTemplate":"https:\/\/constanceluzzati.com\/?s={search_term_string}"},"query-input":{"@type":"PropertyValueSpecification","valueRequired":true,"valueName":"search_term_string"}}],"inLanguage":"fr-FR"}]}},"jetpack_sharing_enabled":true,"uagb_featured_image_src":{"full":false,"thumbnail":false,"medium":false,"medium_large":false,"large":false,"1536x1536":false,"2048x2048":false},"uagb_author_info":{"display_name":"cladmin","author_link":"https:\/\/constanceluzzati.com\/index.php\/author\/cladmin\/"},"uagb_comment_info":0,"uagb_excerpt":"Jupiter Les personnages mythologiques les plus extr\u00eames (M\u00e9d\u00e9e, Jupiter), les figures exotiques ou peuplades redoutables (La Portugaise, La marche des [&hellip;]","_links":{"self":[{"href":"https:\/\/constanceluzzati.com\/index.php\/wp-json\/wp\/v2\/pages\/2955"}],"collection":[{"href":"https:\/\/constanceluzzati.com\/index.php\/wp-json\/wp\/v2\/pages"}],"about":[{"href":"https:\/\/constanceluzzati.com\/index.php\/wp-json\/wp\/v2\/types\/page"}],"author":[{"embeddable":true,"href":"https:\/\/constanceluzzati.com\/index.php\/wp-json\/wp\/v2\/users\/1"}],"replies":[{"embeddable":true,"href":"https:\/\/constanceluzzati.com\/index.php\/wp-json\/wp\/v2\/comments?post=2955"}],"version-history":[{"count":6,"href":"https:\/\/constanceluzzati.com\/index.php\/wp-json\/wp\/v2\/pages\/2955\/revisions"}],"predecessor-version":[{"id":3015,"href":"https:\/\/constanceluzzati.com\/index.php\/wp-json\/wp\/v2\/pages\/2955\/revisions\/3015"}],"up":[{"embeddable":true,"href":"https:\/\/constanceluzzati.com\/index.php\/wp-json\/wp\/v2\/pages\/590"}],"wp:attachment":[{"href":"https:\/\/constanceluzzati.com\/index.php\/wp-json\/wp\/v2\/media?parent=2955"}],"curies":[{"name":"wp","href":"https:\/\/api.w.org\/{rel}","templated":true}]}}