{"id":2951,"date":"2023-08-13T21:25:43","date_gmt":"2023-08-13T19:25:43","guid":{"rendered":"https:\/\/constanceluzzati.com\/?page_id=2951"},"modified":"2023-08-15T16:48:22","modified_gmt":"2023-08-15T14:48:22","slug":"bach-a-la-harpe-actus-tragicus","status":"publish","type":"page","link":"https:\/\/constanceluzzati.com\/index.php\/programmes-de-concerts-2023-2025\/bach-a-la-harpe-actus-tragicus\/","title":{"rendered":"Actus tragicus"},"content":{"rendered":"\n<h2 class=\"has-text-align-center wp-block-heading\">Actus tragicus<\/h2>\n\n\n\n<p class=\"has-text-align-center\">Le <strong>tragique<\/strong> comme le <strong>religieux<\/strong> ne sont, chez les compositeurs germaniques, pas l&rsquo;apanage de la musique vocale, comme en t\u00e9moignent la&nbsp;<em>Lamentation<\/em>&nbsp;de<strong> Froberger<\/strong> ou l&rsquo;\u0153uvre inspir\u00e9e par l&rsquo;\u00e9vangile de Jean de Heinz <strong>Holliger<\/strong>. <strong>Hindemith<\/strong> cl\u00f4t sa sonate pour harpe sur un requiem instrumental inspir\u00e9 du po\u00e8te H\u00f6lty, aussi grave qu&rsquo;\u00e9vanescent, aux antipodes de l&rsquo;humoristique transcription de la cantate de <strong>Telemann<\/strong> d\u00e9di\u00e9e \u00e0 un canari. Si les \u0153uvres de Carl-Philipp-Emmanuel Bach, Hindemith et Holliger sont d\u00e8s l&rsquo;origine compos\u00e9es pour harpe, celles de Jean-S\u00e9bastien <strong>Bach<\/strong>, dont la figure est pr\u00e9sente en filigrane dans les \u0153uvres ult\u00e9rieures ne serait-ce que par les noms de mouvements (<em>Pr\u00e9lude, Arioso et Passacaille<\/em>), sont des adaptations du clavecin ou du luth vers la harpe. Bach n&rsquo;a lui-m\u00eame pas compos\u00e9 une note pour harpe, mais il a inlassablement adapt\u00e9 sa propre musique et celle d&rsquo;autrui.<\/p>\n\n\n\n<div style=\"height:20px\" aria-hidden=\"true\" class=\"wp-block-spacer\"><\/div>\n\n\n\n<figure class=\"wp-block-image aligncenter size-full\"><img loading=\"lazy\" decoding=\"async\" width=\"744\" height=\"496\" src=\"https:\/\/constanceluzzati.com\/wp-content\/uploads\/2023\/07\/vanitassrdsa-edited.jpg\" alt=\"\" class=\"wp-image-2705\" srcset=\"https:\/\/constanceluzzati.com\/wp-content\/uploads\/2023\/07\/vanitassrdsa-edited.jpg 744w, https:\/\/constanceluzzati.com\/wp-content\/uploads\/2023\/07\/vanitassrdsa-edited-300x200.jpg 300w, https:\/\/constanceluzzati.com\/wp-content\/uploads\/2023\/07\/vanitassrdsa-edited-600x400.jpg 600w\" sizes=\"(max-width: 744px) 100vw, 744px\" \/><\/figure>\n\n\n\n<div style=\"height:40px\" aria-hidden=\"true\" class=\"wp-block-spacer\"><\/div>\n\n\n\n<p><strong>harpe seule<\/strong><\/p>\n\n\n\n<p>Johann Jacob Froberger,&nbsp;<em><a href=\"https:\/\/www.youtube.com\/watch?v=xSSzXwf4e8k\">Lamentation sur la mort tr\u00e8s douloureuse de sa majest\u00e9 Ferdinand le troisi\u00e8me<\/a><\/em><\/p>\n\n\n\n<p>Johann Sebastian Bach,&nbsp;<em>Suite pour luth BWV 996<\/em><\/p>\n\n\n\n<p>Heinz Holliger,&nbsp;<em>Sequenze \u00fcber Johannes<\/em>&nbsp;(1962)<\/p>\n\n\n\n<p>Carl Philipp Emmanuel Bach,&nbsp;<em>Sonate f\u00fcr harfe<\/em><\/p>\n\n\n\n<p>Heinz Holliger,&nbsp;<em>Pr\u00e9lude, Arioso et Passacaille<\/em>&nbsp;(1987)&nbsp;<em>ou<\/em>&nbsp;Paul Hindemith,&nbsp;<em>Sonate f\u00fcr harfe<\/em><\/p>\n\n\n\n<p>Johann Sebastian Bach,&nbsp;<em>Partita n\u00b01 pour clavecin<\/em><\/p>\n\n\n\n<p>Georg Philipp Telemann,&nbsp;<em>Ode fun\u00e8bre pour la mort d\u2019un canari vers\u00e9 dans les arts<\/em>&nbsp;(extrait)<\/p>\n\n\n\n<div style=\"height:40px\" aria-hidden=\"true\" class=\"wp-block-spacer\"><\/div>\n\n\n\n<p>Fiche technique d\u00e9taill\u00e9e : utiliser le <a href=\"https:\/\/constanceluzzati.com\/index.php\/contact\/\">formulaire de contact<\/a><\/p>\n\n\n\n<p><strong>En concert<\/strong> : <a href=\"https:\/\/cmi-bach.com\/\">Centre Musical International JS Bach<\/a>, Saint-Donat, 15 octobre 2023<\/p>\n\n\n\n<div style=\"height:40px\" aria-hidden=\"true\" class=\"wp-block-spacer\"><\/div>\n","protected":false},"excerpt":{"rendered":"<p>Actus tragicus Le tragique comme le religieux ne sont, chez les compositeurs germaniques, pas l&rsquo;apanage de la musique vocale, comme [&hellip;]<\/p>\n","protected":false},"author":1,"featured_media":0,"parent":590,"menu_order":0,"comment_status":"closed","ping_status":"closed","template":"","meta":{"_uag_custom_page_level_css":"","_monsterinsights_skip_tracking":false,"_monsterinsights_sitenote_active":false,"_monsterinsights_sitenote_note":"","_monsterinsights_sitenote_category":0,"site-sidebar-layout":"default","site-content-layout":"","ast-site-content-layout":"","site-content-style":"default","site-sidebar-style":"default","ast-global-header-display":"","ast-banner-title-visibility":"","ast-main-header-display":"","ast-hfb-above-header-display":"","ast-hfb-below-header-display":"","ast-hfb-mobile-header-display":"","site-post-title":"","ast-breadcrumbs-content":"","ast-featured-img":"","footer-sml-layout":"","theme-transparent-header-meta":"","adv-header-id-meta":"","stick-header-meta":"","header-above-stick-meta":"","header-main-stick-meta":"","header-below-stick-meta":"","astra-migrate-meta-layouts":"default","ast-page-background-enabled":"default","ast-page-background-meta":{"desktop":{"background-color":"var(--ast-global-color-4)","background-image":"","background-repeat":"repeat","background-position":"center center","background-size":"auto","background-attachment":"scroll","background-type":"","background-media":"","overlay-type":"","overlay-color":"","overlay-opacity":"","overlay-gradient":""},"tablet":{"background-color":"","background-image":"","background-repeat":"repeat","background-position":"center center","background-size":"auto","background-attachment":"scroll","background-type":"","background-media":"","overlay-type":"","overlay-color":"","overlay-opacity":"","overlay-gradient":""},"mobile":{"background-color":"","background-image":"","background-repeat":"repeat","background-position":"center center","background-size":"auto","background-attachment":"scroll","background-type":"","background-media":"","overlay-type":"","overlay-color":"","overlay-opacity":"","overlay-gradient":""}},"ast-content-background-meta":{"desktop":{"background-color":"var(--ast-global-color-5)","background-image":"","background-repeat":"repeat","background-position":"center center","background-size":"auto","background-attachment":"scroll","background-type":"","background-media":"","overlay-type":"","overlay-color":"","overlay-opacity":"","overlay-gradient":""},"tablet":{"background-color":"var(--ast-global-color-5)","background-image":"","background-repeat":"repeat","background-position":"center center","background-size":"auto","background-attachment":"scroll","background-type":"","background-media":"","overlay-type":"","overlay-color":"","overlay-opacity":"","overlay-gradient":""},"mobile":{"background-color":"var(--ast-global-color-5)","background-image":"","background-repeat":"repeat","background-position":"center center","background-size":"auto","background-attachment":"scroll","background-type":"","background-media":"","overlay-type":"","overlay-color":"","overlay-opacity":"","overlay-gradient":""}},"footnotes":""},"class_list":["post-2951","page","type-page","status-publish","hentry"],"yoast_head":"<!-- This site is optimized with the Yoast SEO plugin v25.2 - https:\/\/yoast.com\/wordpress\/plugins\/seo\/ -->\n<title>Actus tragicus - Constance Luzzati<\/title>\n<meta name=\"description\" content=\"r\u00e9cital Bach, Holliger, Froberger, Telemann et Hindemith \u00e0 la harpe ; oeuvres originales et transcriptions.\" \/>\n<meta name=\"robots\" content=\"index, follow, max-snippet:-1, max-image-preview:large, max-video-preview:-1\" \/>\n<link rel=\"canonical\" href=\"https:\/\/constanceluzzati.com\/index.php\/programmes-de-concerts-2023-2025\/bach-a-la-harpe-actus-tragicus\/\" \/>\n<meta property=\"og:locale\" content=\"fr_FR\" \/>\n<meta property=\"og:type\" content=\"article\" \/>\n<meta property=\"og:title\" content=\"Actus tragicus - Constance Luzzati\" \/>\n<meta property=\"og:description\" content=\"r\u00e9cital Bach, Holliger, Froberger, Telemann et Hindemith \u00e0 la harpe ; oeuvres originales et transcriptions.\" \/>\n<meta property=\"og:url\" content=\"https:\/\/constanceluzzati.com\/index.php\/programmes-de-concerts-2023-2025\/bach-a-la-harpe-actus-tragicus\/\" \/>\n<meta property=\"og:site_name\" content=\"Constance Luzzati\" \/>\n<meta property=\"article:modified_time\" content=\"2023-08-15T14:48:22+00:00\" \/>\n<meta property=\"og:image\" content=\"https:\/\/constanceluzzati.com\/wp-content\/uploads\/2023\/07\/vanitassrdsa-edited.jpg\" \/>\n<meta name=\"twitter:card\" content=\"summary_large_image\" \/>\n<meta name=\"twitter:label1\" content=\"Dur\u00e9e de lecture estim\u00e9e\" \/>\n\t<meta name=\"twitter:data1\" content=\"2 minutes\" \/>\n<script type=\"application\/ld+json\" class=\"yoast-schema-graph\">{\"@context\":\"https:\/\/schema.org\",\"@graph\":[{\"@type\":\"WebPage\",\"@id\":\"https:\/\/constanceluzzati.com\/index.php\/programmes-de-concerts-2023-2025\/bach-a-la-harpe-actus-tragicus\/\",\"url\":\"https:\/\/constanceluzzati.com\/index.php\/programmes-de-concerts-2023-2025\/bach-a-la-harpe-actus-tragicus\/\",\"name\":\"Actus tragicus - Constance Luzzati\",\"isPartOf\":{\"@id\":\"https:\/\/constanceluzzati.com\/#website\"},\"primaryImageOfPage\":{\"@id\":\"https:\/\/constanceluzzati.com\/index.php\/programmes-de-concerts-2023-2025\/bach-a-la-harpe-actus-tragicus\/#primaryimage\"},\"image\":{\"@id\":\"https:\/\/constanceluzzati.com\/index.php\/programmes-de-concerts-2023-2025\/bach-a-la-harpe-actus-tragicus\/#primaryimage\"},\"thumbnailUrl\":\"https:\/\/constanceluzzati.com\/wp-content\/uploads\/2023\/07\/vanitassrdsa-edited.jpg\",\"datePublished\":\"2023-08-13T19:25:43+00:00\",\"dateModified\":\"2023-08-15T14:48:22+00:00\",\"description\":\"r\u00e9cital Bach, Holliger, Froberger, Telemann et Hindemith \u00e0 la harpe ; oeuvres originales et transcriptions.\",\"breadcrumb\":{\"@id\":\"https:\/\/constanceluzzati.com\/index.php\/programmes-de-concerts-2023-2025\/bach-a-la-harpe-actus-tragicus\/#breadcrumb\"},\"inLanguage\":\"fr-FR\",\"potentialAction\":[{\"@type\":\"ReadAction\",\"target\":[\"https:\/\/constanceluzzati.com\/index.php\/programmes-de-concerts-2023-2025\/bach-a-la-harpe-actus-tragicus\/\"]}]},{\"@type\":\"ImageObject\",\"inLanguage\":\"fr-FR\",\"@id\":\"https:\/\/constanceluzzati.com\/index.php\/programmes-de-concerts-2023-2025\/bach-a-la-harpe-actus-tragicus\/#primaryimage\",\"url\":\"https:\/\/constanceluzzati.com\/wp-content\/uploads\/2023\/07\/vanitassrdsa-edited.jpg\",\"contentUrl\":\"https:\/\/constanceluzzati.com\/wp-content\/uploads\/2023\/07\/vanitassrdsa-edited.jpg\",\"width\":744,\"height\":496},{\"@type\":\"BreadcrumbList\",\"@id\":\"https:\/\/constanceluzzati.com\/index.php\/programmes-de-concerts-2023-2025\/bach-a-la-harpe-actus-tragicus\/#breadcrumb\",\"itemListElement\":[{\"@type\":\"ListItem\",\"position\":1,\"name\":\"Home\",\"item\":\"https:\/\/constanceluzzati.com\/\"},{\"@type\":\"ListItem\",\"position\":2,\"name\":\"Programmes de concerts 2024-2026\",\"item\":\"https:\/\/constanceluzzati.com\/index.php\/programmes-de-concerts-2023-2025\/\"},{\"@type\":\"ListItem\",\"position\":3,\"name\":\"Actus tragicus\"}]},{\"@type\":\"WebSite\",\"@id\":\"https:\/\/constanceluzzati.com\/#website\",\"url\":\"https:\/\/constanceluzzati.com\/\",\"name\":\"Constance Luzzati\",\"description\":\"harpiste, musicologue\",\"potentialAction\":[{\"@type\":\"SearchAction\",\"target\":{\"@type\":\"EntryPoint\",\"urlTemplate\":\"https:\/\/constanceluzzati.com\/?s={search_term_string}\"},\"query-input\":{\"@type\":\"PropertyValueSpecification\",\"valueRequired\":true,\"valueName\":\"search_term_string\"}}],\"inLanguage\":\"fr-FR\"}]}<\/script>\n<!-- \/ Yoast SEO plugin. -->","yoast_head_json":{"title":"Actus tragicus - Constance Luzzati","description":"r\u00e9cital Bach, Holliger, Froberger, Telemann et Hindemith \u00e0 la harpe ; oeuvres originales et transcriptions.","robots":{"index":"index","follow":"follow","max-snippet":"max-snippet:-1","max-image-preview":"max-image-preview:large","max-video-preview":"max-video-preview:-1"},"canonical":"https:\/\/constanceluzzati.com\/index.php\/programmes-de-concerts-2023-2025\/bach-a-la-harpe-actus-tragicus\/","og_locale":"fr_FR","og_type":"article","og_title":"Actus tragicus - Constance Luzzati","og_description":"r\u00e9cital Bach, Holliger, Froberger, Telemann et Hindemith \u00e0 la harpe ; oeuvres originales et transcriptions.","og_url":"https:\/\/constanceluzzati.com\/index.php\/programmes-de-concerts-2023-2025\/bach-a-la-harpe-actus-tragicus\/","og_site_name":"Constance Luzzati","article_modified_time":"2023-08-15T14:48:22+00:00","og_image":[{"url":"https:\/\/constanceluzzati.com\/wp-content\/uploads\/2023\/07\/vanitassrdsa-edited.jpg","type":"","width":"","height":""}],"twitter_card":"summary_large_image","twitter_misc":{"Dur\u00e9e de lecture estim\u00e9e":"2 minutes"},"schema":{"@context":"https:\/\/schema.org","@graph":[{"@type":"WebPage","@id":"https:\/\/constanceluzzati.com\/index.php\/programmes-de-concerts-2023-2025\/bach-a-la-harpe-actus-tragicus\/","url":"https:\/\/constanceluzzati.com\/index.php\/programmes-de-concerts-2023-2025\/bach-a-la-harpe-actus-tragicus\/","name":"Actus tragicus - Constance Luzzati","isPartOf":{"@id":"https:\/\/constanceluzzati.com\/#website"},"primaryImageOfPage":{"@id":"https:\/\/constanceluzzati.com\/index.php\/programmes-de-concerts-2023-2025\/bach-a-la-harpe-actus-tragicus\/#primaryimage"},"image":{"@id":"https:\/\/constanceluzzati.com\/index.php\/programmes-de-concerts-2023-2025\/bach-a-la-harpe-actus-tragicus\/#primaryimage"},"thumbnailUrl":"https:\/\/constanceluzzati.com\/wp-content\/uploads\/2023\/07\/vanitassrdsa-edited.jpg","datePublished":"2023-08-13T19:25:43+00:00","dateModified":"2023-08-15T14:48:22+00:00","description":"r\u00e9cital Bach, Holliger, Froberger, Telemann et Hindemith \u00e0 la harpe ; oeuvres originales et transcriptions.","breadcrumb":{"@id":"https:\/\/constanceluzzati.com\/index.php\/programmes-de-concerts-2023-2025\/bach-a-la-harpe-actus-tragicus\/#breadcrumb"},"inLanguage":"fr-FR","potentialAction":[{"@type":"ReadAction","target":["https:\/\/constanceluzzati.com\/index.php\/programmes-de-concerts-2023-2025\/bach-a-la-harpe-actus-tragicus\/"]}]},{"@type":"ImageObject","inLanguage":"fr-FR","@id":"https:\/\/constanceluzzati.com\/index.php\/programmes-de-concerts-2023-2025\/bach-a-la-harpe-actus-tragicus\/#primaryimage","url":"https:\/\/constanceluzzati.com\/wp-content\/uploads\/2023\/07\/vanitassrdsa-edited.jpg","contentUrl":"https:\/\/constanceluzzati.com\/wp-content\/uploads\/2023\/07\/vanitassrdsa-edited.jpg","width":744,"height":496},{"@type":"BreadcrumbList","@id":"https:\/\/constanceluzzati.com\/index.php\/programmes-de-concerts-2023-2025\/bach-a-la-harpe-actus-tragicus\/#breadcrumb","itemListElement":[{"@type":"ListItem","position":1,"name":"Home","item":"https:\/\/constanceluzzati.com\/"},{"@type":"ListItem","position":2,"name":"Programmes de concerts 2024-2026","item":"https:\/\/constanceluzzati.com\/index.php\/programmes-de-concerts-2023-2025\/"},{"@type":"ListItem","position":3,"name":"Actus tragicus"}]},{"@type":"WebSite","@id":"https:\/\/constanceluzzati.com\/#website","url":"https:\/\/constanceluzzati.com\/","name":"Constance Luzzati","description":"harpiste, musicologue","potentialAction":[{"@type":"SearchAction","target":{"@type":"EntryPoint","urlTemplate":"https:\/\/constanceluzzati.com\/?s={search_term_string}"},"query-input":{"@type":"PropertyValueSpecification","valueRequired":true,"valueName":"search_term_string"}}],"inLanguage":"fr-FR"}]}},"jetpack_sharing_enabled":true,"uagb_featured_image_src":{"full":false,"thumbnail":false,"medium":false,"medium_large":false,"large":false,"1536x1536":false,"2048x2048":false},"uagb_author_info":{"display_name":"cladmin","author_link":"https:\/\/constanceluzzati.com\/index.php\/author\/cladmin\/"},"uagb_comment_info":0,"uagb_excerpt":"Actus tragicus Le tragique comme le religieux ne sont, chez les compositeurs germaniques, pas l&rsquo;apanage de la musique vocale, comme [&hellip;]","_links":{"self":[{"href":"https:\/\/constanceluzzati.com\/index.php\/wp-json\/wp\/v2\/pages\/2951"}],"collection":[{"href":"https:\/\/constanceluzzati.com\/index.php\/wp-json\/wp\/v2\/pages"}],"about":[{"href":"https:\/\/constanceluzzati.com\/index.php\/wp-json\/wp\/v2\/types\/page"}],"author":[{"embeddable":true,"href":"https:\/\/constanceluzzati.com\/index.php\/wp-json\/wp\/v2\/users\/1"}],"replies":[{"embeddable":true,"href":"https:\/\/constanceluzzati.com\/index.php\/wp-json\/wp\/v2\/comments?post=2951"}],"version-history":[{"count":7,"href":"https:\/\/constanceluzzati.com\/index.php\/wp-json\/wp\/v2\/pages\/2951\/revisions"}],"predecessor-version":[{"id":3019,"href":"https:\/\/constanceluzzati.com\/index.php\/wp-json\/wp\/v2\/pages\/2951\/revisions\/3019"}],"up":[{"embeddable":true,"href":"https:\/\/constanceluzzati.com\/index.php\/wp-json\/wp\/v2\/pages\/590"}],"wp:attachment":[{"href":"https:\/\/constanceluzzati.com\/index.php\/wp-json\/wp\/v2\/media?parent=2951"}],"curies":[{"name":"wp","href":"https:\/\/api.w.org\/{rel}","templated":true}]}}