{"id":2938,"date":"2023-08-13T15:57:37","date_gmt":"2023-08-13T13:57:37","guid":{"rendered":"https:\/\/constanceluzzati.com\/?page_id=2938"},"modified":"2023-08-15T16:03:21","modified_gmt":"2023-08-15T14:03:21","slug":"chants-de-lumiere-trio-haydee","status":"publish","type":"page","link":"https:\/\/constanceluzzati.com\/index.php\/chants-de-lumiere-trio-haydee\/","title":{"rendered":"Chants de lumi\u00e8re"},"content":{"rendered":"\n<p>\u00ab Chants de lumi\u00e8re \u00bb, programme enti\u00e8rement d\u00e9di\u00e9 aux compositrices, donn\u00e9 pour la premi\u00e8re fois au festival&nbsp;<em>Un temps pour Elles<\/em>&nbsp;en juillet 2023, repr\u00e9sente une travers\u00e9e qui conduit l\u2019auditeur du cr\u00e9puscule \u00e0 l\u2019aube, tant au sens propre qu\u2019au travers des m\u00e9taphores associ\u00e9es aux variations lumineuses.<\/p>\n\n\n\n<figure class=\"wp-block-image size-large\"><img loading=\"lazy\" decoding=\"async\" width=\"1024\" height=\"681\" src=\"https:\/\/constanceluzzati.com\/wp-content\/uploads\/2023\/08\/JBM3453-\u00a9Jean-Baptiste-Millot-1024x681.jpg\" alt=\"\" class=\"wp-image-2939\" srcset=\"https:\/\/constanceluzzati.com\/wp-content\/uploads\/2023\/08\/JBM3453-\u00a9Jean-Baptiste-Millot-1024x681.jpg 1024w, https:\/\/constanceluzzati.com\/wp-content\/uploads\/2023\/08\/JBM3453-\u00a9Jean-Baptiste-Millot-300x200.jpg 300w, https:\/\/constanceluzzati.com\/wp-content\/uploads\/2023\/08\/JBM3453-\u00a9Jean-Baptiste-Millot-768x511.jpg 768w, https:\/\/constanceluzzati.com\/wp-content\/uploads\/2023\/08\/JBM3453-\u00a9Jean-Baptiste-Millot-1536x1022.jpg 1536w, https:\/\/constanceluzzati.com\/wp-content\/uploads\/2023\/08\/JBM3453-\u00a9Jean-Baptiste-Millot-2048x1363.jpg 2048w, https:\/\/constanceluzzati.com\/wp-content\/uploads\/2023\/08\/JBM3453-\u00a9Jean-Baptiste-Millot-600x399.jpg 600w\" sizes=\"(max-width: 1024px) 100vw, 1024px\" \/><\/figure>\n\n\n\n<p>Les \u00ab cieux embras\u00e9s \u00bb du po\u00e8me de Baudelaire, emprunt\u00e9s par Edith Lejet dans sa pi\u00e8ce \u00e9ponyme, \u00e9voquent un moment de bascule dont po\u00e8tes et compositrices se d\u00e9lectent : hommage aux anciens, au cr\u00e9puscule de leur existence, dans \u201cR\u00eaveries d\u2019a\u00efeules\u201d&nbsp;d\u2019Hedwige Chr\u00e9tien, passage du vivant vers la mort dans la&nbsp;<em>Litanie<\/em>&nbsp;d\u2019Edith Canat de Chizy, mais aussi \u00e9veil \u00e0 l\u2019amour, teint\u00e9 de&nbsp;soleils aux tons clairs dans \u201cPour ceux qui aiment\u201d&nbsp;d\u2019Hedwige Chr\u00e9tien. Ces lumi\u00e8res en demi-teintes \u00e9veillent les sens et se parent des attraits de la s\u00e9duction chez Rosy Wertheim.&nbsp;La nuit est parfois sombre et cauchemardesque, consumant le po\u00e8te des&nbsp;<em>Songs of Sleep<\/em>&nbsp;de Grace Williams, mais de son obscurit\u00e9 se d\u00e9tachent les \u00e9toiles scintillantes de Gourand Gentil ou de Ferrari. Les oiseaux, annonciateurs de la nuit (\u201cLe&nbsp;Roussignolet\u201d&nbsp;de Pauline Viardot) comme du jour, accompagnent ces travers\u00e9es lumineuses.<\/p>\n\n\n\n<p><\/p>\n\n\n\n<p><strong>PAULINE VIARDOT (1821 \u2013 1910)<br><\/strong>\u201cLe roussignolet\u201d<\/p>\n\n\n\n<p><strong>HEDWIGE CHRETIEN<\/strong>&nbsp;(1859 \u2013 1944)<br>\u201cR\u00eaveries d\u2019a\u00efeules\u201d<\/p>\n\n\n\n<p><strong>CLEMENCE DE GRANDVAL&nbsp;<\/strong>(1828 \u2013 1907)<br><em>Valse m\u00e9lancolique<\/em><\/p>\n\n\n\n<p><strong>EDITH CANAT DE CHIZY<\/strong>&nbsp;(1950 -)<br><em>Litanie<\/em><\/p>\n\n\n\n<p><strong>LOUISE-ZOE GOUIRAND GENTIL<\/strong>&nbsp;(?)<br>\u201cNuit d\u2019\u00e9toiles\u201d<\/p>\n\n\n\n<p><strong>GRACE WILLIAMS (1906 \u2013 1977)<\/strong><em>Songs of sleep<\/em><br>\u201cCome, sleep\u201d<br><a href=\"https:\/\/www.youtube.com\/watch?v=lGJApcljAzE\">\u201cThe cypress curtain of the night\u201d<\/a><br>\u201cSweet and low\u201d<\/p>\n\n\n\n<p><strong>GABRIELLE FERRARI (1851 \u2013 1921)<br><\/strong>\u201cA une \u00e9toile\u201d<\/p>\n\n\n\n<p><strong>EDITH LEJET (1941 \u2013 )<br><\/strong>\u201cDe lumi\u00e8re et de cieux embras\u00e9s\u201d<\/p>\n\n\n\n<p><strong>CLEMENCE DE GRANDVAL<\/strong>(1828 \u2013 1907)\u201cVillanelle\u201d<\/p>\n\n\n\n<p><strong>HEDWIGE CHRETIEN<\/strong>&nbsp;(1859 \u2013 1944)<br>\u201cPour ceux qui aiment\u201d<\/p>\n\n\n\n<p><strong>ROSY WERTHEIM<\/strong>&nbsp;(1888 \u2013 1949)<br><em>Trois Chansons<\/em><br>\u201cLa danse des Dieux\u201d<br>\u201cLes deux fl\u00fbtes\u201d<br>\u201cSur les bords du Jo-Jeh\u201d<\/p>\n\n\n\n<p><\/p>\n\n\n\n<h3 class=\"wp-block-heading\">Le trio Hayd\u00e9e<\/h3>\n\n\n\n<div class=\"wp-block-media-text alignwide has-media-on-the-right is-stacked-on-mobile\"><div class=\"wp-block-media-text__content\">\n<p>M<strong>arielou Jacquard<\/strong>&nbsp;(voix),&nbsp;<strong>Anastasie Lefebvre de Rieux<\/strong>&nbsp;(fl\u00fbtes) et&nbsp;<strong>Constance Luzzati&nbsp;<\/strong>(harpe) enregistrent, fin 2022,&nbsp;<em>Songs of Sleep<\/em>&nbsp;de&nbsp;<strong>Grace Williams<\/strong>&nbsp;pour la plateforme de musique en ligne&nbsp;<strong>La bo\u00eete \u00e0 p\u00e9pites<\/strong>. La rencontre musicale est une \u00e9vidence : elles fondent en 2023 le&nbsp;<strong>Trio Hayd\u00e9e<\/strong>, construisant un r\u00e9pertoire soigneusement choisi pour leur formation, s\u2019int\u00e9ressant aussi bien aux \u0153uvres in\u00e9dites des compositrices et compositeurs du si\u00e8cle pass\u00e9 qu\u2019aux cr\u00e9ations les plus r\u00e9centes.<\/p>\n\n\n\n<p>Elles se d\u00e9couvrent un commun attrait pour l\u2019aura po\u00e9tique des textes  ainsi qu\u2019une exigence partag\u00e9e dans le choix du r\u00e9pertoire et de son interpr\u00e9tation. Leur travail de recherche les m\u00e8ne \u00e0 d\u00e9couvrir et red\u00e9couvrir les \u0153uvres compos\u00e9es pour leur formation. Il les conduit \u00e9galement \u00e0 transcrire les pi\u00e8ces qui s&rsquo;y pr\u00eatent le plus, et \u00e0 passer des commandes afin que de nouvelles \u0153uvres viennent enrichir ce r\u00e9pertoire en expansion.<\/p>\n\n\n\n<p>Elles se produisent \u00e0 partir de l&rsquo;\u00e9t\u00e9 2023 dans les festivals et salles fran\u00e7ais (Un temps pour elles, Voce Humana, Sonomundo, Atelier lyrique de Tourcoing, Petit palais&#8230;), et pr\u00e9parent l&rsquo;enregistrement de leur premier album, qui sortira en 2024.<\/p>\n<\/div><figure class=\"wp-block-media-text__media\"><img loading=\"lazy\" decoding=\"async\" width=\"534\" height=\"694\" src=\"https:\/\/constanceluzzati.com\/wp-content\/uploads\/2023\/08\/Capture-decran-2023-08-13-a-15.38.01.png\" alt=\"\" class=\"wp-image-2940 size-full\" srcset=\"https:\/\/constanceluzzati.com\/wp-content\/uploads\/2023\/08\/Capture-decran-2023-08-13-a-15.38.01.png 534w, https:\/\/constanceluzzati.com\/wp-content\/uploads\/2023\/08\/Capture-decran-2023-08-13-a-15.38.01-231x300.png 231w\" sizes=\"(max-width: 534px) 100vw, 534px\" \/><\/figure><\/div>\n\n\n\n<p><\/p>\n\n\n\n<p>fiche technique d\u00e9taill\u00e9e : <a href=\"https:\/\/constanceluzzati.com\/index.php\/contact\/\">nous contacter<\/a><\/p>\n\n\n\n<p><\/p>\n","protected":false},"excerpt":{"rendered":"<p>\u00ab Chants de lumi\u00e8re \u00bb, programme enti\u00e8rement d\u00e9di\u00e9 aux compositrices, donn\u00e9 pour la premi\u00e8re fois au festival&nbsp;Un temps pour Elles&nbsp;en [&hellip;]<\/p>\n","protected":false},"author":1,"featured_media":0,"parent":0,"menu_order":0,"comment_status":"closed","ping_status":"closed","template":"","meta":{"_uag_custom_page_level_css":"","_monsterinsights_skip_tracking":false,"_monsterinsights_sitenote_active":false,"_monsterinsights_sitenote_note":"","_monsterinsights_sitenote_category":0,"site-sidebar-layout":"default","site-content-layout":"","ast-site-content-layout":"","site-content-style":"default","site-sidebar-style":"default","ast-global-header-display":"","ast-banner-title-visibility":"","ast-main-header-display":"","ast-hfb-above-header-display":"","ast-hfb-below-header-display":"","ast-hfb-mobile-header-display":"","site-post-title":"","ast-breadcrumbs-content":"","ast-featured-img":"","footer-sml-layout":"","theme-transparent-header-meta":"","adv-header-id-meta":"","stick-header-meta":"","header-above-stick-meta":"","header-main-stick-meta":"","header-below-stick-meta":"","astra-migrate-meta-layouts":"default","ast-page-background-enabled":"default","ast-page-background-meta":{"desktop":{"background-color":"var(--ast-global-color-4)","background-image":"","background-repeat":"repeat","background-position":"center center","background-size":"auto","background-attachment":"scroll","background-type":"","background-media":"","overlay-type":"","overlay-color":"","overlay-opacity":"","overlay-gradient":""},"tablet":{"background-color":"","background-image":"","background-repeat":"repeat","background-position":"center center","background-size":"auto","background-attachment":"scroll","background-type":"","background-media":"","overlay-type":"","overlay-color":"","overlay-opacity":"","overlay-gradient":""},"mobile":{"background-color":"","background-image":"","background-repeat":"repeat","background-position":"center center","background-size":"auto","background-attachment":"scroll","background-type":"","background-media":"","overlay-type":"","overlay-color":"","overlay-opacity":"","overlay-gradient":""}},"ast-content-background-meta":{"desktop":{"background-color":"var(--ast-global-color-5)","background-image":"","background-repeat":"repeat","background-position":"center center","background-size":"auto","background-attachment":"scroll","background-type":"","background-media":"","overlay-type":"","overlay-color":"","overlay-opacity":"","overlay-gradient":""},"tablet":{"background-color":"var(--ast-global-color-5)","background-image":"","background-repeat":"repeat","background-position":"center center","background-size":"auto","background-attachment":"scroll","background-type":"","background-media":"","overlay-type":"","overlay-color":"","overlay-opacity":"","overlay-gradient":""},"mobile":{"background-color":"var(--ast-global-color-5)","background-image":"","background-repeat":"repeat","background-position":"center center","background-size":"auto","background-attachment":"scroll","background-type":"","background-media":"","overlay-type":"","overlay-color":"","overlay-opacity":"","overlay-gradient":""}},"footnotes":""},"class_list":["post-2938","page","type-page","status-publish","hentry"],"yoast_head":"<!-- This site is optimized with the Yoast SEO plugin v25.2 - https:\/\/yoast.com\/wordpress\/plugins\/seo\/ -->\n<title>Chants de lumi\u00e8re - Constance Luzzati<\/title>\n<meta name=\"description\" content=\"\u00ab Chants de lumi\u00e8re \u00bb est programme du Trio Hayd\u00e9e enti\u00e8rement d\u00e9di\u00e9 aux compositrices du XIXe au XXIe si\u00e8cle.\" \/>\n<meta name=\"robots\" content=\"index, follow, max-snippet:-1, max-image-preview:large, max-video-preview:-1\" \/>\n<link rel=\"canonical\" href=\"https:\/\/constanceluzzati.com\/index.php\/chants-de-lumiere-trio-haydee\/\" \/>\n<meta property=\"og:locale\" content=\"fr_FR\" \/>\n<meta property=\"og:type\" content=\"article\" \/>\n<meta property=\"og:title\" content=\"Chants de lumi\u00e8re - Constance Luzzati\" \/>\n<meta property=\"og:description\" content=\"\u00ab Chants de lumi\u00e8re \u00bb est programme du Trio Hayd\u00e9e enti\u00e8rement d\u00e9di\u00e9 aux compositrices du XIXe au XXIe si\u00e8cle.\" \/>\n<meta property=\"og:url\" content=\"https:\/\/constanceluzzati.com\/index.php\/chants-de-lumiere-trio-haydee\/\" \/>\n<meta property=\"og:site_name\" content=\"Constance Luzzati\" \/>\n<meta property=\"article:modified_time\" content=\"2023-08-15T14:03:21+00:00\" \/>\n<meta property=\"og:image\" content=\"https:\/\/constanceluzzati.com\/wp-content\/uploads\/2023\/08\/Capture-decran-2023-08-13-a-15.38.01.png\" \/>\n<meta name=\"twitter:card\" content=\"summary_large_image\" \/>\n<meta name=\"twitter:label1\" content=\"Dur\u00e9e de lecture estim\u00e9e\" \/>\n\t<meta name=\"twitter:data1\" content=\"3 minutes\" \/>\n<script type=\"application\/ld+json\" class=\"yoast-schema-graph\">{\"@context\":\"https:\/\/schema.org\",\"@graph\":[{\"@type\":\"WebPage\",\"@id\":\"https:\/\/constanceluzzati.com\/index.php\/chants-de-lumiere-trio-haydee\/\",\"url\":\"https:\/\/constanceluzzati.com\/index.php\/chants-de-lumiere-trio-haydee\/\",\"name\":\"Chants de lumi\u00e8re - Constance Luzzati\",\"isPartOf\":{\"@id\":\"https:\/\/constanceluzzati.com\/#website\"},\"primaryImageOfPage\":{\"@id\":\"https:\/\/constanceluzzati.com\/index.php\/chants-de-lumiere-trio-haydee\/#primaryimage\"},\"image\":{\"@id\":\"https:\/\/constanceluzzati.com\/index.php\/chants-de-lumiere-trio-haydee\/#primaryimage\"},\"thumbnailUrl\":\"https:\/\/constanceluzzati.com\/wp-content\/uploads\/2023\/08\/Capture-decran-2023-08-13-a-15.38.01.png\",\"datePublished\":\"2023-08-13T13:57:37+00:00\",\"dateModified\":\"2023-08-15T14:03:21+00:00\",\"description\":\"\u00ab Chants de lumi\u00e8re \u00bb est programme du Trio Hayd\u00e9e enti\u00e8rement d\u00e9di\u00e9 aux compositrices du XIXe au XXIe si\u00e8cle.\",\"breadcrumb\":{\"@id\":\"https:\/\/constanceluzzati.com\/index.php\/chants-de-lumiere-trio-haydee\/#breadcrumb\"},\"inLanguage\":\"fr-FR\",\"potentialAction\":[{\"@type\":\"ReadAction\",\"target\":[\"https:\/\/constanceluzzati.com\/index.php\/chants-de-lumiere-trio-haydee\/\"]}]},{\"@type\":\"ImageObject\",\"inLanguage\":\"fr-FR\",\"@id\":\"https:\/\/constanceluzzati.com\/index.php\/chants-de-lumiere-trio-haydee\/#primaryimage\",\"url\":\"https:\/\/constanceluzzati.com\/wp-content\/uploads\/2023\/08\/Capture-decran-2023-08-13-a-15.38.01.png\",\"contentUrl\":\"https:\/\/constanceluzzati.com\/wp-content\/uploads\/2023\/08\/Capture-decran-2023-08-13-a-15.38.01.png\",\"width\":534,\"height\":694},{\"@type\":\"BreadcrumbList\",\"@id\":\"https:\/\/constanceluzzati.com\/index.php\/chants-de-lumiere-trio-haydee\/#breadcrumb\",\"itemListElement\":[{\"@type\":\"ListItem\",\"position\":1,\"name\":\"Home\",\"item\":\"https:\/\/constanceluzzati.com\/\"},{\"@type\":\"ListItem\",\"position\":2,\"name\":\"Chants de lumi\u00e8re\"}]},{\"@type\":\"WebSite\",\"@id\":\"https:\/\/constanceluzzati.com\/#website\",\"url\":\"https:\/\/constanceluzzati.com\/\",\"name\":\"Constance Luzzati\",\"description\":\"harpiste, musicologue\",\"potentialAction\":[{\"@type\":\"SearchAction\",\"target\":{\"@type\":\"EntryPoint\",\"urlTemplate\":\"https:\/\/constanceluzzati.com\/?s={search_term_string}\"},\"query-input\":{\"@type\":\"PropertyValueSpecification\",\"valueRequired\":true,\"valueName\":\"search_term_string\"}}],\"inLanguage\":\"fr-FR\"}]}<\/script>\n<!-- \/ Yoast SEO plugin. -->","yoast_head_json":{"title":"Chants de lumi\u00e8re - Constance Luzzati","description":"\u00ab Chants de lumi\u00e8re \u00bb est programme du Trio Hayd\u00e9e enti\u00e8rement d\u00e9di\u00e9 aux compositrices du XIXe au XXIe si\u00e8cle.","robots":{"index":"index","follow":"follow","max-snippet":"max-snippet:-1","max-image-preview":"max-image-preview:large","max-video-preview":"max-video-preview:-1"},"canonical":"https:\/\/constanceluzzati.com\/index.php\/chants-de-lumiere-trio-haydee\/","og_locale":"fr_FR","og_type":"article","og_title":"Chants de lumi\u00e8re - Constance Luzzati","og_description":"\u00ab Chants de lumi\u00e8re \u00bb est programme du Trio Hayd\u00e9e enti\u00e8rement d\u00e9di\u00e9 aux compositrices du XIXe au XXIe si\u00e8cle.","og_url":"https:\/\/constanceluzzati.com\/index.php\/chants-de-lumiere-trio-haydee\/","og_site_name":"Constance Luzzati","article_modified_time":"2023-08-15T14:03:21+00:00","og_image":[{"url":"https:\/\/constanceluzzati.com\/wp-content\/uploads\/2023\/08\/Capture-decran-2023-08-13-a-15.38.01.png","type":"","width":"","height":""}],"twitter_card":"summary_large_image","twitter_misc":{"Dur\u00e9e de lecture estim\u00e9e":"3 minutes"},"schema":{"@context":"https:\/\/schema.org","@graph":[{"@type":"WebPage","@id":"https:\/\/constanceluzzati.com\/index.php\/chants-de-lumiere-trio-haydee\/","url":"https:\/\/constanceluzzati.com\/index.php\/chants-de-lumiere-trio-haydee\/","name":"Chants de lumi\u00e8re - Constance Luzzati","isPartOf":{"@id":"https:\/\/constanceluzzati.com\/#website"},"primaryImageOfPage":{"@id":"https:\/\/constanceluzzati.com\/index.php\/chants-de-lumiere-trio-haydee\/#primaryimage"},"image":{"@id":"https:\/\/constanceluzzati.com\/index.php\/chants-de-lumiere-trio-haydee\/#primaryimage"},"thumbnailUrl":"https:\/\/constanceluzzati.com\/wp-content\/uploads\/2023\/08\/Capture-decran-2023-08-13-a-15.38.01.png","datePublished":"2023-08-13T13:57:37+00:00","dateModified":"2023-08-15T14:03:21+00:00","description":"\u00ab Chants de lumi\u00e8re \u00bb est programme du Trio Hayd\u00e9e enti\u00e8rement d\u00e9di\u00e9 aux compositrices du XIXe au XXIe si\u00e8cle.","breadcrumb":{"@id":"https:\/\/constanceluzzati.com\/index.php\/chants-de-lumiere-trio-haydee\/#breadcrumb"},"inLanguage":"fr-FR","potentialAction":[{"@type":"ReadAction","target":["https:\/\/constanceluzzati.com\/index.php\/chants-de-lumiere-trio-haydee\/"]}]},{"@type":"ImageObject","inLanguage":"fr-FR","@id":"https:\/\/constanceluzzati.com\/index.php\/chants-de-lumiere-trio-haydee\/#primaryimage","url":"https:\/\/constanceluzzati.com\/wp-content\/uploads\/2023\/08\/Capture-decran-2023-08-13-a-15.38.01.png","contentUrl":"https:\/\/constanceluzzati.com\/wp-content\/uploads\/2023\/08\/Capture-decran-2023-08-13-a-15.38.01.png","width":534,"height":694},{"@type":"BreadcrumbList","@id":"https:\/\/constanceluzzati.com\/index.php\/chants-de-lumiere-trio-haydee\/#breadcrumb","itemListElement":[{"@type":"ListItem","position":1,"name":"Home","item":"https:\/\/constanceluzzati.com\/"},{"@type":"ListItem","position":2,"name":"Chants de lumi\u00e8re"}]},{"@type":"WebSite","@id":"https:\/\/constanceluzzati.com\/#website","url":"https:\/\/constanceluzzati.com\/","name":"Constance Luzzati","description":"harpiste, musicologue","potentialAction":[{"@type":"SearchAction","target":{"@type":"EntryPoint","urlTemplate":"https:\/\/constanceluzzati.com\/?s={search_term_string}"},"query-input":{"@type":"PropertyValueSpecification","valueRequired":true,"valueName":"search_term_string"}}],"inLanguage":"fr-FR"}]}},"jetpack_sharing_enabled":true,"uagb_featured_image_src":{"full":false,"thumbnail":false,"medium":false,"medium_large":false,"large":false,"1536x1536":false,"2048x2048":false},"uagb_author_info":{"display_name":"cladmin","author_link":"https:\/\/constanceluzzati.com\/index.php\/author\/cladmin\/"},"uagb_comment_info":0,"uagb_excerpt":"\u00ab Chants de lumi\u00e8re \u00bb, programme enti\u00e8rement d\u00e9di\u00e9 aux compositrices, donn\u00e9 pour la premi\u00e8re fois au festival&nbsp;Un temps pour Elles&nbsp;en [&hellip;]","_links":{"self":[{"href":"https:\/\/constanceluzzati.com\/index.php\/wp-json\/wp\/v2\/pages\/2938"}],"collection":[{"href":"https:\/\/constanceluzzati.com\/index.php\/wp-json\/wp\/v2\/pages"}],"about":[{"href":"https:\/\/constanceluzzati.com\/index.php\/wp-json\/wp\/v2\/types\/page"}],"author":[{"embeddable":true,"href":"https:\/\/constanceluzzati.com\/index.php\/wp-json\/wp\/v2\/users\/1"}],"replies":[{"embeddable":true,"href":"https:\/\/constanceluzzati.com\/index.php\/wp-json\/wp\/v2\/comments?post=2938"}],"version-history":[{"count":2,"href":"https:\/\/constanceluzzati.com\/index.php\/wp-json\/wp\/v2\/pages\/2938\/revisions"}],"predecessor-version":[{"id":3004,"href":"https:\/\/constanceluzzati.com\/index.php\/wp-json\/wp\/v2\/pages\/2938\/revisions\/3004"}],"wp:attachment":[{"href":"https:\/\/constanceluzzati.com\/index.php\/wp-json\/wp\/v2\/media?parent=2938"}],"curies":[{"name":"wp","href":"https:\/\/api.w.org\/{rel}","templated":true}]}}