{"id":251,"date":"2019-04-03T14:56:05","date_gmt":"2019-04-03T12:56:05","guid":{"rendered":"http:\/\/constanceluzzati.com\/?page_id=251"},"modified":"2020-12-08T10:14:13","modified_gmt":"2020-12-08T09:14:13","slug":"grand-repertoire","status":"publish","type":"page","link":"https:\/\/constanceluzzati.com\/index.php\/repertoire\/grand-repertoire\/","title":{"rendered":"R\u00e9pertoire original pour harpes"},"content":{"rendered":"\n<h3 class=\"wp-block-heading\">\u0152uvres originales et transcriptions \u00e9dit\u00e9es<\/h3>\n\n\n\n<p>Gilbert AMY,\u00a0<em>En Harmonies<\/em><\/p>\n\n\n\n<p>Luciano BERIO,\u00a0<em>Sequenza per arpa sola<\/em><\/p>\n\n\n\n<p>Benjamin BRITTEN,\u00a0<em>Suite for harp<\/em><\/p>\n\n\n\n<p>Andr\u00e9 CAPLET,\u00a0<em>Divertissements<\/em> (\u00e0 la fran\u00e7aise, \u00e0 l\u2019espagnole)<\/p>\n\n\n\n<p>Elliott CARTER,\u00a0<em>Bariolage<\/em><\/p>\n\n\n\n<p>Bernard CAVANNA,\u00a0<em>Cinq pi\u00e8ces pour harpe<\/em><\/p>\n\n\n\n<p>Claude DEBUSSY,&nbsp;<em>Danses pour harpe et orchestre \u00e0 cordes<\/em><\/p>\n\n\n\n<p>Manuel DE FALLA,&nbsp;<em>Danse extraite de La Vida breve<\/em><\/p>\n\n\n\n<p>Gabriel FAURE<\/p>\n\n\n\n<ul class=\"wp-block-list\"><li><em>Une ch\u00e2telaine en sa tour<\/em><\/li><li><em>Impromptu<\/em><\/li><\/ul>\n\n\n\n<p>Marius FLOTHUIS,\u00a0<em>Pour le tombeau d\u2019Orph\u00e9e<\/em><\/p>\n\n\n\n<p>Alberto GINASTERA,\u00a0<em>Concerto\u00a0<\/em><\/p>\n\n\n\n<p>Philippe HERSANT,\u00a0<em>Bamyan<\/em><\/p>\n\n\n\n<p>Paul HINDEMITH,\u00a0<em>Sonate<\/em><\/p>\n\n\n\n<p>Heinz HOLLIGER,&nbsp;<em>Praeludium, Arioso, Passacaille<\/em><\/p>\n\n\n\n<p>Heinz HOLLIGER,&nbsp;<em>Sequenzen \u00fcber Johannes<\/em><\/p>\n\n\n\n<p>Pal JARDANYI,\u00a0<em>Concerto<\/em><\/p>\n\n\n\n<p>Andr\u00e9 JOLIVET,\u00a0<em>Pr\u00e9lude pour harpe<\/em><\/p>\n\n\n\n<p>Aram KHATCHATURIAN,\u00a0<em>Danse et Toccata<\/em><\/p>\n\n\n\n<p>\u00c9dith LEJET,&nbsp;<em>De lumi\u00e8res et de cieux embras\u00e9s<\/em>(cr\u00e9ation C.&nbsp;Luzzati, 2011)<\/p>\n\n\n\n<p>Ami MAAYANI,&nbsp;<em>Toccata<\/em><\/p>\n\n\n\n<p>Bruno MANTOVANI,\u00a0<em>Tocar<\/em> (cr\u00e9ation C.\u00a0Luzzati, 2006)<\/p>\n\n\n\n<p>Daan MANNEKE,&nbsp;<em>Quasi una fantasia<\/em><\/p>\n\n\n\n<p>Wolfgang Amadeus MOZART,&nbsp;<em>Concerto pour fl\u00fbte et harpe<\/em><\/p>\n\n\n\n<p>Nicolo PAGANINI,&nbsp;<em>La Caccia<\/em><\/p>\n\n\n\n<p>Gabriel PIERNE,&nbsp;<em>Impromptu-Caprice<\/em><\/p>\n\n\n\n<p>Maurice RAVEL,&nbsp;<em>Introduction et Allegro<\/em>pour harpe avec accompagnement de quatuor \u00e0 cordes, fl\u00fbte et clarinette<\/p>\n\n\n\n<p>Henriette RENIE,&nbsp;<em>L\u00e9gende d\u2019apr\u00e8s les Elfes de Leconte de Lisle<\/em><\/p>\n\n\n\n<p>Albert ROUSSEL,&nbsp;<em>Impromptu pour harpe<\/em><\/p>\n\n\n\n<p>Carlos SALZEDO,&nbsp;<em>Variations sur un th\u00e8me ancien<\/em><\/p>\n\n\n\n<p>Pierre SANCAN,&nbsp;<em>Th\u00e8me et variation pour harpe<\/em><\/p>\n\n\n\n<p>Louis SPOHR,\u00a0<em>Fantaisie<\/em><\/p>\n\n\n\n<p>Yoshihira TAIRA,\u00a0<em>Sublimation<\/em><\/p>\n\n\n\n<p>Marcel TOURNIER,&nbsp;<em>\u00c9tude de concert \u00ab&nbsp;Au Matin&nbsp;\u00bb<\/em><\/p>\n\n\n\n<div style=\"height:100px\" aria-hidden=\"true\" class=\"wp-block-spacer\"><\/div>\n\n\n\n<h3 class=\"wp-block-heading\">Transcriptions C. Luzzati (originaux pour piano)<\/h3>\n\n\n\n<p>B\u00e9la BARTOK,&nbsp;<em>Danses roumaines<\/em><\/p>\n\n\n\n<p>Claude DEBUSSY<\/p>\n\n\n\n<ul class=\"wp-block-list\"><li><em>Suite bergamasque<\/em><\/li><li><em>Des pas sur la neige<\/em><\/li><li><em>La fille aux cheveux de lin<\/em><\/li><\/ul>\n\n\n\n<p>Maurice RAVEL,&nbsp;<em>Menuet du Tombeau de Couperin<\/em><\/p>\n\n\n\n<p>Karol SZYMANOWSKI ,&nbsp;<em>Mazurka n\u00b01<\/em><\/p>\n\n\n\n<p>Joaquin TURINA<\/p>\n\n\n\n<ul class=\"wp-block-list\"><li><em>Danza de la seduccion<\/em><\/li><li><em>Generalife<\/em><\/li><li><em>Sacro-monte<\/em><\/li><\/ul>\n","protected":false},"excerpt":{"rendered":"<p>\u0152uvres originales et transcriptions \u00e9dit\u00e9es Gilbert AMY,\u00a0En Harmonies Luciano BERIO,\u00a0Sequenza per arpa sola Benjamin BRITTEN,\u00a0Suite for harp Andr\u00e9 CAPLET,\u00a0Divertissements (\u00e0 [&hellip;]<\/p>\n","protected":false},"author":1,"featured_media":0,"parent":97,"menu_order":0,"comment_status":"closed","ping_status":"closed","template":"","meta":{"_uag_custom_page_level_css":"","_monsterinsights_skip_tracking":false,"_monsterinsights_sitenote_active":false,"_monsterinsights_sitenote_note":"","_monsterinsights_sitenote_category":0,"site-sidebar-layout":"default","site-content-layout":"","ast-site-content-layout":"","site-content-style":"default","site-sidebar-style":"default","ast-global-header-display":"","ast-banner-title-visibility":"","ast-main-header-display":"","ast-hfb-above-header-display":"","ast-hfb-below-header-display":"","ast-hfb-mobile-header-display":"","site-post-title":"","ast-breadcrumbs-content":"","ast-featured-img":"","footer-sml-layout":"","theme-transparent-header-meta":"","adv-header-id-meta":"","stick-header-meta":"","header-above-stick-meta":"","header-main-stick-meta":"","header-below-stick-meta":"","astra-migrate-meta-layouts":"default","ast-page-background-enabled":"default","ast-page-background-meta":{"desktop":{"background-color":"var(--ast-global-color-4)","background-image":"","background-repeat":"repeat","background-position":"center center","background-size":"auto","background-attachment":"scroll","background-type":"","background-media":"","overlay-type":"","overlay-color":"","overlay-opacity":"","overlay-gradient":""},"tablet":{"background-color":"","background-image":"","background-repeat":"repeat","background-position":"center center","background-size":"auto","background-attachment":"scroll","background-type":"","background-media":"","overlay-type":"","overlay-color":"","overlay-opacity":"","overlay-gradient":""},"mobile":{"background-color":"","background-image":"","background-repeat":"repeat","background-position":"center center","background-size":"auto","background-attachment":"scroll","background-type":"","background-media":"","overlay-type":"","overlay-color":"","overlay-opacity":"","overlay-gradient":""}},"ast-content-background-meta":{"desktop":{"background-color":"var(--ast-global-color-5)","background-image":"","background-repeat":"repeat","background-position":"center center","background-size":"auto","background-attachment":"scroll","background-type":"","background-media":"","overlay-type":"","overlay-color":"","overlay-opacity":"","overlay-gradient":""},"tablet":{"background-color":"var(--ast-global-color-5)","background-image":"","background-repeat":"repeat","background-position":"center center","background-size":"auto","background-attachment":"scroll","background-type":"","background-media":"","overlay-type":"","overlay-color":"","overlay-opacity":"","overlay-gradient":""},"mobile":{"background-color":"var(--ast-global-color-5)","background-image":"","background-repeat":"repeat","background-position":"center center","background-size":"auto","background-attachment":"scroll","background-type":"","background-media":"","overlay-type":"","overlay-color":"","overlay-opacity":"","overlay-gradient":""}},"footnotes":""},"class_list":["post-251","page","type-page","status-publish","hentry"],"yoast_head":"<!-- This site is optimized with the Yoast SEO plugin v25.2 - https:\/\/yoast.com\/wordpress\/plugins\/seo\/ -->\n<title>R\u00e9pertoire original pour harpes - Constance Luzzati<\/title>\n<meta name=\"robots\" content=\"index, follow, max-snippet:-1, max-image-preview:large, max-video-preview:-1\" \/>\n<link rel=\"canonical\" href=\"https:\/\/constanceluzzati.com\/index.php\/repertoire\/grand-repertoire\/\" \/>\n<meta property=\"og:locale\" content=\"fr_FR\" \/>\n<meta property=\"og:type\" content=\"article\" \/>\n<meta property=\"og:title\" content=\"R\u00e9pertoire original pour harpes - Constance Luzzati\" \/>\n<meta property=\"og:description\" content=\"\u0152uvres originales et transcriptions \u00e9dit\u00e9es Gilbert AMY,\u00a0En Harmonies Luciano BERIO,\u00a0Sequenza per arpa sola Benjamin BRITTEN,\u00a0Suite for harp Andr\u00e9 CAPLET,\u00a0Divertissements (\u00e0 [&hellip;]\" \/>\n<meta property=\"og:url\" content=\"https:\/\/constanceluzzati.com\/index.php\/repertoire\/grand-repertoire\/\" \/>\n<meta property=\"og:site_name\" content=\"Constance Luzzati\" \/>\n<meta property=\"article:modified_time\" content=\"2020-12-08T09:14:13+00:00\" \/>\n<meta name=\"twitter:card\" content=\"summary_large_image\" \/>\n<meta name=\"twitter:label1\" content=\"Dur\u00e9e de lecture estim\u00e9e\" \/>\n\t<meta name=\"twitter:data1\" content=\"1 minute\" \/>\n<script type=\"application\/ld+json\" class=\"yoast-schema-graph\">{\"@context\":\"https:\/\/schema.org\",\"@graph\":[{\"@type\":\"WebPage\",\"@id\":\"https:\/\/constanceluzzati.com\/index.php\/repertoire\/grand-repertoire\/\",\"url\":\"https:\/\/constanceluzzati.com\/index.php\/repertoire\/grand-repertoire\/\",\"name\":\"R\u00e9pertoire original pour harpes - Constance Luzzati\",\"isPartOf\":{\"@id\":\"https:\/\/constanceluzzati.com\/#website\"},\"datePublished\":\"2019-04-03T12:56:05+00:00\",\"dateModified\":\"2020-12-08T09:14:13+00:00\",\"breadcrumb\":{\"@id\":\"https:\/\/constanceluzzati.com\/index.php\/repertoire\/grand-repertoire\/#breadcrumb\"},\"inLanguage\":\"fr-FR\",\"potentialAction\":[{\"@type\":\"ReadAction\",\"target\":[\"https:\/\/constanceluzzati.com\/index.php\/repertoire\/grand-repertoire\/\"]}]},{\"@type\":\"BreadcrumbList\",\"@id\":\"https:\/\/constanceluzzati.com\/index.php\/repertoire\/grand-repertoire\/#breadcrumb\",\"itemListElement\":[{\"@type\":\"ListItem\",\"position\":1,\"name\":\"Home\",\"item\":\"https:\/\/constanceluzzati.com\/\"},{\"@type\":\"ListItem\",\"position\":2,\"name\":\"R\u00e9pertoire et programmes\",\"item\":\"https:\/\/constanceluzzati.com\/index.php\/repertoire\/\"},{\"@type\":\"ListItem\",\"position\":3,\"name\":\"R\u00e9pertoire original pour harpes\"}]},{\"@type\":\"WebSite\",\"@id\":\"https:\/\/constanceluzzati.com\/#website\",\"url\":\"https:\/\/constanceluzzati.com\/\",\"name\":\"Constance Luzzati\",\"description\":\"harpiste, musicologue\",\"potentialAction\":[{\"@type\":\"SearchAction\",\"target\":{\"@type\":\"EntryPoint\",\"urlTemplate\":\"https:\/\/constanceluzzati.com\/?s={search_term_string}\"},\"query-input\":{\"@type\":\"PropertyValueSpecification\",\"valueRequired\":true,\"valueName\":\"search_term_string\"}}],\"inLanguage\":\"fr-FR\"}]}<\/script>\n<!-- \/ Yoast SEO plugin. -->","yoast_head_json":{"title":"R\u00e9pertoire original pour harpes - Constance Luzzati","robots":{"index":"index","follow":"follow","max-snippet":"max-snippet:-1","max-image-preview":"max-image-preview:large","max-video-preview":"max-video-preview:-1"},"canonical":"https:\/\/constanceluzzati.com\/index.php\/repertoire\/grand-repertoire\/","og_locale":"fr_FR","og_type":"article","og_title":"R\u00e9pertoire original pour harpes - Constance Luzzati","og_description":"\u0152uvres originales et transcriptions \u00e9dit\u00e9es Gilbert AMY,\u00a0En Harmonies Luciano BERIO,\u00a0Sequenza per arpa sola Benjamin BRITTEN,\u00a0Suite for harp Andr\u00e9 CAPLET,\u00a0Divertissements (\u00e0 [&hellip;]","og_url":"https:\/\/constanceluzzati.com\/index.php\/repertoire\/grand-repertoire\/","og_site_name":"Constance Luzzati","article_modified_time":"2020-12-08T09:14:13+00:00","twitter_card":"summary_large_image","twitter_misc":{"Dur\u00e9e de lecture estim\u00e9e":"1 minute"},"schema":{"@context":"https:\/\/schema.org","@graph":[{"@type":"WebPage","@id":"https:\/\/constanceluzzati.com\/index.php\/repertoire\/grand-repertoire\/","url":"https:\/\/constanceluzzati.com\/index.php\/repertoire\/grand-repertoire\/","name":"R\u00e9pertoire original pour harpes - Constance Luzzati","isPartOf":{"@id":"https:\/\/constanceluzzati.com\/#website"},"datePublished":"2019-04-03T12:56:05+00:00","dateModified":"2020-12-08T09:14:13+00:00","breadcrumb":{"@id":"https:\/\/constanceluzzati.com\/index.php\/repertoire\/grand-repertoire\/#breadcrumb"},"inLanguage":"fr-FR","potentialAction":[{"@type":"ReadAction","target":["https:\/\/constanceluzzati.com\/index.php\/repertoire\/grand-repertoire\/"]}]},{"@type":"BreadcrumbList","@id":"https:\/\/constanceluzzati.com\/index.php\/repertoire\/grand-repertoire\/#breadcrumb","itemListElement":[{"@type":"ListItem","position":1,"name":"Home","item":"https:\/\/constanceluzzati.com\/"},{"@type":"ListItem","position":2,"name":"R\u00e9pertoire et programmes","item":"https:\/\/constanceluzzati.com\/index.php\/repertoire\/"},{"@type":"ListItem","position":3,"name":"R\u00e9pertoire original pour harpes"}]},{"@type":"WebSite","@id":"https:\/\/constanceluzzati.com\/#website","url":"https:\/\/constanceluzzati.com\/","name":"Constance Luzzati","description":"harpiste, musicologue","potentialAction":[{"@type":"SearchAction","target":{"@type":"EntryPoint","urlTemplate":"https:\/\/constanceluzzati.com\/?s={search_term_string}"},"query-input":{"@type":"PropertyValueSpecification","valueRequired":true,"valueName":"search_term_string"}}],"inLanguage":"fr-FR"}]}},"jetpack_sharing_enabled":true,"uagb_featured_image_src":{"full":false,"thumbnail":false,"medium":false,"medium_large":false,"large":false,"1536x1536":false,"2048x2048":false},"uagb_author_info":{"display_name":"cladmin","author_link":"https:\/\/constanceluzzati.com\/index.php\/author\/cladmin\/"},"uagb_comment_info":0,"uagb_excerpt":"\u0152uvres originales et transcriptions \u00e9dit\u00e9es Gilbert AMY,\u00a0En Harmonies Luciano BERIO,\u00a0Sequenza per arpa sola Benjamin BRITTEN,\u00a0Suite for harp Andr\u00e9 CAPLET,\u00a0Divertissements (\u00e0 [&hellip;]","_links":{"self":[{"href":"https:\/\/constanceluzzati.com\/index.php\/wp-json\/wp\/v2\/pages\/251"}],"collection":[{"href":"https:\/\/constanceluzzati.com\/index.php\/wp-json\/wp\/v2\/pages"}],"about":[{"href":"https:\/\/constanceluzzati.com\/index.php\/wp-json\/wp\/v2\/types\/page"}],"author":[{"embeddable":true,"href":"https:\/\/constanceluzzati.com\/index.php\/wp-json\/wp\/v2\/users\/1"}],"replies":[{"embeddable":true,"href":"https:\/\/constanceluzzati.com\/index.php\/wp-json\/wp\/v2\/comments?post=251"}],"version-history":[{"count":2,"href":"https:\/\/constanceluzzati.com\/index.php\/wp-json\/wp\/v2\/pages\/251\/revisions"}],"predecessor-version":[{"id":671,"href":"https:\/\/constanceluzzati.com\/index.php\/wp-json\/wp\/v2\/pages\/251\/revisions\/671"}],"up":[{"embeddable":true,"href":"https:\/\/constanceluzzati.com\/index.php\/wp-json\/wp\/v2\/pages\/97"}],"wp:attachment":[{"href":"https:\/\/constanceluzzati.com\/index.php\/wp-json\/wp\/v2\/media?parent=251"}],"curies":[{"name":"wp","href":"https:\/\/api.w.org\/{rel}","templated":true}]}}