{"id":244,"date":"2019-04-03T12:30:49","date_gmt":"2019-04-03T10:30:49","guid":{"rendered":"http:\/\/constanceluzzati.com\/?page_id=244"},"modified":"2020-12-08T10:16:35","modified_gmt":"2020-12-08T09:16:35","slug":"musique-ancienne","status":"publish","type":"page","link":"https:\/\/constanceluzzati.com\/index.php\/repertoire\/musique-ancienne\/","title":{"rendered":"Musique ancienne"},"content":{"rendered":"\n<h3 class=\"wp-block-heading\">Transcriptions \u00e9dit\u00e9es et \u0153uvres originales<\/h3>\n\n\n\n<p>Carl Philipp Emanuel BACH,&nbsp;<em>Sonate pour harpe<\/em><\/p>\n\n\n\n<p>Jean-S\u00e9bastien BACH<\/p>\n\n\n\n<ul class=\"wp-block-list\"><li><em>Suite pour luth BWV 996<\/em><\/li><li><\/li><li><em>Suite pour luth BWV 997<\/em><\/li><\/ul>\n\n\n\n<p>Johann L. DUSSEK,&nbsp;<em>Sonate en do mineur<\/em><\/p>\n\n\n\n<p>Georg-Friedrich HAENDEL,&nbsp;<em>Concerto&nbsp;<\/em><\/p>\n\n\n\n<p>Alonso de MUDARRA,&nbsp;<em>Fantasia que contrahaze la arpa en la manera de ludovico<\/em><\/p>\n\n\n\n<p>Giovanni Battista PESCETTI,&nbsp;<em>Sonate en do mineur<\/em><\/p>\n\n\n\n<h3 class=\"wp-block-heading\">Transcriptions C. Luzzati (originaux pour clavecin)<\/h3>\n\n\n\n<p>Jean-S\u00e9bastien BACH,&nbsp;<em>Premi\u00e8re partita<\/em><\/p>\n\n\n\n<p>Louis COUPERIN,&nbsp;<em>Suite en sol<\/em><\/p>\n\n\n\n<p>Fran\u00e7ois COUPERIN<\/p>\n\n\n\n<ul class=\"wp-block-list\"><li><em>Troisi\u00e8me ordre&nbsp;:<\/em><ul><li><em>La T\u00e9n\u00e9breuse (allemande)<\/em><\/li><li><em>Seconde courante<\/em><\/li><li><em>La Lugubre (sarabande)<\/em><\/li><li><em>Menuet<\/em><\/li><li><em>Les Regrets<\/em><\/li><li><em>La Favorite (chaconne)<\/em><\/li><\/ul><\/li><li><em>Sixi\u00e8me ordre&nbsp;:<\/em><ul><li><em>Les Barricades myst\u00e9rieuses<\/em><\/li><\/ul><\/li><\/ul>\n\n\n\n<p>Jacques DUPHLY<\/p>\n\n\n\n<ul class=\"wp-block-list\"><li><em>Troisi\u00e8me livre de pi\u00e8ces de clavecin&nbsp;:<\/em><ul><li><em>La Forqueray<\/em><\/li><li><em>Chaconne<\/em><\/li><li><em>M\u00e9d\u00e9e<\/em><\/li><li><em>Les Graces<\/em><\/li><\/ul><\/li><li><em>Quatri\u00e8me livre de pi\u00e8ces de clavecin&nbsp;:<\/em><ul><li><em>La Felix<\/em><\/li><\/ul><\/li><\/ul>\n\n\n\n<p>Girolamo FRESCOBALDI,&nbsp;<em>Cento partite sopra passacagli<\/em><\/p>\n\n\n\n<p>Johann Jacob FROBERGER,&nbsp;<em>Lamentation faite sur la mort tr\u00e8s douloureuse de Sa Majest\u00e9 Imp\u00e9riale Ferdinand le troisi\u00e8me<\/em><\/p>\n\n\n\n<p>Jean-Philippe RAMEAU<\/p>\n\n\n\n<ul class=\"wp-block-list\"><li><em>Pi\u00e8ces de clavecin&nbsp;:<\/em><ul><li><em>Le Rappel des oiseaux<\/em><\/li><li><em>La Villageoise<\/em><\/li><li><em>Tendres plaintes<\/em><\/li><li><em>Les Soupirs<\/em><\/li><li><em>L\u2019Entretien des muses<\/em><\/li><li><em>Les Cyclopes<\/em><\/li><\/ul><\/li><li><em>Nouvelles Suites de pi\u00e8ces de clavecin&nbsp;:<\/em><ul><li><em>Allemande<\/em><\/li><li><em>Courante<\/em><\/li><li><em>Sarabande<\/em><\/li><li><em>Les Trois mains<\/em><\/li><li><em>Gavotte<\/em><\/li><li><em>Doubles de la Gavotte<\/em><\/li><li><em>La Poule<\/em><\/li><li><em>Les Sauvages<\/em><\/li><li><em>L\u2019Enharmonique<\/em><\/li><li><em>L\u2019Egyptienne<\/em><\/li><li><em>La Dauphine<\/em><\/li><\/ul><\/li><\/ul>\n\n\n\n<p>Pancrace ROYER<\/p>\n\n\n\n<ul class=\"wp-block-list\"><li><em>L\u2019incertaine<\/em><\/li><li><em>L\u2019aimable<\/em><\/li><li><em>Les Tendres sentiments<\/em><\/li><li><em>Le Vertigo<\/em><\/li><li><em>La Sensible<\/em><\/li><li><em>La Marche des scythes<\/em><\/li><\/ul>\n\n\n\n<p>Domenico SCARLATTI,&nbsp;<em>Sonates K.9 et K.10<\/em><\/p>\n","protected":false},"excerpt":{"rendered":"<p>Transcriptions \u00e9dit\u00e9es et \u0153uvres originales Carl Philipp Emanuel BACH,&nbsp;Sonate pour harpe Jean-S\u00e9bastien BACH Suite pour luth BWV 996 Suite pour [&hellip;]<\/p>\n","protected":false},"author":1,"featured_media":0,"parent":97,"menu_order":0,"comment_status":"closed","ping_status":"closed","template":"","meta":{"_uag_custom_page_level_css":"","_monsterinsights_skip_tracking":false,"_monsterinsights_sitenote_active":false,"_monsterinsights_sitenote_note":"","_monsterinsights_sitenote_category":0,"site-sidebar-layout":"default","site-content-layout":"","ast-site-content-layout":"","site-content-style":"default","site-sidebar-style":"default","ast-global-header-display":"","ast-banner-title-visibility":"","ast-main-header-display":"","ast-hfb-above-header-display":"","ast-hfb-below-header-display":"","ast-hfb-mobile-header-display":"","site-post-title":"","ast-breadcrumbs-content":"","ast-featured-img":"","footer-sml-layout":"","theme-transparent-header-meta":"","adv-header-id-meta":"","stick-header-meta":"","header-above-stick-meta":"","header-main-stick-meta":"","header-below-stick-meta":"","astra-migrate-meta-layouts":"default","ast-page-background-enabled":"default","ast-page-background-meta":{"desktop":{"background-color":"var(--ast-global-color-4)","background-image":"","background-repeat":"repeat","background-position":"center center","background-size":"auto","background-attachment":"scroll","background-type":"","background-media":"","overlay-type":"","overlay-color":"","overlay-opacity":"","overlay-gradient":""},"tablet":{"background-color":"","background-image":"","background-repeat":"repeat","background-position":"center center","background-size":"auto","background-attachment":"scroll","background-type":"","background-media":"","overlay-type":"","overlay-color":"","overlay-opacity":"","overlay-gradient":""},"mobile":{"background-color":"","background-image":"","background-repeat":"repeat","background-position":"center center","background-size":"auto","background-attachment":"scroll","background-type":"","background-media":"","overlay-type":"","overlay-color":"","overlay-opacity":"","overlay-gradient":""}},"ast-content-background-meta":{"desktop":{"background-color":"var(--ast-global-color-5)","background-image":"","background-repeat":"repeat","background-position":"center center","background-size":"auto","background-attachment":"scroll","background-type":"","background-media":"","overlay-type":"","overlay-color":"","overlay-opacity":"","overlay-gradient":""},"tablet":{"background-color":"var(--ast-global-color-5)","background-image":"","background-repeat":"repeat","background-position":"center center","background-size":"auto","background-attachment":"scroll","background-type":"","background-media":"","overlay-type":"","overlay-color":"","overlay-opacity":"","overlay-gradient":""},"mobile":{"background-color":"var(--ast-global-color-5)","background-image":"","background-repeat":"repeat","background-position":"center center","background-size":"auto","background-attachment":"scroll","background-type":"","background-media":"","overlay-type":"","overlay-color":"","overlay-opacity":"","overlay-gradient":""}},"footnotes":""},"class_list":["post-244","page","type-page","status-publish","hentry"],"yoast_head":"<!-- This site is optimized with the Yoast SEO plugin v25.2 - https:\/\/yoast.com\/wordpress\/plugins\/seo\/ -->\n<title>Musique ancienne - Constance Luzzati<\/title>\n<meta name=\"robots\" content=\"index, follow, max-snippet:-1, max-image-preview:large, max-video-preview:-1\" \/>\n<link rel=\"canonical\" href=\"https:\/\/constanceluzzati.com\/index.php\/repertoire\/musique-ancienne\/\" \/>\n<meta property=\"og:locale\" content=\"fr_FR\" \/>\n<meta property=\"og:type\" content=\"article\" \/>\n<meta property=\"og:title\" content=\"Musique ancienne - Constance Luzzati\" \/>\n<meta property=\"og:description\" content=\"Transcriptions \u00e9dit\u00e9es et \u0153uvres originales Carl Philipp Emanuel BACH,&nbsp;Sonate pour harpe Jean-S\u00e9bastien BACH Suite pour luth BWV 996 Suite pour [&hellip;]\" \/>\n<meta property=\"og:url\" content=\"https:\/\/constanceluzzati.com\/index.php\/repertoire\/musique-ancienne\/\" \/>\n<meta property=\"og:site_name\" content=\"Constance Luzzati\" \/>\n<meta property=\"article:modified_time\" content=\"2020-12-08T09:16:35+00:00\" \/>\n<meta name=\"twitter:card\" content=\"summary_large_image\" \/>\n<meta name=\"twitter:label1\" content=\"Dur\u00e9e de lecture estim\u00e9e\" \/>\n\t<meta name=\"twitter:data1\" content=\"1 minute\" \/>\n<script type=\"application\/ld+json\" class=\"yoast-schema-graph\">{\"@context\":\"https:\/\/schema.org\",\"@graph\":[{\"@type\":\"WebPage\",\"@id\":\"https:\/\/constanceluzzati.com\/index.php\/repertoire\/musique-ancienne\/\",\"url\":\"https:\/\/constanceluzzati.com\/index.php\/repertoire\/musique-ancienne\/\",\"name\":\"Musique ancienne - Constance Luzzati\",\"isPartOf\":{\"@id\":\"https:\/\/constanceluzzati.com\/#website\"},\"datePublished\":\"2019-04-03T10:30:49+00:00\",\"dateModified\":\"2020-12-08T09:16:35+00:00\",\"breadcrumb\":{\"@id\":\"https:\/\/constanceluzzati.com\/index.php\/repertoire\/musique-ancienne\/#breadcrumb\"},\"inLanguage\":\"fr-FR\",\"potentialAction\":[{\"@type\":\"ReadAction\",\"target\":[\"https:\/\/constanceluzzati.com\/index.php\/repertoire\/musique-ancienne\/\"]}]},{\"@type\":\"BreadcrumbList\",\"@id\":\"https:\/\/constanceluzzati.com\/index.php\/repertoire\/musique-ancienne\/#breadcrumb\",\"itemListElement\":[{\"@type\":\"ListItem\",\"position\":1,\"name\":\"Home\",\"item\":\"https:\/\/constanceluzzati.com\/\"},{\"@type\":\"ListItem\",\"position\":2,\"name\":\"R\u00e9pertoire et programmes\",\"item\":\"https:\/\/constanceluzzati.com\/index.php\/repertoire\/\"},{\"@type\":\"ListItem\",\"position\":3,\"name\":\"Musique ancienne\"}]},{\"@type\":\"WebSite\",\"@id\":\"https:\/\/constanceluzzati.com\/#website\",\"url\":\"https:\/\/constanceluzzati.com\/\",\"name\":\"Constance Luzzati\",\"description\":\"harpiste, musicologue\",\"potentialAction\":[{\"@type\":\"SearchAction\",\"target\":{\"@type\":\"EntryPoint\",\"urlTemplate\":\"https:\/\/constanceluzzati.com\/?s={search_term_string}\"},\"query-input\":{\"@type\":\"PropertyValueSpecification\",\"valueRequired\":true,\"valueName\":\"search_term_string\"}}],\"inLanguage\":\"fr-FR\"}]}<\/script>\n<!-- \/ Yoast SEO plugin. -->","yoast_head_json":{"title":"Musique ancienne - Constance Luzzati","robots":{"index":"index","follow":"follow","max-snippet":"max-snippet:-1","max-image-preview":"max-image-preview:large","max-video-preview":"max-video-preview:-1"},"canonical":"https:\/\/constanceluzzati.com\/index.php\/repertoire\/musique-ancienne\/","og_locale":"fr_FR","og_type":"article","og_title":"Musique ancienne - Constance Luzzati","og_description":"Transcriptions \u00e9dit\u00e9es et \u0153uvres originales Carl Philipp Emanuel BACH,&nbsp;Sonate pour harpe Jean-S\u00e9bastien BACH Suite pour luth BWV 996 Suite pour [&hellip;]","og_url":"https:\/\/constanceluzzati.com\/index.php\/repertoire\/musique-ancienne\/","og_site_name":"Constance Luzzati","article_modified_time":"2020-12-08T09:16:35+00:00","twitter_card":"summary_large_image","twitter_misc":{"Dur\u00e9e de lecture estim\u00e9e":"1 minute"},"schema":{"@context":"https:\/\/schema.org","@graph":[{"@type":"WebPage","@id":"https:\/\/constanceluzzati.com\/index.php\/repertoire\/musique-ancienne\/","url":"https:\/\/constanceluzzati.com\/index.php\/repertoire\/musique-ancienne\/","name":"Musique ancienne - Constance Luzzati","isPartOf":{"@id":"https:\/\/constanceluzzati.com\/#website"},"datePublished":"2019-04-03T10:30:49+00:00","dateModified":"2020-12-08T09:16:35+00:00","breadcrumb":{"@id":"https:\/\/constanceluzzati.com\/index.php\/repertoire\/musique-ancienne\/#breadcrumb"},"inLanguage":"fr-FR","potentialAction":[{"@type":"ReadAction","target":["https:\/\/constanceluzzati.com\/index.php\/repertoire\/musique-ancienne\/"]}]},{"@type":"BreadcrumbList","@id":"https:\/\/constanceluzzati.com\/index.php\/repertoire\/musique-ancienne\/#breadcrumb","itemListElement":[{"@type":"ListItem","position":1,"name":"Home","item":"https:\/\/constanceluzzati.com\/"},{"@type":"ListItem","position":2,"name":"R\u00e9pertoire et programmes","item":"https:\/\/constanceluzzati.com\/index.php\/repertoire\/"},{"@type":"ListItem","position":3,"name":"Musique ancienne"}]},{"@type":"WebSite","@id":"https:\/\/constanceluzzati.com\/#website","url":"https:\/\/constanceluzzati.com\/","name":"Constance Luzzati","description":"harpiste, musicologue","potentialAction":[{"@type":"SearchAction","target":{"@type":"EntryPoint","urlTemplate":"https:\/\/constanceluzzati.com\/?s={search_term_string}"},"query-input":{"@type":"PropertyValueSpecification","valueRequired":true,"valueName":"search_term_string"}}],"inLanguage":"fr-FR"}]}},"jetpack_sharing_enabled":true,"uagb_featured_image_src":{"full":false,"thumbnail":false,"medium":false,"medium_large":false,"large":false,"1536x1536":false,"2048x2048":false},"uagb_author_info":{"display_name":"cladmin","author_link":"https:\/\/constanceluzzati.com\/index.php\/author\/cladmin\/"},"uagb_comment_info":0,"uagb_excerpt":"Transcriptions \u00e9dit\u00e9es et \u0153uvres originales Carl Philipp Emanuel BACH,&nbsp;Sonate pour harpe Jean-S\u00e9bastien BACH Suite pour luth BWV 996 Suite pour [&hellip;]","_links":{"self":[{"href":"https:\/\/constanceluzzati.com\/index.php\/wp-json\/wp\/v2\/pages\/244"}],"collection":[{"href":"https:\/\/constanceluzzati.com\/index.php\/wp-json\/wp\/v2\/pages"}],"about":[{"href":"https:\/\/constanceluzzati.com\/index.php\/wp-json\/wp\/v2\/types\/page"}],"author":[{"embeddable":true,"href":"https:\/\/constanceluzzati.com\/index.php\/wp-json\/wp\/v2\/users\/1"}],"replies":[{"embeddable":true,"href":"https:\/\/constanceluzzati.com\/index.php\/wp-json\/wp\/v2\/comments?post=244"}],"version-history":[{"count":2,"href":"https:\/\/constanceluzzati.com\/index.php\/wp-json\/wp\/v2\/pages\/244\/revisions"}],"predecessor-version":[{"id":672,"href":"https:\/\/constanceluzzati.com\/index.php\/wp-json\/wp\/v2\/pages\/244\/revisions\/672"}],"up":[{"embeddable":true,"href":"https:\/\/constanceluzzati.com\/index.php\/wp-json\/wp\/v2\/pages\/97"}],"wp:attachment":[{"href":"https:\/\/constanceluzzati.com\/index.php\/wp-json\/wp\/v2\/media?parent=244"}],"curies":[{"name":"wp","href":"https:\/\/api.w.org\/{rel}","templated":true}]}}