{"id":170,"date":"2019-04-01T11:33:00","date_gmt":"2019-04-01T09:33:00","guid":{"rendered":"http:\/\/constanceluzzati.com\/?page_id=170"},"modified":"2019-04-01T11:34:10","modified_gmt":"2019-04-01T09:34:10","slug":"le-salon-de-musique-de-marie-antoinette","status":"publish","type":"page","link":"https:\/\/constanceluzzati.com\/index.php\/video\/le-salon-de-musique-de-marie-antoinette\/","title":{"rendered":"Le Salon de musique de Marie-Antoinette"},"content":{"rendered":"\n<figure class=\"wp-block-embed-youtube wp-block-embed is-type-video is-provider-youtube wp-embed-aspect-16-9 wp-has-aspect-ratio\"><div class=\"wp-block-embed__wrapper\">\n<div class=\"ast-oembed-container \" style=\"height: 100%;\"><iframe loading=\"lazy\" title=\"Le salon de musique de Marie Antoinette\" width=\"500\" height=\"281\" src=\"https:\/\/www.youtube.com\/embed\/FheDez76Vec?start=110&#038;feature=oembed\" frameborder=\"0\" allow=\"accelerometer; autoplay; clipboard-write; encrypted-media; gyroscope; picture-in-picture; web-share\" referrerpolicy=\"strict-origin-when-cross-origin\" allowfullscreen><\/iframe><\/div>\n<\/div><\/figure>\n\n\n\n<p>Romances et airs de Gr\u00e9try, Marie-Antoinette, Gl\u00fcck.<\/p>\n\n\n\n<p>Conf\u00e9rence de Marianne Vourch, Avec Muriel Montel, chant, et St\u00e9phanie Schillinger, traverso.<\/p>\n\n\n\n<p>Coll\u00e8ge des Bernardins, Paris, 2018<\/p>\n\n\n\n<p><a href=\"https:\/\/www.collegedesbernardins.fr\/art-et-culture\">https:\/\/www.collegedesbernardins.fr\/art-et-culture<\/a><\/p>\n","protected":false},"excerpt":{"rendered":"<p>Romances et airs de Gr\u00e9try, Marie-Antoinette, Gl\u00fcck. Conf\u00e9rence de Marianne Vourch, Avec Muriel Montel, chant, et St\u00e9phanie Schillinger, traverso. Coll\u00e8ge [&hellip;]<\/p>\n","protected":false},"author":1,"featured_media":0,"parent":87,"menu_order":0,"comment_status":"closed","ping_status":"closed","template":"","meta":{"_uag_custom_page_level_css":"","_monsterinsights_skip_tracking":false,"_monsterinsights_sitenote_active":false,"_monsterinsights_sitenote_note":"","_monsterinsights_sitenote_category":0,"site-sidebar-layout":"default","site-content-layout":"","ast-site-content-layout":"","site-content-style":"default","site-sidebar-style":"default","ast-global-header-display":"","ast-banner-title-visibility":"","ast-main-header-display":"","ast-hfb-above-header-display":"","ast-hfb-below-header-display":"","ast-hfb-mobile-header-display":"","site-post-title":"","ast-breadcrumbs-content":"","ast-featured-img":"","footer-sml-layout":"","theme-transparent-header-meta":"","adv-header-id-meta":"","stick-header-meta":"","header-above-stick-meta":"","header-main-stick-meta":"","header-below-stick-meta":"","astra-migrate-meta-layouts":"default","ast-page-background-enabled":"default","ast-page-background-meta":{"desktop":{"background-color":"var(--ast-global-color-4)","background-image":"","background-repeat":"repeat","background-position":"center center","background-size":"auto","background-attachment":"scroll","background-type":"","background-media":"","overlay-type":"","overlay-color":"","overlay-opacity":"","overlay-gradient":""},"tablet":{"background-color":"","background-image":"","background-repeat":"repeat","background-position":"center center","background-size":"auto","background-attachment":"scroll","background-type":"","background-media":"","overlay-type":"","overlay-color":"","overlay-opacity":"","overlay-gradient":""},"mobile":{"background-color":"","background-image":"","background-repeat":"repeat","background-position":"center center","background-size":"auto","background-attachment":"scroll","background-type":"","background-media":"","overlay-type":"","overlay-color":"","overlay-opacity":"","overlay-gradient":""}},"ast-content-background-meta":{"desktop":{"background-color":"var(--ast-global-color-5)","background-image":"","background-repeat":"repeat","background-position":"center center","background-size":"auto","background-attachment":"scroll","background-type":"","background-media":"","overlay-type":"","overlay-color":"","overlay-opacity":"","overlay-gradient":""},"tablet":{"background-color":"var(--ast-global-color-5)","background-image":"","background-repeat":"repeat","background-position":"center center","background-size":"auto","background-attachment":"scroll","background-type":"","background-media":"","overlay-type":"","overlay-color":"","overlay-opacity":"","overlay-gradient":""},"mobile":{"background-color":"var(--ast-global-color-5)","background-image":"","background-repeat":"repeat","background-position":"center center","background-size":"auto","background-attachment":"scroll","background-type":"","background-media":"","overlay-type":"","overlay-color":"","overlay-opacity":"","overlay-gradient":""}},"footnotes":""},"class_list":["post-170","page","type-page","status-publish","hentry"],"yoast_head":"<!-- This site is optimized with the Yoast SEO plugin v25.2 - https:\/\/yoast.com\/wordpress\/plugins\/seo\/ -->\n<title>Le Salon de musique de Marie-Antoinette - Constance Luzzati<\/title>\n<meta name=\"robots\" content=\"index, follow, max-snippet:-1, max-image-preview:large, max-video-preview:-1\" \/>\n<link rel=\"canonical\" href=\"https:\/\/constanceluzzati.com\/index.php\/video\/le-salon-de-musique-de-marie-antoinette\/\" \/>\n<meta property=\"og:locale\" content=\"fr_FR\" \/>\n<meta property=\"og:type\" content=\"article\" \/>\n<meta property=\"og:title\" content=\"Le Salon de musique de Marie-Antoinette - Constance Luzzati\" \/>\n<meta property=\"og:description\" content=\"Romances et airs de Gr\u00e9try, Marie-Antoinette, Gl\u00fcck. Conf\u00e9rence de Marianne Vourch, Avec Muriel Montel, chant, et St\u00e9phanie Schillinger, traverso. Coll\u00e8ge [&hellip;]\" \/>\n<meta property=\"og:url\" content=\"https:\/\/constanceluzzati.com\/index.php\/video\/le-salon-de-musique-de-marie-antoinette\/\" \/>\n<meta property=\"og:site_name\" content=\"Constance Luzzati\" \/>\n<meta property=\"article:modified_time\" content=\"2019-04-01T09:34:10+00:00\" \/>\n<meta name=\"twitter:card\" content=\"summary_large_image\" \/>\n<script type=\"application\/ld+json\" class=\"yoast-schema-graph\">{\"@context\":\"https:\/\/schema.org\",\"@graph\":[{\"@type\":\"WebPage\",\"@id\":\"https:\/\/constanceluzzati.com\/index.php\/video\/le-salon-de-musique-de-marie-antoinette\/\",\"url\":\"https:\/\/constanceluzzati.com\/index.php\/video\/le-salon-de-musique-de-marie-antoinette\/\",\"name\":\"Le Salon de musique de Marie-Antoinette - Constance Luzzati\",\"isPartOf\":{\"@id\":\"https:\/\/constanceluzzati.com\/#website\"},\"datePublished\":\"2019-04-01T09:33:00+00:00\",\"dateModified\":\"2019-04-01T09:34:10+00:00\",\"breadcrumb\":{\"@id\":\"https:\/\/constanceluzzati.com\/index.php\/video\/le-salon-de-musique-de-marie-antoinette\/#breadcrumb\"},\"inLanguage\":\"fr-FR\",\"potentialAction\":[{\"@type\":\"ReadAction\",\"target\":[\"https:\/\/constanceluzzati.com\/index.php\/video\/le-salon-de-musique-de-marie-antoinette\/\"]}]},{\"@type\":\"BreadcrumbList\",\"@id\":\"https:\/\/constanceluzzati.com\/index.php\/video\/le-salon-de-musique-de-marie-antoinette\/#breadcrumb\",\"itemListElement\":[{\"@type\":\"ListItem\",\"position\":1,\"name\":\"Home\",\"item\":\"https:\/\/constanceluzzati.com\/\"},{\"@type\":\"ListItem\",\"position\":2,\"name\":\"Vid\u00e9o\",\"item\":\"https:\/\/constanceluzzati.com\/?page_id=87\"},{\"@type\":\"ListItem\",\"position\":3,\"name\":\"Le Salon de musique de Marie-Antoinette\"}]},{\"@type\":\"WebSite\",\"@id\":\"https:\/\/constanceluzzati.com\/#website\",\"url\":\"https:\/\/constanceluzzati.com\/\",\"name\":\"Constance Luzzati\",\"description\":\"harpiste, musicologue\",\"potentialAction\":[{\"@type\":\"SearchAction\",\"target\":{\"@type\":\"EntryPoint\",\"urlTemplate\":\"https:\/\/constanceluzzati.com\/?s={search_term_string}\"},\"query-input\":{\"@type\":\"PropertyValueSpecification\",\"valueRequired\":true,\"valueName\":\"search_term_string\"}}],\"inLanguage\":\"fr-FR\"}]}<\/script>\n<!-- \/ Yoast SEO plugin. -->","yoast_head_json":{"title":"Le Salon de musique de Marie-Antoinette - Constance Luzzati","robots":{"index":"index","follow":"follow","max-snippet":"max-snippet:-1","max-image-preview":"max-image-preview:large","max-video-preview":"max-video-preview:-1"},"canonical":"https:\/\/constanceluzzati.com\/index.php\/video\/le-salon-de-musique-de-marie-antoinette\/","og_locale":"fr_FR","og_type":"article","og_title":"Le Salon de musique de Marie-Antoinette - Constance Luzzati","og_description":"Romances et airs de Gr\u00e9try, Marie-Antoinette, Gl\u00fcck. Conf\u00e9rence de Marianne Vourch, Avec Muriel Montel, chant, et St\u00e9phanie Schillinger, traverso. Coll\u00e8ge [&hellip;]","og_url":"https:\/\/constanceluzzati.com\/index.php\/video\/le-salon-de-musique-de-marie-antoinette\/","og_site_name":"Constance Luzzati","article_modified_time":"2019-04-01T09:34:10+00:00","twitter_card":"summary_large_image","schema":{"@context":"https:\/\/schema.org","@graph":[{"@type":"WebPage","@id":"https:\/\/constanceluzzati.com\/index.php\/video\/le-salon-de-musique-de-marie-antoinette\/","url":"https:\/\/constanceluzzati.com\/index.php\/video\/le-salon-de-musique-de-marie-antoinette\/","name":"Le Salon de musique de Marie-Antoinette - Constance Luzzati","isPartOf":{"@id":"https:\/\/constanceluzzati.com\/#website"},"datePublished":"2019-04-01T09:33:00+00:00","dateModified":"2019-04-01T09:34:10+00:00","breadcrumb":{"@id":"https:\/\/constanceluzzati.com\/index.php\/video\/le-salon-de-musique-de-marie-antoinette\/#breadcrumb"},"inLanguage":"fr-FR","potentialAction":[{"@type":"ReadAction","target":["https:\/\/constanceluzzati.com\/index.php\/video\/le-salon-de-musique-de-marie-antoinette\/"]}]},{"@type":"BreadcrumbList","@id":"https:\/\/constanceluzzati.com\/index.php\/video\/le-salon-de-musique-de-marie-antoinette\/#breadcrumb","itemListElement":[{"@type":"ListItem","position":1,"name":"Home","item":"https:\/\/constanceluzzati.com\/"},{"@type":"ListItem","position":2,"name":"Vid\u00e9o","item":"https:\/\/constanceluzzati.com\/?page_id=87"},{"@type":"ListItem","position":3,"name":"Le Salon de musique de Marie-Antoinette"}]},{"@type":"WebSite","@id":"https:\/\/constanceluzzati.com\/#website","url":"https:\/\/constanceluzzati.com\/","name":"Constance Luzzati","description":"harpiste, musicologue","potentialAction":[{"@type":"SearchAction","target":{"@type":"EntryPoint","urlTemplate":"https:\/\/constanceluzzati.com\/?s={search_term_string}"},"query-input":{"@type":"PropertyValueSpecification","valueRequired":true,"valueName":"search_term_string"}}],"inLanguage":"fr-FR"}]}},"jetpack_sharing_enabled":true,"uagb_featured_image_src":{"full":false,"thumbnail":false,"medium":false,"medium_large":false,"large":false,"1536x1536":false,"2048x2048":false},"uagb_author_info":{"display_name":"cladmin","author_link":"https:\/\/constanceluzzati.com\/index.php\/author\/cladmin\/"},"uagb_comment_info":0,"uagb_excerpt":"Romances et airs de Gr\u00e9try, Marie-Antoinette, Gl\u00fcck. Conf\u00e9rence de Marianne Vourch, Avec Muriel Montel, chant, et St\u00e9phanie Schillinger, traverso. Coll\u00e8ge [&hellip;]","_links":{"self":[{"href":"https:\/\/constanceluzzati.com\/index.php\/wp-json\/wp\/v2\/pages\/170"}],"collection":[{"href":"https:\/\/constanceluzzati.com\/index.php\/wp-json\/wp\/v2\/pages"}],"about":[{"href":"https:\/\/constanceluzzati.com\/index.php\/wp-json\/wp\/v2\/types\/page"}],"author":[{"embeddable":true,"href":"https:\/\/constanceluzzati.com\/index.php\/wp-json\/wp\/v2\/users\/1"}],"replies":[{"embeddable":true,"href":"https:\/\/constanceluzzati.com\/index.php\/wp-json\/wp\/v2\/comments?post=170"}],"version-history":[{"count":2,"href":"https:\/\/constanceluzzati.com\/index.php\/wp-json\/wp\/v2\/pages\/170\/revisions"}],"predecessor-version":[{"id":173,"href":"https:\/\/constanceluzzati.com\/index.php\/wp-json\/wp\/v2\/pages\/170\/revisions\/173"}],"up":[{"embeddable":true,"href":"https:\/\/constanceluzzati.com\/index.php\/wp-json\/wp\/v2\/pages\/87"}],"wp:attachment":[{"href":"https:\/\/constanceluzzati.com\/index.php\/wp-json\/wp\/v2\/media?parent=170"}],"curies":[{"name":"wp","href":"https:\/\/api.w.org\/{rel}","templated":true}]}}